{"id":8400,"date":"2026-04-23T11:20:16","date_gmt":"2026-04-23T14:20:16","guid":{"rendered":"https:\/\/proppg.unilab.edu.br\/?page_id=8400"},"modified":"2026-04-23T11:36:50","modified_gmt":"2026-04-23T14:36:50","slug":"contatos","status":"publish","type":"page","link":"https:\/\/proppg.unilab.edu.br\/index.php\/contatos\/","title":{"rendered":"Contatos"},"content":{"rendered":"<h1>Pr\u00f3-Reitoria de Pesquisa, P\u00f3s-gradua\u00e7\u00e3o e Inova\u00e7\u00e3o<\/h1>\n<p>&nbsp;<\/p>\n<h2><strong>Gabinete<\/strong><\/h2>\n<p>E-mail: <a href=\"mailto:proppgi@unilab.edu.br\">proppgi@unilab.edu.br<\/a><\/p>\n<p>Telefone: (85) 2222.0875<\/p>\n<p>&nbsp;<\/p>\n<hr \/>\n<h2><\/h2>\n<h2><strong>Coordena\u00e7\u00e3o de Pesquisa<\/strong><\/h2>\n<p>E-mail: <a href=\"mailto:cpq@unilab.edu.br\">cpq@unilab.edu.br<\/a> \/ <a href=\"mailto:pibic@unilab.edu.br\">pibic@unilab.edu.br<\/a> \/ <a href=\"mailto:pesquisafluxocontinuo@unilab.edu.br\">pesquisafluxocontinuo@unilab.edu.br<\/a><\/p>\n<p>&nbsp;<\/p>\n<hr \/>\n<h2><\/h2>\n<h2><strong>Coordena\u00e7\u00e3o de P\u00f3s-gradua\u00e7\u00e3o<\/strong><\/h2>\n<p>E-mail: <a href=\"mailto:cpg@unilab.edu.br\">cpg@unilab.edu.br<\/a><\/p>\n<p>&nbsp;<\/p>\n<hr \/>\n<h2><\/h2>\n<h2><strong>Coordena\u00e7\u00e3o de Inova\u00e7\u00e3o Tecnol\u00f3gica<\/strong><\/h2>\n<p>E-mail: <a href=\"mailto:cit@unilab.edu.br\">cit@unilab.edu.br<\/a><\/p>\n<p>Telefone: (85) 2222.0872<\/p>\n<p>&nbsp;<\/p>\n<hr \/>\n<h2><\/h2>\n<h2><strong>Divis\u00e3o de Empreendedorismo e Incuba\u00e7\u00e3o de Empresas<\/strong><\/h2>\n<p>E-mail: <a href=\"mailto:dei@unilab.edu.br\">dei@unilab.edu.br<\/a><\/p>\n<p>&nbsp;<\/p>\n<hr \/>\n<h2><\/h2>\n<h2><strong>Divis\u00e3o de Assessoramento e Organiza\u00e7\u00e3o da Pesquisa\/Mal\u00eas<\/strong><\/h2>\n<p>E-mail: <a href=\"mailto:pesquisa.males@unilab.edu.br\">pesquisa.males@unilab.edu.br<\/a><\/p>\n<p>&nbsp;<\/p>\n<hr \/>\n<h2><\/h2>\n<h2><b>Hor\u00e1rios de funcionamento<\/b><\/h2>\n<p>Segunda a sexta, de 8h \u00e0s 12h e de 13h \u00e0s 17h<\/p>\n","protected":false},"excerpt":{"rendered":"<p>Pr\u00f3-Reitoria de Pesquisa, P\u00f3s-gradua\u00e7\u00e3o e Inova\u00e7\u00e3o &nbsp; Gabinete E-mail: proppgi@unilab.edu.br Telefone: (85) 2222.0875 &nbsp; Coordena\u00e7\u00e3o de Pesquisa E-mail: cpq@unilab.edu.br \/ pibic@unilab.edu.br \/ pesquisafluxocontinuo@unilab.edu.br &nbsp; Coordena\u00e7\u00e3o de P\u00f3s-gradua\u00e7\u00e3o E-mail: cpg@unilab.edu.br &nbsp; Coordena\u00e7\u00e3o de Inova\u00e7\u00e3o Tecnol\u00f3gica E-mail: cit@unilab.edu.br Telefone: (85) 2222.0872 &nbsp; Divis\u00e3o de Empreendedorismo e Incuba\u00e7\u00e3o de Empresas E-mail: dei@unilab.edu.br &nbsp; Divis\u00e3o de Assessoramento e Organiza\u00e7\u00e3o [&hellip;]<\/p>\n","protected":false},"author":101037,"featured_media":0,"parent":0,"menu_order":0,"comment_status":"closed","ping_status":"closed","template":"","meta":{"_uag_custom_page_level_css":"","footnotes":""},"class_list":["post-8400","page","type-page","status-publish","hentry"],"uagb_featured_image_src":{"full":false,"thumbnail":false,"medium":false,"medium_large":false,"large":false,"1536x1536":false,"2048x2048":false},"uagb_author_info":{"display_name":"Higo Nogueira","author_link":"https:\/\/proppg.unilab.edu.br\/index.php\/author\/higo-nogueira\/"},"uagb_comment_info":0,"uagb_excerpt":"Pr\u00f3-Reitoria de Pesquisa, P\u00f3s-gradua\u00e7\u00e3o e Inova\u00e7\u00e3o &nbsp; Gabinete E-mail: proppgi@unilab.edu.br Telefone: (85) 2222.0875 &nbsp; Coordena\u00e7\u00e3o de Pesquisa E-mail: cpq@unilab.edu.br \/ pibic@unilab.edu.br \/ pesquisafluxocontinuo@unilab.edu.br &nbsp; Coordena\u00e7\u00e3o de P\u00f3s-gradua\u00e7\u00e3o E-mail: cpg@unilab.edu.br &nbsp; Coordena\u00e7\u00e3o de Inova\u00e7\u00e3o Tecnol\u00f3gica E-mail: cit@unilab.edu.br Telefone: (85) 2222.0872 &nbsp; Divis\u00e3o de Empreendedorismo e Incuba\u00e7\u00e3o de Empresas E-mail: dei@unilab.edu.br &nbsp; Divis\u00e3o de Assessoramento e Organiza\u00e7\u00e3o&hellip;","_links":{"self":[{"href":"https:\/\/proppg.unilab.edu.br\/index.php\/wp-json\/wp\/v2\/pages\/8400","targetHints":{"allow":["GET"]}}],"collection":[{"href":"https:\/\/proppg.unilab.edu.br\/index.php\/wp-json\/wp\/v2\/pages"}],"about":[{"href":"https:\/\/proppg.unilab.edu.br\/index.php\/wp-json\/wp\/v2\/types\/page"}],"author":[{"embeddable":true,"href":"https:\/\/proppg.unilab.edu.br\/index.php\/wp-json\/wp\/v2\/users\/101037"}],"replies":[{"embeddable":true,"href":"https:\/\/proppg.unilab.edu.br\/index.php\/wp-json\/wp\/v2\/comments?post=8400"}],"version-history":[{"count":7,"href":"https:\/\/proppg.unilab.edu.br\/index.php\/wp-json\/wp\/v2\/pages\/8400\/revisions"}],"predecessor-version":[{"id":8409,"href":"https:\/\/proppg.unilab.edu.br\/index.php\/wp-json\/wp\/v2\/pages\/8400\/revisions\/8409"}],"wp:attachment":[{"href":"https:\/\/proppg.unilab.edu.br\/index.php\/wp-json\/wp\/v2\/media?parent=8400"}],"curies":[{"name":"wp","href":"https:\/\/api.w.org\/{rel}","templated":true}]}}