{"id":8384,"date":"2026-04-16T16:33:33","date_gmt":"2026-04-16T19:33:33","guid":{"rendered":"https:\/\/proppg.unilab.edu.br\/?page_id=8384"},"modified":"2026-04-16T16:33:33","modified_gmt":"2026-04-16T19:33:33","slug":"cpq","status":"publish","type":"page","link":"https:\/\/proppg.unilab.edu.br\/index.php\/cpq\/","title":{"rendered":"CPQ"},"content":{"rendered":"<p>A Coordena\u00e7\u00e3o de Pesquisa, unidade vinculada e subordinada \u00e0 Pr\u00f3-Reitoria de Pesquisa, P\u00f3s-Gradua\u00e7\u00e3o e Inova\u00e7\u00e3o (PROPPGI), tem como miss\u00e3o fomentar, articular e fortalecer a produ\u00e7\u00e3o cient\u00edfica e tecnol\u00f3gica institucional, promovendo o desenvolvimento do conhecimento em suas diversas \u00e1reas e contribuindo para o avan\u00e7o acad\u00eamico e social.<br \/>\nAtuando de forma integrada com os programas de p\u00f3s-gradua\u00e7\u00e3o, grupos de pesquisa e demais unidades acad\u00eamicas, a Coordena\u00e7\u00e3o de Pesquisa desenvolve a\u00e7\u00f5es voltadas ao incentivo \u00e0 inicia\u00e7\u00e3o cient\u00edfica, ao apoio \u00e0 execu\u00e7\u00e3o de projetos de pesquisa e \u00e0 consolida\u00e7\u00e3o de uma cultura investigativa pautada na \u00e9tica, na qualidade e na relev\u00e2ncia social.<br \/>\nEntre suas atribui\u00e7\u00f5es, destacam-se a gest\u00e3o de programas institucionais de pesquisa, o acompanhamento de indicadores de produ\u00e7\u00e3o cient\u00edfica, a promo\u00e7\u00e3o de editais de fomento e a orienta\u00e7\u00e3o quanto \u00e0s normas e diretrizes para o desenvolvimento de atividades de pesquisa.<br \/>\nA Coordena\u00e7\u00e3o tamb\u00e9m busca ampliar a visibilidade da produ\u00e7\u00e3o acad\u00eamica, estimular a interdisciplinaridade e fortalecer parcerias com institui\u00e7\u00f5es nacionais e internacionais, contribuindo para a inser\u00e7\u00e3o da institui\u00e7\u00e3o em redes de pesquisa e inova\u00e7\u00e3o.<br \/>\nComprometida com a excel\u00eancia, a Coordena\u00e7\u00e3o de Pesquisa atua como um elo estrat\u00e9gico para o desenvolvimento cient\u00edfico, tecnol\u00f3gico e inovador, apoiando pesquisadores e estudantes na constru\u00e7\u00e3o de solu\u00e7\u00f5es que impactem positivamente a sociedade.<\/p>\n","protected":false},"excerpt":{"rendered":"<p>A Coordena\u00e7\u00e3o de Pesquisa, unidade vinculada e subordinada \u00e0 Pr\u00f3-Reitoria de Pesquisa, P\u00f3s-Gradua\u00e7\u00e3o e Inova\u00e7\u00e3o (PROPPGI), tem como miss\u00e3o fomentar, articular e fortalecer a produ\u00e7\u00e3o cient\u00edfica e tecnol\u00f3gica institucional, promovendo o desenvolvimento do conhecimento em suas diversas \u00e1reas e contribuindo para o avan\u00e7o acad\u00eamico e social. Atuando de forma integrada com os programas de p\u00f3s-gradua\u00e7\u00e3o, [&hellip;]<\/p>\n","protected":false},"author":101037,"featured_media":0,"parent":0,"menu_order":0,"comment_status":"closed","ping_status":"closed","template":"","meta":{"_uag_custom_page_level_css":"","footnotes":""},"class_list":["post-8384","page","type-page","status-publish","hentry"],"uagb_featured_image_src":{"full":false,"thumbnail":false,"medium":false,"medium_large":false,"large":false,"1536x1536":false,"2048x2048":false},"uagb_author_info":{"display_name":"Higo Nogueira","author_link":"https:\/\/proppg.unilab.edu.br\/index.php\/author\/higo-nogueira\/"},"uagb_comment_info":0,"uagb_excerpt":"A Coordena\u00e7\u00e3o de Pesquisa, unidade vinculada e subordinada \u00e0 Pr\u00f3-Reitoria de Pesquisa, P\u00f3s-Gradua\u00e7\u00e3o e Inova\u00e7\u00e3o (PROPPGI), tem como miss\u00e3o fomentar, articular e fortalecer a produ\u00e7\u00e3o cient\u00edfica e tecnol\u00f3gica institucional, promovendo o desenvolvimento do conhecimento em suas diversas \u00e1reas e contribuindo para o avan\u00e7o acad\u00eamico e social. Atuando de forma integrada com os programas de p\u00f3s-gradua\u00e7\u00e3o,&hellip;","_links":{"self":[{"href":"https:\/\/proppg.unilab.edu.br\/index.php\/wp-json\/wp\/v2\/pages\/8384","targetHints":{"allow":["GET"]}}],"collection":[{"href":"https:\/\/proppg.unilab.edu.br\/index.php\/wp-json\/wp\/v2\/pages"}],"about":[{"href":"https:\/\/proppg.unilab.edu.br\/index.php\/wp-json\/wp\/v2\/types\/page"}],"author":[{"embeddable":true,"href":"https:\/\/proppg.unilab.edu.br\/index.php\/wp-json\/wp\/v2\/users\/101037"}],"replies":[{"embeddable":true,"href":"https:\/\/proppg.unilab.edu.br\/index.php\/wp-json\/wp\/v2\/comments?post=8384"}],"version-history":[{"count":1,"href":"https:\/\/proppg.unilab.edu.br\/index.php\/wp-json\/wp\/v2\/pages\/8384\/revisions"}],"predecessor-version":[{"id":8386,"href":"https:\/\/proppg.unilab.edu.br\/index.php\/wp-json\/wp\/v2\/pages\/8384\/revisions\/8386"}],"wp:attachment":[{"href":"https:\/\/proppg.unilab.edu.br\/index.php\/wp-json\/wp\/v2\/media?parent=8384"}],"curies":[{"name":"wp","href":"https:\/\/api.w.org\/{rel}","templated":true}]}}