{"id":8050,"date":"2026-03-02T09:24:46","date_gmt":"2026-03-02T12:24:46","guid":{"rendered":"https:\/\/proppg.unilab.edu.br\/?page_id=8050"},"modified":"2026-03-11T07:12:18","modified_gmt":"2026-03-11T10:12:18","slug":"inovacao-tecnologica","status":"publish","type":"page","link":"https:\/\/proppg.unilab.edu.br\/index.php\/inovacao-tecnologica\/","title":{"rendered":"Inova\u00e7\u00e3o Tecnol\u00f3gica *"},"content":{"rendered":"<p><img loading=\"lazy\" decoding=\"async\" class=\"alignnone size-medium wp-image-8135\" src=\"https:\/\/proppg.unilab.edu.br\/wp-content\/uploads\/2026\/03\/cit-logo-355x57.jpeg\" alt=\"\" width=\"355\" height=\"57\" srcset=\"https:\/\/proppg.unilab.edu.br\/wp-content\/uploads\/2026\/03\/cit-logo-355x57.jpeg 355w, https:\/\/proppg.unilab.edu.br\/wp-content\/uploads\/2026\/03\/cit-logo-1024x165.jpeg 1024w, https:\/\/proppg.unilab.edu.br\/wp-content\/uploads\/2026\/03\/cit-logo-1536x248.jpeg 1536w, https:\/\/proppg.unilab.edu.br\/wp-content\/uploads\/2026\/03\/cit-logo.jpeg 1600w\" sizes=\"auto, (max-width: 355px) 100vw, 355px\" \/><\/p>\n<p>A<strong> Coordenadoria de Inova\u00e7\u00e3o Tecnol\u00f3gica (CIT)<\/strong> da UNILAB foi institu\u00edda pela<br \/>\nPortaria Reitoria no 478, de 19 de novembro de 2020, tem como finalidade<br \/>\ncoordenar e gerir as pol\u00edticas e a\u00e7\u00f5es de inova\u00e7\u00e3o tecnol\u00f3gica, fortalecendo a<br \/>\nPesquisa, Desenvolvimento e Inova\u00e7\u00e3o (P&amp;D&amp;I) e ampliando a intera\u00e7\u00e3o da<br \/>\nUniversidade com \u00f3rg\u00e3os p\u00fablicos, empresas e demais organiza\u00e7\u00f5es. Atua no<br \/>\nfomento ao empreendedorismo, \u00e0 forma\u00e7\u00e3o em inova\u00e7\u00e3o, \u00e0 cria\u00e7\u00e3o de empresas<br \/>\nde base tecnol\u00f3gica e \u00e0 gest\u00e3o de pol\u00edticas de incuba\u00e7\u00e3o. Al\u00e9m disso,<br \/>\ndesenvolve estrat\u00e9gias para expandir a inova\u00e7\u00e3o na UNILAB, integra ensino,<br \/>\npesquisa e extens\u00e3o, contribui para a elabora\u00e7\u00e3o de normativas e pol\u00edticas<br \/>\ninstitucionais, organiza eventos cient\u00edficos e articula parcerias e iniciativas como<br \/>\nparques e polos tecnol\u00f3gicos, promovendo a gera\u00e7\u00e3o e a aplica\u00e7\u00e3o do<br \/>\nconhecimento em benef\u00edcio da sociedade.<\/p>\n<p>&nbsp;<\/p>\n<hr \/>\n<p><img loading=\"lazy\" decoding=\"async\" class=\"alignnone size-medium wp-image-8137\" src=\"https:\/\/proppg.unilab.edu.br\/wp-content\/uploads\/2026\/03\/nit-logo-355x57.jpeg\" alt=\"\" width=\"355\" height=\"57\" srcset=\"https:\/\/proppg.unilab.edu.br\/wp-content\/uploads\/2026\/03\/nit-logo-355x57.jpeg 355w, https:\/\/proppg.unilab.edu.br\/wp-content\/uploads\/2026\/03\/nit-logo-1024x164.jpeg 1024w, https:\/\/proppg.unilab.edu.br\/wp-content\/uploads\/2026\/03\/nit-logo-1536x247.jpeg 1536w, https:\/\/proppg.unilab.edu.br\/wp-content\/uploads\/2026\/03\/nit-logo.jpeg 1600w\" sizes=\"auto, (max-width: 355px) 100vw, 355px\" \/><\/p>\n<p>O <strong>N\u00facleo de Inova\u00e7\u00e3o Tecnol\u00f3gica (NIT)<\/strong> da UNILAB foi criado foi criado em<br \/>\n10 de dezembro de 2013, vinculado \u00e0 Pr\u00f3-Reitoria de Pesquisa e P\u00f3sGradua\u00e7\u00e3o. A finalidade do NIT \u00e9 gerir a pol\u00edtica institucional de inova\u00e7\u00e3o,<br \/>\npromovendo a aplica\u00e7\u00e3o do conhecimento cient\u00edfico, tecnol\u00f3gico e cultural em<br \/>\nprol do desenvolvimento socioecon\u00f4mico sustent\u00e1vel do Cear\u00e1, da Bahia, do<br \/>\nBrasil e dos pa\u00edses da Comunidade dos Pa\u00edses de L\u00edngua Portuguesa (CPLP).<br \/>\nAtua na identifica\u00e7\u00e3o e no incentivo \u00e0 inova\u00e7\u00e3o, apoiando pesquisadores,<br \/>\ndocentes, discentes e t\u00e9cnicos na estrutura\u00e7\u00e3o de projetos e na intera\u00e7\u00e3o com o<br \/>\nsetor produtivo e com a sociedade.<\/p>\n<p style=\"text-align: left;\">Compete ao NIT zelar pela prote\u00e7\u00e3o das cria\u00e7\u00f5es desenvolvidas na<br \/>\nUniversidade, avaliando resultados de pesquisas conforme a Lei n\u00ba 10.973\/2004 <a href=\"https:\/\/www.planalto.gov.br\/ccivil_03\/_ato2004-%202006\/2004\/lei\/L10.973compilado.htm\">Leia<\/a>, analisando solicita\u00e7\u00f5es de inventores<br \/>\nindependentes e promovendo o dep\u00f3sito de patentes, marcas, softwares e<br \/>\noutras modalidades de propriedade intelectual junto ao Instituto Nacional da<br \/>\nPropriedade Industrial (INPI), al\u00e9m de articular a\u00e7\u00f5es para divulgar os impactos<br \/>\ndas inova\u00e7\u00f5es geradas pela UNILAB.<\/p>\n<p>&nbsp;<\/p>\n<hr \/>\n<p><img loading=\"lazy\" decoding=\"async\" class=\"alignnone size-medium wp-image-8136\" src=\"https:\/\/proppg.unilab.edu.br\/wp-content\/uploads\/2026\/03\/dei-logo-355x49.jpeg\" alt=\"\" width=\"355\" height=\"49\" srcset=\"https:\/\/proppg.unilab.edu.br\/wp-content\/uploads\/2026\/03\/dei-logo-355x49.jpeg 355w, https:\/\/proppg.unilab.edu.br\/wp-content\/uploads\/2026\/03\/dei-logo-1024x141.jpeg 1024w, https:\/\/proppg.unilab.edu.br\/wp-content\/uploads\/2026\/03\/dei-logo-1536x211.jpeg 1536w, https:\/\/proppg.unilab.edu.br\/wp-content\/uploads\/2026\/03\/dei-logo.jpeg 1600w\" sizes=\"auto, (max-width: 355px) 100vw, 355px\" \/><\/p>\n<p>A Divis\u00e3o de Empreendedorismo e Incuba\u00e7\u00e3o de Empresas (DEI) da UNILAB<br \/>\nfoi institu\u00edda pela Portaria Reitoria no 478, de 19 de novembro de 2020, tem como<br \/>\nfinalidade promover e consolidar a cultura empreendedora na Universidade, incentivando o protagonismo de discentes, docentes e t\u00e9cnicos e fortalecendo a educa\u00e7\u00e3o empreendedora de forma transversal nas atividades de ensino,<br \/>\npesquisa e extens\u00e3o. Atua no est\u00edmulo \u00e0 cria\u00e7\u00e3o de empresas juniores e<br \/>\nstartups, na gest\u00e3o das pol\u00edticas de implanta\u00e7\u00e3o e funcionamento de<br \/>\nincubadoras e no apoio aos processos de sele\u00e7\u00e3o e acompanhamento de<br \/>\npropostas de incuba\u00e7\u00e3o. Al\u00e9m disso, a DEI promove a coopera\u00e7\u00e3o entre<br \/>\nuniversidades, empresas e institutos de pesquisa, apoia a forma\u00e7\u00e3o de recursos<br \/>\nhumanos para a implementa\u00e7\u00e3o de inova\u00e7\u00f5es no setor produtivo, ajuda na<br \/>\ncoordena\u00e7\u00e3o de a\u00e7\u00f5es para conectar investidores e realizar rodadas de<br \/>\nneg\u00f3cios.<\/p>\n","protected":false},"excerpt":{"rendered":"<p>A Coordenadoria de Inova\u00e7\u00e3o Tecnol\u00f3gica (CIT) da UNILAB foi institu\u00edda pela Portaria Reitoria no 478, de 19 de novembro de 2020, tem como finalidade coordenar e gerir as pol\u00edticas e a\u00e7\u00f5es de inova\u00e7\u00e3o tecnol\u00f3gica, fortalecendo a Pesquisa, Desenvolvimento e Inova\u00e7\u00e3o (P&amp;D&amp;I) e ampliando a intera\u00e7\u00e3o da Universidade com \u00f3rg\u00e3os p\u00fablicos, empresas e demais organiza\u00e7\u00f5es. Atua [&hellip;]<\/p>\n","protected":false},"author":101037,"featured_media":0,"parent":0,"menu_order":0,"comment_status":"closed","ping_status":"closed","template":"","meta":{"_uag_custom_page_level_css":"","footnotes":""},"class_list":["post-8050","page","type-page","status-publish","hentry"],"uagb_featured_image_src":{"full":false,"thumbnail":false,"medium":false,"medium_large":false,"large":false,"1536x1536":false,"2048x2048":false},"uagb_author_info":{"display_name":"Higo Nogueira","author_link":"https:\/\/proppg.unilab.edu.br\/index.php\/author\/higo-nogueira\/"},"uagb_comment_info":0,"uagb_excerpt":"A Coordenadoria de Inova\u00e7\u00e3o Tecnol\u00f3gica (CIT) da UNILAB foi institu\u00edda pela Portaria Reitoria no 478, de 19 de novembro de 2020, tem como finalidade coordenar e gerir as pol\u00edticas e a\u00e7\u00f5es de inova\u00e7\u00e3o tecnol\u00f3gica, fortalecendo a Pesquisa, Desenvolvimento e Inova\u00e7\u00e3o (P&amp;D&amp;I) e ampliando a intera\u00e7\u00e3o da Universidade com \u00f3rg\u00e3os p\u00fablicos, empresas e demais organiza\u00e7\u00f5es. Atua&hellip;","_links":{"self":[{"href":"https:\/\/proppg.unilab.edu.br\/index.php\/wp-json\/wp\/v2\/pages\/8050","targetHints":{"allow":["GET"]}}],"collection":[{"href":"https:\/\/proppg.unilab.edu.br\/index.php\/wp-json\/wp\/v2\/pages"}],"about":[{"href":"https:\/\/proppg.unilab.edu.br\/index.php\/wp-json\/wp\/v2\/types\/page"}],"author":[{"embeddable":true,"href":"https:\/\/proppg.unilab.edu.br\/index.php\/wp-json\/wp\/v2\/users\/101037"}],"replies":[{"embeddable":true,"href":"https:\/\/proppg.unilab.edu.br\/index.php\/wp-json\/wp\/v2\/comments?post=8050"}],"version-history":[{"count":8,"href":"https:\/\/proppg.unilab.edu.br\/index.php\/wp-json\/wp\/v2\/pages\/8050\/revisions"}],"predecessor-version":[{"id":8138,"href":"https:\/\/proppg.unilab.edu.br\/index.php\/wp-json\/wp\/v2\/pages\/8050\/revisions\/8138"}],"wp:attachment":[{"href":"https:\/\/proppg.unilab.edu.br\/index.php\/wp-json\/wp\/v2\/media?parent=8050"}],"curies":[{"name":"wp","href":"https:\/\/api.w.org\/{rel}","templated":true}]}}