{"id":7264,"date":"2025-01-24T15:14:55","date_gmt":"2025-01-24T18:14:55","guid":{"rendered":"https:\/\/proppg.unilab.edu.br\/?page_id=7264"},"modified":"2025-04-02T14:03:41","modified_gmt":"2025-04-02T17:03:41","slug":"startups","status":"publish","type":"page","link":"https:\/\/proppg.unilab.edu.br\/index.php\/ecossistema-de-inovacao-e-empreendedorismo\/startups\/","title":{"rendered":"Startups"},"content":{"rendered":"<p><style>\r\n\r\n\r\n\r\n\r\n.empresa {\r\n    display: flex; \/* Usar flexbox para layout *\/\r\n    align-items: center; \/* Alinhar itens verticalmente ao centro *\/\r\n    border: 1px solid #ccc;\r\n    padding: 20px;\r\n    margin: 20px 0;\r\n    border-radius: 5px;\r\n    background-color: #ffffff; \/* Cor de fundo branca *\/\r\n    transition: box-shadow 0.3s ease; \/* Transi\u00e7\u00e3o suave para o efeito de relevo *\/\r\n}\r\n\r\n.imagem {\r\n    margin-right: 20px; \/* Espa\u00e7o entre a imagem e o texto *\/\r\n}\r\n\r\n.imagem img {\r\n    width: 80%; \/* Defina a largura da imagem *\/\r\n    height: auto; \/* Manter a propor\u00e7\u00e3o da imagem *\/\r\n}\r\n\r\n.texto {\r\n    flex: 1; \/* Permitir que a se\u00e7\u00e3o de informa\u00e7\u00f5es ocupe o espa\u00e7o restante *\/\r\n}\r\n\r\n.texto h3 {\r\n    text-align: left; \/* Alinhar o t\u00edtulo \u00e0 esquerda *\/\r\n}\r\n\r\n.texto p {\r\n    text-align: justify; \/* Justificar o texto *\/\r\n}\r\n\r\n\/* Efeito de relevo ao passar o mouse *\/\r\n.empresa:hover {\r\n    box-shadow: 0 4px 20px rgba(0, 0, 0, 0.2); \/* Sombra ao passar o mouse *\/\r\n    transform: translateY(-2px); \/* Levantar ligeiramente o bloco *\/\r\n}\r\n\r\n\r\n\r\n\r\n\r\n\r\n\r\n\r\n\r\n    <\/style><\/p>\r\n\r\n<div class=\"hu-pad group\">\r\n<article class=\"group post-7264 page type-page status-publish hentry\">\r\n<div class=\"entry themeform\">\u00a0<\/div>\r\n<\/article>\r\n<\/div>\r\n<p>Uma\u00a0<strong>startup<\/strong>\u00a0\u00e9 uma empresa emergente, geralmente de base tecnol\u00f3gica e inovadora, projetada para crescer rapidamente em um mercado de incertezas, com um modelo de neg\u00f3cios escal\u00e1vel e repet\u00edvel. No Brasil, as startups s\u00e3o regulamentadas pelo\u00a0<strong>Marco Legal das Startups (Lei n\u00ba 18.521\/2021)<\/strong>, que busca fomentar o ecossistema de inova\u00e7\u00e3o no pa\u00eds.<\/p>\r\n<p>&nbsp;<\/p>\r\n\r\n<section><!-- empresa 1 -->\r\n<div class=\"empresa\">\r\n<div class=\"imagem\"><img loading=\"lazy\" decoding=\"async\" class=\"alignnone wp-image-7456 \" src=\"https:\/\/proppg.unilab.edu.br\/wp-content\/uploads\/2025\/04\/Ubutec.co_-e1743611064297.jpg\" alt=\"\" width=\"136\" height=\"46\" \/><\/div>\r\n<div class=\"texto\">\r\n<h3 style=\"text-align: left;\"><span style=\"color: #3399ff;\"><strong>Ubutec.co<\/strong><\/span><\/h3>\r\n<p align=\"left\"><strong>Curso vinculado: <\/strong>Administra\u00e7\u00e3o P\u00fablica<\/p>\r\n<p style=\"text-align: justify;\"><strong>Servi\u00e7os: <\/strong>Plataforma digital que conecta estudantes universit\u00e1rios a moradias pr\u00f3ximas \u00e0s universidades, proporcionando uma experi\u00eancia personalizada, segura e colaborativa.<\/p>\r\n<div class=\"Qr7Oae\" role=\"listitem\">\r\n<div class=\"OxAavc\" data-required=\"true\" data-other-input=\"qSV85\" data-other-hidden=\"MfYA1e\" data-item-id=\"618413865\">\r\n<div class=\"pYfr3c\">\r\n<div class=\"prOLdf\">\r\n<div class=\"g53bl\">\r\n<div id=\"c123\" class=\"cTDvob D1wxyf RjsPE\" role=\"heading\" aria-level=\"3\" aria-describedby=\"i.desc.618413865 c134\">\u00a0<\/div>\r\n<\/div>\r\n<\/div>\r\n<\/div>\r\n<\/div>\r\n<\/div>\r\n<p align=\"left\">\u00a0<\/p>\r\n<p align=\"left\"><img loading=\"lazy\" decoding=\"async\" class=\"alignnone  wp-image-7201\" src=\"https:\/\/proppg.unilab.edu.br\/wp-content\/uploads\/2021\/10\/\u2014Pngtree\u2014instagram-logo-icon_3588821-165x165.png\" alt=\"\" width=\"54\" height=\"54\" srcset=\"https:\/\/proppg.unilab.edu.br\/wp-content\/uploads\/2021\/10\/\u2014Pngtree\u2014instagram-logo-icon_3588821-165x165.png 165w, https:\/\/proppg.unilab.edu.br\/wp-content\/uploads\/2021\/10\/\u2014Pngtree\u2014instagram-logo-icon_3588821-80x80.png 80w, https:\/\/proppg.unilab.edu.br\/wp-content\/uploads\/2021\/10\/\u2014Pngtree\u2014instagram-logo-icon_3588821-320x320.png 320w, https:\/\/proppg.unilab.edu.br\/wp-content\/uploads\/2021\/10\/\u2014Pngtree\u2014instagram-logo-icon_3588821.png 800w\" sizes=\"auto, (max-width: 54px) 100vw, 54px\" \/> \u00a0<a href=\"https:\/\/www.instagram.com\/ubutec.co\/\">https:\/\/www.instagram.com\/ubutec.co\/<\/a><\/p>\r\n<p align=\"left\">\u00a0<\/p>\r\n<\/div>\r\n<\/div>\r\n<\/section>\r\n<section><!-- empresa 2 -->\r\n<div class=\"empresa\">\r\n<div class=\"imagem\"><img loading=\"lazy\" decoding=\"async\" class=\"alignnone wp-image-7454 \" src=\"https:\/\/proppg.unilab.edu.br\/wp-content\/uploads\/2025\/04\/symbol-with-text-p1-copy-355x110.png\" alt=\"\" width=\"116\" height=\"36\" srcset=\"https:\/\/proppg.unilab.edu.br\/wp-content\/uploads\/2025\/04\/symbol-with-text-p1-copy-355x110.png 355w, https:\/\/proppg.unilab.edu.br\/wp-content\/uploads\/2025\/04\/symbol-with-text-p1-copy-1024x318.png 1024w, https:\/\/proppg.unilab.edu.br\/wp-content\/uploads\/2025\/04\/symbol-with-text-p1-copy-1536x477.png 1536w, https:\/\/proppg.unilab.edu.br\/wp-content\/uploads\/2025\/04\/symbol-with-text-p1-copy-2048x636.png 2048w\" sizes=\"auto, (max-width: 116px) 100vw, 116px\" \/><\/div>\r\n<div class=\"texto\">\r\n<h3 style=\"text-align: left;\"><span style=\"color: #3399ff;\"><strong>VisioVR <\/strong><\/span><\/h3>\r\n<p align=\"left\"><strong>Curso vinculado:<\/strong> \u00c1rea da computa\u00e7\u00e3o<\/p>\r\n<p style=\"text-align: justify;\"><strong>Servi\u00e7os:<\/strong> A VisioVR tem como proposta principal a cria\u00e7\u00e3o de mundos de realidade virtual que facilitem e tornem mais did\u00e1tica e eficaz a introdu\u00e7\u00e3o de conhecimentos educacionais a alunos de escolas\/universidades ou colaboradores de empresas. Nosso produto se estende desde ambientes virtuais tridimensionais para uso em disciplinas de cursos ou laborat\u00f3rios a treinamentos para maquin\u00e1rio e ferramental empresarial.<\/p>\r\n<p align=\"left\">\u00a0<\/p>\r\n<p align=\"left\"><img loading=\"lazy\" decoding=\"async\" class=\"alignnone  wp-image-7201\" src=\"https:\/\/proppg.unilab.edu.br\/wp-content\/uploads\/2021\/10\/\u2014Pngtree\u2014instagram-logo-icon_3588821-165x165.png\" alt=\"\" width=\"54\" height=\"54\" srcset=\"https:\/\/proppg.unilab.edu.br\/wp-content\/uploads\/2021\/10\/\u2014Pngtree\u2014instagram-logo-icon_3588821-165x165.png 165w, https:\/\/proppg.unilab.edu.br\/wp-content\/uploads\/2021\/10\/\u2014Pngtree\u2014instagram-logo-icon_3588821-80x80.png 80w, https:\/\/proppg.unilab.edu.br\/wp-content\/uploads\/2021\/10\/\u2014Pngtree\u2014instagram-logo-icon_3588821-320x320.png 320w, https:\/\/proppg.unilab.edu.br\/wp-content\/uploads\/2021\/10\/\u2014Pngtree\u2014instagram-logo-icon_3588821.png 800w\" sizes=\"auto, (max-width: 54px) 100vw, 54px\" \/> <a href=\"https:\/\/www.instagram.com\/visio.vr\/#\">@visio.vr<\/a><\/p>\r\n<p align=\"left\"><img loading=\"lazy\" decoding=\"async\" class=\"alignnone  wp-image-7202\" src=\"https:\/\/proppg.unilab.edu.br\/wp-content\/uploads\/2021\/10\/\u2014Pngtree\u2014email-vector-icon_3791384-165x165.png\" alt=\"\" width=\"48\" height=\"48\" srcset=\"https:\/\/proppg.unilab.edu.br\/wp-content\/uploads\/2021\/10\/\u2014Pngtree\u2014email-vector-icon_3791384-165x165.png 165w, https:\/\/proppg.unilab.edu.br\/wp-content\/uploads\/2021\/10\/\u2014Pngtree\u2014email-vector-icon_3791384-80x80.png 80w, https:\/\/proppg.unilab.edu.br\/wp-content\/uploads\/2021\/10\/\u2014Pngtree\u2014email-vector-icon_3791384-320x320.png 320w, https:\/\/proppg.unilab.edu.br\/wp-content\/uploads\/2021\/10\/\u2014Pngtree\u2014email-vector-icon_3791384.png 1024w\" sizes=\"auto, (max-width: 48px) 100vw, 48px\" \/><a href=\"mailto:visiovr@visiovr.com\">visiovr@visiovr.com<\/a><\/p>\r\n<div class=\"Qr7Oae\" role=\"listitem\">\r\n<div class=\"OxAavc NVbRL\" data-required=\"true\" data-item-id=\"321322336\">\r\n<div class=\"pYfr3c\">\r\n<div class=\"prOLdf\">\r\n<div class=\"g53bl\">\r\n<div class=\"cTDvob D1wxyf RjsPE\" role=\"heading\" aria-level=\"3\" aria-describedby=\"i.desc.321322336 c228\">\u00a0<\/div>\r\n<\/div>\r\n<\/div>\r\n<\/div>\r\n<\/div>\r\n<\/div>\r\n<\/div>\r\n<\/div>\r\n<\/section>\r\n<p><strong>DOCUMENTOS<\/strong><\/p>\r\n<p>&#8212;&#8212;&#8212;-<\/p>\r\n<p>&nbsp;<\/p>\r\n<p><strong>ENDERE\u00c7O:<\/strong><\/p>\r\n<p>&#8212;&#8212;&#8212;&#8212;&#8212;-<\/p>\r\n<!-- \/wp:post-content -->\r\n<p>&nbsp;<\/p>","protected":false},"excerpt":{"rendered":"<p>\u00a0 Uma\u00a0startup\u00a0\u00e9 uma empresa emergente, geralmente de base tecnol\u00f3gica e inovadora, projetada para crescer rapidamente em um mercado de incertezas, com um modelo de neg\u00f3cios escal\u00e1vel e repet\u00edvel. No Brasil, as startups s\u00e3o regulamentadas pelo\u00a0Marco Legal das Startups (Lei n\u00ba 18.521\/2021), que busca fomentar o ecossistema de inova\u00e7\u00e3o no pa\u00eds. &nbsp; Ubutec.co Curso vinculado: Administra\u00e7\u00e3o [&hellip;]<\/p>\n","protected":false},"author":101037,"featured_media":0,"parent":3960,"menu_order":0,"comment_status":"closed","ping_status":"closed","template":"","meta":{"_uag_custom_page_level_css":"","footnotes":""},"class_list":["post-7264","page","type-page","status-publish","hentry"],"uagb_featured_image_src":{"full":false,"thumbnail":false,"medium":false,"medium_large":false,"large":false,"1536x1536":false,"2048x2048":false},"uagb_author_info":{"display_name":"Higo Nogueira","author_link":"https:\/\/proppg.unilab.edu.br\/index.php\/author\/higo-nogueira\/"},"uagb_comment_info":0,"uagb_excerpt":"\u00a0 Uma\u00a0startup\u00a0\u00e9 uma empresa emergente, geralmente de base tecnol\u00f3gica e inovadora, projetada para crescer rapidamente em um mercado de incertezas, com um modelo de neg\u00f3cios escal\u00e1vel e repet\u00edvel. No Brasil, as startups s\u00e3o regulamentadas pelo\u00a0Marco Legal das Startups (Lei n\u00ba 18.521\/2021), que busca fomentar o ecossistema de inova\u00e7\u00e3o no pa\u00eds. &nbsp; Ubutec.co Curso vinculado: Administra\u00e7\u00e3o&hellip;","_links":{"self":[{"href":"https:\/\/proppg.unilab.edu.br\/index.php\/wp-json\/wp\/v2\/pages\/7264","targetHints":{"allow":["GET"]}}],"collection":[{"href":"https:\/\/proppg.unilab.edu.br\/index.php\/wp-json\/wp\/v2\/pages"}],"about":[{"href":"https:\/\/proppg.unilab.edu.br\/index.php\/wp-json\/wp\/v2\/types\/page"}],"author":[{"embeddable":true,"href":"https:\/\/proppg.unilab.edu.br\/index.php\/wp-json\/wp\/v2\/users\/101037"}],"replies":[{"embeddable":true,"href":"https:\/\/proppg.unilab.edu.br\/index.php\/wp-json\/wp\/v2\/comments?post=7264"}],"version-history":[{"count":17,"href":"https:\/\/proppg.unilab.edu.br\/index.php\/wp-json\/wp\/v2\/pages\/7264\/revisions"}],"predecessor-version":[{"id":7390,"href":"https:\/\/proppg.unilab.edu.br\/index.php\/wp-json\/wp\/v2\/pages\/7264\/revisions\/7390"}],"up":[{"embeddable":true,"href":"https:\/\/proppg.unilab.edu.br\/index.php\/wp-json\/wp\/v2\/pages\/3960"}],"wp:attachment":[{"href":"https:\/\/proppg.unilab.edu.br\/index.php\/wp-json\/wp\/v2\/media?parent=7264"}],"curies":[{"name":"wp","href":"https:\/\/api.w.org\/{rel}","templated":true}]}}