{"id":71,"date":"2014-12-15T15:33:32","date_gmt":"2014-12-15T18:33:32","guid":{"rendered":"http:\/\/proppg.unilab.edu.br\/?page_id=71"},"modified":"2024-05-23T10:02:22","modified_gmt":"2024-05-23T13:02:22","slug":"pos-graduacao","status":"publish","type":"page","link":"https:\/\/proppg.unilab.edu.br\/index.php\/pos-graduacao\/","title":{"rendered":"P\u00f3s-Gradua\u00e7\u00e3o"},"content":{"rendered":"\n<h2 class=\"wp-block-heading\">Coordena\u00e7\u00e3o de P\u00f3s-Gradua\u00e7\u00e3o<\/h2>\n\n\n\n<p>As a\u00e7\u00f5es institucionais realizadas pela Pr\u00f3-reitoria de Pesquisa e P\u00f3s-gradua\u00e7\u00e3o (PROPPG) no campo da P\u00f3s-Gradua\u00e7\u00e3o <em>stricto sensu<\/em> e <em>lato sensu<\/em> caracterizam-se como permanentes e processuais e est\u00e3o centradas em tr\u00eas eixos principais a saber: (a) planejamento e implementa\u00e7\u00e3o de programas e cursos novos, (b) acompanhamento e avalia\u00e7\u00e3o dos programas de cursos existentes e (c) gest\u00e3o e regulamenta\u00e7\u00e3o de atividades de ensino e pesquisa na p\u00f3s-gradua\u00e7\u00e3o da Unilab.<\/p>\n\n\n\n<p>No \u00e2mbito da P\u00f3s-gradua\u00e7\u00e3o, a Unilab oferta atualmente sete cursos de especializa\u00e7\u00e3o lato sensu, todos na modalidade a dist\u00e2ncia e oito programas de mestrado com oferta anual de vagas, nas modalidades acad\u00eamico e profissional.<\/p>\n\n\n\n<\/p>\n<p><strong>A Coordena\u00e7\u00e3o de P\u00f3s-Gradua\u00e7\u00e3o tem as seguintes atribui\u00e7\u00f5es:<\/strong><\/p>\n<p>I &#8211; subsidiar a Pr\u00f3-reitoria de Pesquisa e P\u00f3s-gradua\u00e7\u00e3o (PROPPG) e as Coordena\u00e7\u00f5es dos cursos de p\u00f3s-gradua\u00e7\u00e3o na elabora\u00e7\u00e3o de documentos normativos e procedimentos pertinentes ao funcionamento da p\u00f3s-Gradua\u00e7\u00e3o da Unilab;<br \/>II &#8211; acompanhar e orientar as Unidades Acad\u00eamicas no desenvolvimento de novas propostas de cursos de p\u00f3s-gradua\u00e7\u00e3o <em>stricto sensu<\/em> e <em>lato sensu<\/em> com vistas \u00e0 expans\u00e3o da p\u00f3s-gradua\u00e7\u00e3o da Universidade da Integra\u00e7\u00e3o Internacional da Lusofonia Afro-Brasileira (Unilab) em \u00e1reas estrat\u00e9gicas e em conson\u00e2ncia com a miss\u00e3o institucional;<br \/>III &#8211; auxiliar as Coordena\u00e7\u00f5es dos programas de p\u00f3s-gradua\u00e7\u00e3o <em>stricto sensu<\/em> no preenchimento dos documentos necess\u00e1rios para acompanhamento dos \u00f3rg\u00e3os governamentais e de fomento;<br \/>IV &#8211; desenvolver forma\u00e7\u00f5es continuadas com os Coordenadores dos Programas de P\u00f3s-Gradua\u00e7\u00e3o <em>Stricto Sensu<\/em> e equipe t\u00e9cnica, podendo tamb\u00e9m envolver estudantes, para o aprimoramento das estrat\u00e9gias de consolida\u00e7\u00e3o dos cursos no \u00e2mbito nacional e internacional;<br \/>V &#8211; acompanhar e orientar os programas de p\u00f3s-gradua\u00e7\u00e3o <em>stricto sensu<\/em> em rela\u00e7\u00e3o aos procedimentos de planejamento pedag\u00f3gico dos cursos e crit\u00e9rios de avalia\u00e7\u00e3o da Coordena\u00e7\u00e3o de Aperfei\u00e7oamento de Pessoal de N\u00edvel Superior (Capes);<br \/>VI &#8211; assessorar e dar suporte na execu\u00e7\u00e3o das a\u00e7\u00f5es de expans\u00e3o dos programas e desenvolvimento dos cursos de p\u00f3s-gradua\u00e7\u00e3o da Unilab;<br \/>VII &#8211; subsidiar a decis\u00e3o da Superintend\u00eancia de Gest\u00e3o de Pessoas (SGP) da Unilab quanto \u00e0 concess\u00e3o de incentivo \u00e0 qualifica\u00e7\u00e3o, mediante an\u00e1lise documental e emiss\u00e3o de parecer t\u00e9cnico, em conson\u00e2ncia ao disposto na legisla\u00e7\u00e3o vigente;<br \/>VIII &#8211; acompanhar a elabora\u00e7\u00e3o de relat\u00f3rios e a atualiza\u00e7\u00e3o das informa\u00e7\u00f5es e documentos pertinentes \u00e0 regula\u00e7\u00e3o e avalia\u00e7\u00e3o dos cursos de p\u00f3s-gradua\u00e7\u00e3o <em>stricto sensu<\/em> junto \u00e0 Capes e ao Minist\u00e9rio da Educa\u00e7\u00e3o (MEC);<br \/>IX &#8211; acompanhar a atualiza\u00e7\u00e3o das informa\u00e7\u00f5es cadastrais dos cursos <em>lato sensu<\/em>\u00a0junto ao MEC;<br \/>X &#8211; avaliar e aprovar os relat\u00f3rios finais de curso elaborados pelas coordena\u00e7\u00f5es de p\u00f3s-gradua\u00e7\u00e3o <em>lato sensu<\/em> da Unilab;<br \/>XI &#8211; analisar e homologar os processos de emiss\u00e3o de certificado e diploma de cursos <em>lato sensu<\/em> e <em>stricto sensu<\/em>, respectivamente, da Unilab;<br \/>XII &#8211; verificar a documenta\u00e7\u00e3o exigida para o reconhecimento de diplomas expedidos por institui\u00e7\u00f5es estrangeiras de ensino superior, correspondentes a cursos avaliados, autorizados e reconhecidos, no \u00e2mbito do Sistema Nacional de P\u00f3s-Gradua\u00e7\u00e3o (SNPG), na mesma \u00e1rea de conhecimento, em n\u00edvel equivalente aos cursos ministrados pela Unilab; e<br \/>XIII &#8211; analisar a documenta\u00e7\u00e3o exigida para a homologa\u00e7\u00e3o de solicita\u00e7\u00e3o de est\u00e1gio p\u00f3s-doutoral de acordo com a normatiza\u00e7\u00e3o vigente no \u00e2mbito da Unilab.<\/p>\n<p>\n\n\n<hr \/>\n<h3><strong>Equipe<\/strong><\/h3>\n<p><a href=\"https:\/\/proppg.unilab.edu.br\/index.php\/proppg-equipe#cpg\">Equipe CPG<\/a><\/p>","protected":false},"excerpt":{"rendered":"<p>Coordena\u00e7\u00e3o de P\u00f3s-Gradua\u00e7\u00e3o As a\u00e7\u00f5es institucionais realizadas pela Pr\u00f3-reitoria de Pesquisa e P\u00f3s-gradua\u00e7\u00e3o (PROPPG) no campo da P\u00f3s-Gradua\u00e7\u00e3o stricto sensu e lato sensu caracterizam-se como permanentes e processuais e est\u00e3o centradas em tr\u00eas eixos principais a saber: (a) planejamento e implementa\u00e7\u00e3o de programas e cursos novos, (b) acompanhamento e avalia\u00e7\u00e3o dos programas de cursos existentes [&hellip;]<\/p>\n","protected":false},"author":2,"featured_media":0,"parent":0,"menu_order":0,"comment_status":"closed","ping_status":"closed","template":"","meta":{"_uag_custom_page_level_css":"","footnotes":""},"class_list":["post-71","page","type-page","status-publish","hentry"],"uagb_featured_image_src":{"full":false,"thumbnail":false,"medium":false,"medium_large":false,"large":false,"1536x1536":false,"2048x2048":false},"uagb_author_info":{"display_name":"PROPPG UNILAB","author_link":"https:\/\/proppg.unilab.edu.br\/index.php\/author\/proppg\/"},"uagb_comment_info":0,"uagb_excerpt":"Coordena\u00e7\u00e3o de P\u00f3s-Gradua\u00e7\u00e3o As a\u00e7\u00f5es institucionais realizadas pela Pr\u00f3-reitoria de Pesquisa e P\u00f3s-gradua\u00e7\u00e3o (PROPPG) no campo da P\u00f3s-Gradua\u00e7\u00e3o stricto sensu e lato sensu caracterizam-se como permanentes e processuais e est\u00e3o centradas em tr\u00eas eixos principais a saber: (a) planejamento e implementa\u00e7\u00e3o de programas e cursos novos, (b) acompanhamento e avalia\u00e7\u00e3o dos programas de cursos existentes&hellip;","_links":{"self":[{"href":"https:\/\/proppg.unilab.edu.br\/index.php\/wp-json\/wp\/v2\/pages\/71","targetHints":{"allow":["GET"]}}],"collection":[{"href":"https:\/\/proppg.unilab.edu.br\/index.php\/wp-json\/wp\/v2\/pages"}],"about":[{"href":"https:\/\/proppg.unilab.edu.br\/index.php\/wp-json\/wp\/v2\/types\/page"}],"author":[{"embeddable":true,"href":"https:\/\/proppg.unilab.edu.br\/index.php\/wp-json\/wp\/v2\/users\/2"}],"replies":[{"embeddable":true,"href":"https:\/\/proppg.unilab.edu.br\/index.php\/wp-json\/wp\/v2\/comments?post=71"}],"version-history":[{"count":50,"href":"https:\/\/proppg.unilab.edu.br\/index.php\/wp-json\/wp\/v2\/pages\/71\/revisions"}],"predecessor-version":[{"id":7238,"href":"https:\/\/proppg.unilab.edu.br\/index.php\/wp-json\/wp\/v2\/pages\/71\/revisions\/7238"}],"wp:attachment":[{"href":"https:\/\/proppg.unilab.edu.br\/index.php\/wp-json\/wp\/v2\/media?parent=71"}],"curies":[{"name":"wp","href":"https:\/\/api.w.org\/{rel}","templated":true}]}}