{"id":688,"date":"2016-05-09T15:11:26","date_gmt":"2016-05-09T18:11:26","guid":{"rendered":"http:\/\/proppg.unilab.edu.br\/?page_id=688"},"modified":"2024-05-23T09:02:11","modified_gmt":"2024-05-23T12:02:11","slug":"capp","status":"publish","type":"page","link":"https:\/\/proppg.unilab.edu.br\/index.php\/capp\/","title":{"rendered":"Capp"},"content":{"rendered":"\r\n<p>A Comiss\u00e3o de Avalia\u00e7\u00e3o de Projetos de Pesquisa (CAPP) tem como objetivo institucionalizar e normatizar o registro e a avalia\u00e7\u00e3o de projetos e relat\u00f3rios de pesquisa da Universidade e est\u00e1 vinculada \u00e0 Pr\u00f3-Reitoria de Pesquisa e P\u00f3s-Gradua\u00e7\u00e3o (PROPPG).<br \/>A CAPP coordena o processo de avalia\u00e7\u00e3o dos projetos de pesquisa submetidos ao edital de Fluxo Cont\u00ednuo e d\u00e1 subs\u00eddios \u00e0 elabora\u00e7\u00e3o de diretrizes para a pol\u00edtica de pesquisa da UNILAB.<br \/>A Comiss\u00e3o foi criada pela Portaria N\u00ba 103 de 08 de julho de 2011, tendo entre suas principais compet\u00eancias estabelecer procedimentos e prazos para o cadastro e avalia\u00e7\u00e3o de projetos de pesquisa submetidos \u00e0 PROPPG; propor crit\u00e9rios para avalia\u00e7\u00e3o de m\u00e9rito dos projetos de pesquisa e assegurar o desenvolvimento de todas as atividades, preservando sigilo em todo o processo.<\/p>\r\n<h5><strong>S\u00e3o compet\u00eancias da Comiss\u00e3o de Avalia\u00e7\u00e3o de Projetos de Pesquisa (CAPP):<\/strong><\/h5>\r\n<p><span style=\"font-weight: 400;\">I &#8211; dar subs\u00eddios \u00e0 elabora\u00e7\u00e3o de diretrizes para a pol\u00edtica de pesquisa da Unilab;<\/span><\/p>\r\n<p><span style=\"font-weight: 400;\">II &#8211; estabelecer procedimentos e prazos para o cadastro e avalia\u00e7\u00e3o de projetos de pesquisa submetidos \u00e0 Pr\u00f3-reitoria de Pesquisa e P\u00f3s-gradua\u00e7\u00e3o (PROPPG);<\/span><\/p>\r\n<p><span style=\"font-weight: 400;\">III &#8211; indicar consultores <\/span><i><span style=\"font-weight: 400;\">ad hoc<\/span><\/i><span style=\"font-weight: 400;\"> para an\u00e1lise e avalia\u00e7\u00e3o de projetos de pesquisa, com aten\u00e7\u00e3o \u00e0 sua especificidade e \u00e0 compet\u00eancia dos <\/span><i><span style=\"font-weight: 400;\">ad hoc<\/span><\/i><span style=\"font-weight: 400;\"> nos diversos campos de conhecimento;<\/span><\/p>\r\n<p><span style=\"font-weight: 400;\">IV &#8211; propor crit\u00e9rios para avalia\u00e7\u00e3o de m\u00e9rito dos projetos de pesquisa;<\/span><\/p>\r\n<p><span style=\"font-weight: 400;\">V &#8211; avaliar os projetos de pesquisa submetidos ao edital de Fluxo Cont\u00ednuo;<\/span><\/p>\r\n<p><span style=\"font-weight: 400;\">VI &#8211; avaliar os relat\u00f3rios parciais e finais dos projetos de pesquisa cadastrados em Fluxo Cont\u00ednuo;<\/span><\/p>\r\n<p><span style=\"font-weight: 400;\">VII &#8211; estimular a pesquisa em todas as \u00e1reas de conhecimento;<\/span><\/p>\r\n<p><span style=\"font-weight: 400;\">VIII &#8211; incentivar pesquisas que possuam car\u00e1ter interdisciplinar;<\/span><\/p>\r\n<p><span style=\"font-weight: 400;\">IX &#8211; incentivar a realiza\u00e7\u00e3o de projetos de pesquisa em parceria com institui\u00e7\u00f5es internacionais; e<\/span><\/p>\r\n<p><span style=\"font-weight: 400;\">X &#8211; assegurar o desenvolvimento de todas as atividades arroladas anteriormente, preservando sigilo em todo o processo.<\/span><\/p>\r\n<hr \/>\r\n<h4><strong>Regimento da CAPP e Portarias de nomea\u00e7\u00e3o de Membros<\/strong><\/h4>\r\n\r\n<style>\n    .wpdmdt-toolbar {\n        padding: 10px;\n    }\n    .wpdmdt-toolbarb {\n        padding: 5px 10px 10px;\n    }\n    .wpdmdt-toolbar > div {\n        display: inline-block;\n    }\n    table,td,th{\n        border: 0;\n    }\n    #wpdm-all-packages .card{\n        overflow: hidden;\n    }\n    .dataTables_wrapper .table{\n        margin: 0;\n    }\n    #wpdmmydls-eaad7b2447717db80008197331b2dc13{\n        border-bottom: 1px solid #dddddd;\n        border-top: 1px solid #dddddd;\n        font-size: 10pt;\n        min-width: 100%;\n    }\n    #wpdmmydls-eaad7b2447717db80008197331b2dc13 .wpdm-download-link img{\n        box-shadow: none !important;\n        max-width: 100%;\n    }\n    .w3eden .pagination{\n        margin: 0 !important;\n    }\n    #wpdmmydls-eaad7b2447717db80008197331b2dc13 td:not(:first-child){\n        vertical-align: middle !important;\n    }\n    #wpdmmydls-eaad7b2447717db80008197331b2dc13 td.__dt_col_download_link .btn{\n        display: block;\n        width: 100%;\n    }\n    #wpdmmydls-eaad7b2447717db80008197331b2dc13 td.__dt_col_download_link,\n    #wpdmmydls-eaad7b2447717db80008197331b2dc13 th#download_link{\n        max-width: 155px !important;\n        width: 155px;\n\n    }\n    #wpdmmydls-eaad7b2447717db80008197331b2dc13 th{\n        background-color: rgba(0,0,0,0.04);\n        border-bottom: 1px solid rgba(0,0,0,0.025);\n    }\n    #wpdmmydls-eaad7b2447717db80008197331b2dc13_length label,\n    #wpdmmydls-eaad7b2447717db80008197331b2dc13_filter label{\n        font-weight: 400;\n    }\n    #wpdmmydls-eaad7b2447717db80008197331b2dc13_filter input[type=search]{\n        display: inline-block;\n        width: 200px;\n    }\n    #wpdmmydls-eaad7b2447717db80008197331b2dc13_length select{\n        display: inline-block;\n        width: 60px;\n    }\n\n    #wpdmmydls-eaad7b2447717db80008197331b2dc13 .package-title{\n        color:#36597C;\n        font-size: 11pt;\n        font-weight: 700;\n    }\n    #wpdmmydls-eaad7b2447717db80008197331b2dc13 .small-txt{\n        margin-right: 7px;\n    }\n    #wpdmmydls-eaad7b2447717db80008197331b2dc13 td{\n        min-width: 150px;\n    }\n\n    #wpdmmydls-eaad7b2447717db80008197331b2dc13 td.__dt_col_categories{\n        max-width: 300px;\n    }\n\n    #wpdmmydls-eaad7b2447717db80008197331b2dc13 .small-txt,\n    #wpdmmydls-eaad7b2447717db80008197331b2dc13 small{\n        font-size: 9pt;\n    }\n    .w3eden .table-striped tbody tr:nth-of-type(2n+1) {\n        background-color: rgba(0,0,0,0.015);\n    }\n    .dataTables_wrapper .dataTables_paginate .paginate_button:active,\n    .dataTables_wrapper .dataTables_paginate .paginate_button:focus,\n    .dataTables_wrapper .dataTables_paginate .paginate_button:hover,\n    .dataTables_wrapper .dataTables_paginate .paginate_button{\n        margin: 0 !important;\n        padding: 0 !important;\n        border: 0 !important;\n        background: transparent !important;\n    }\n\n\n    @media (max-width: 799px) {\n        #wpdmmydls-eaad7b2447717db80008197331b2dc13 tr {\n            display: block;\n            border: 3px solid rgba(0,0,0,0.3) !important;\n            margin-bottom: 10px !important;\n            position: relative;\n        }\n        #wpdmmydls-eaad7b2447717db80008197331b2dc13 thead{\n            display: none;\n        }\n        #wpdmmydls-eaad7b2447717db80008197331b2dc13,\n        #wpdmmydls-eaad7b2447717db80008197331b2dc13 td:first-child {\n            border: 0 !important;\n        }\n        #wpdmmydls-eaad7b2447717db80008197331b2dc13 td {\n            display: block;\n        }\n        #wpdmmydls-eaad7b2447717db80008197331b2dc13 td.__dt_col_download_link {\n            display: block;\n            max-width: 100% !important;\n            width: auto !important;\n\n        }\n    }\n\n\n<\/style>\n<div class=\"w3eden\">\n    <div id=\"wpdm-all-packages\">\n        <table id=\"wpdmmydls-eaad7b2447717db80008197331b2dc13\" class=\"table table-striped wpdm-all-packages-table\">\n            <thead>\n            <tr>\n                                <th style=\"\"  id=\"title\" class=\"\">T\u00edtulo<\/th>\n                                <th style=\"\"  id=\"publishdate\" class=\"hidden-sm hidden-xs\">Data de Atualiza\u00e7\u00e3o<\/th>\n                                <th style=\"width: 80px !important;max-width: 80px !important;\"  id=\"downloadlink\" class=\"hidden-sm hidden-xs\">Download<\/th>\n                \n            <\/tr>\n            <\/thead>\n            <tbody>\n            \n                    <tr class=\"__dt_row\">\n                                                <td  class=\"__dt_col_0 __dt_col __dt_col_title\" style=\"background-image: url('https:\/\/proppg.unilab.edu.br\/wp-content\/plugins\/download-manager\/assets\/file-type-icons\/pdf.svg');background-size: 36px;background-position: 5px 8px;background-repeat:  no-repeat;padding-left: 52px;line-height: normal;\">\n                            <strong>PORTARIA REITORIA\/UNILAB 414\/2025 \u2013 Composi\u00e7\u00e3o da CAPP<\/strong><br\/><div class=\"hidden-md hidden-lg td-mobile\"><\/div>\n\n                        <\/td>\n                                                <td  data-order=\"1765324800\"  class=\"__dt_col_1 __dt_col __dt_col_publish_date\" >\n                            <span class='__dt_publish_date '>10 de dezembro de 2025<\/span>\n\n                        <\/td>\n                                                <td  class=\"__dt_col_2 __dt_col __dt_col_download_link\" >\n                            <a class='wpdm-download-link download-on-click btn btn-primary ' rel='nofollow' href='#' data-downloadurl=\"https:\/\/proppg.unilab.edu.br\/index.php\/download\/portaria-reitoria-unilab-414-2025\/?wpdmdl=7886&refresh=69de1c18338ff1776163864\">Download<\/a>\n\n                        <\/td>\n                        \n                    <\/tr>\n                \n                    <tr class=\"__dt_row\">\n                                                <td  class=\"__dt_col_0 __dt_col __dt_col_title\" style=\"background-image: url('https:\/\/proppg.unilab.edu.br\/wp-content\/plugins\/download-manager\/assets\/file-type-icons\/pdf.svg');background-size: 36px;background-position: 5px 8px;background-repeat:  no-repeat;padding-left: 52px;line-height: normal;\">\n                            <strong>Portaria 269\/2025 \u2013 Composi\u00e7\u00e3o da CAPP<\/strong><br\/><div class=\"hidden-md hidden-lg td-mobile\"><\/div>\n\n                        <\/td>\n                                                <td  data-order=\"1756252800\"  class=\"__dt_col_1 __dt_col __dt_col_publish_date\" >\n                            <span class='__dt_publish_date '>27 de agosto de 2025<\/span>\n\n                        <\/td>\n                                                <td  class=\"__dt_col_2 __dt_col __dt_col_download_link\" >\n                            <a class='wpdm-download-link download-on-click btn btn-primary ' rel='nofollow' href='#' data-downloadurl=\"https:\/\/proppg.unilab.edu.br\/index.php\/download\/portaria-269-2025-composicao-da-capp\/?wpdmdl=7761&refresh=69de1c18372b31776163864\">Download<\/a>\n\n                        <\/td>\n                        \n                    <\/tr>\n                \n                    <tr class=\"__dt_row\">\n                                                <td  class=\"__dt_col_0 __dt_col __dt_col_title\" style=\"background-image: url('https:\/\/proppg.unilab.edu.br\/wp-content\/plugins\/download-manager\/assets\/file-type-icons\/pdf.svg');background-size: 36px;background-position: 5px 8px;background-repeat:  no-repeat;padding-left: 52px;line-height: normal;\">\n                            <strong>Portaria 377\/2024 \u2013 Composi\u00e7\u00e3o da CAPP<\/strong><br\/><div class=\"hidden-md hidden-lg td-mobile\"><\/div>\n\n                        <\/td>\n                                                <td  data-order=\"1731542400\"  class=\"__dt_col_1 __dt_col __dt_col_publish_date\" >\n                            <span class='__dt_publish_date '>14 de novembro de 2024<\/span>\n\n                        <\/td>\n                                                <td  class=\"__dt_col_2 __dt_col __dt_col_download_link\" >\n                            <a class='wpdm-download-link download-on-click btn btn-primary ' rel='nofollow' href='#' data-downloadurl=\"https:\/\/proppg.unilab.edu.br\/index.php\/download\/portaria-377-2024-composicao-da-capp\/?wpdmdl=7143&refresh=69de1c183ac8c1776163864\">Download<\/a>\n\n                        <\/td>\n                        \n                    <\/tr>\n                \n                    <tr class=\"__dt_row\">\n                                                <td  class=\"__dt_col_0 __dt_col __dt_col_title\" style=\"background-image: url('https:\/\/proppg.unilab.edu.br\/wp-content\/plugins\/download-manager\/assets\/file-type-icons\/pdf.svg');background-size: 36px;background-position: 5px 8px;background-repeat:  no-repeat;padding-left: 52px;line-height: normal;\">\n                            <strong>Portaria 344\/2022 \u2013 Composi\u00e7\u00e3o da CAPP<\/strong><br\/><div class=\"hidden-md hidden-lg td-mobile\"><\/div>\n\n                        <\/td>\n                                                <td  data-order=\"1666051200\"  class=\"__dt_col_1 __dt_col __dt_col_publish_date\" >\n                            <span class='__dt_publish_date '>18 de outubro de 2022<\/span>\n\n                        <\/td>\n                                                <td  class=\"__dt_col_2 __dt_col __dt_col_download_link\" >\n                            <a class='wpdm-download-link download-on-click btn btn-primary ' rel='nofollow' href='#' data-downloadurl=\"https:\/\/proppg.unilab.edu.br\/index.php\/download\/portaria-344-2022-composicao-da-capp\/?wpdmdl=4516&refresh=69de1c183e7b01776163864\">Download<\/a>\n\n                        <\/td>\n                        \n                    <\/tr>\n                \n                    <tr class=\"__dt_row\">\n                                                <td  class=\"__dt_col_0 __dt_col __dt_col_title\" style=\"background-image: url('https:\/\/proppg.unilab.edu.br\/wp-content\/plugins\/download-manager\/assets\/file-type-icons\/pdf.svg');background-size: 36px;background-position: 5px 8px;background-repeat:  no-repeat;padding-left: 52px;line-height: normal;\">\n                            <strong>Portaria 283\/2022 \u2013 Composi\u00e7\u00e3o da CAPP<\/strong><br\/><div class=\"hidden-md hidden-lg td-mobile\"><\/div>\n\n                        <\/td>\n                                                <td  data-order=\"1660694400\"  class=\"__dt_col_1 __dt_col __dt_col_publish_date\" >\n                            <span class='__dt_publish_date '>17 de agosto de 2022<\/span>\n\n                        <\/td>\n                                                <td  class=\"__dt_col_2 __dt_col __dt_col_download_link\" >\n                            <a class='wpdm-download-link download-on-click btn btn-primary ' rel='nofollow' href='#' data-downloadurl=\"https:\/\/proppg.unilab.edu.br\/index.php\/download\/portaria-283-2022-composicao-da-capp\/?wpdmdl=4672&refresh=69de1c1841fed1776163864\">Download<\/a>\n\n                        <\/td>\n                        \n                    <\/tr>\n                \n                    <tr class=\"__dt_row\">\n                                                <td  class=\"__dt_col_0 __dt_col __dt_col_title\" style=\"background-image: url('https:\/\/proppg.unilab.edu.br\/wp-content\/plugins\/download-manager\/assets\/file-type-icons\/pdf.svg');background-size: 36px;background-position: 5px 8px;background-repeat:  no-repeat;padding-left: 52px;line-height: normal;\">\n                            <strong>Res n\u00ba 135\/2022 &#8211; Regimento da Comiss\u00e3o de Avalia\u00e7\u00e3o de Projetos de Pesquisa (CAPP)<\/strong><br\/><div class=\"hidden-md hidden-lg td-mobile\"><\/div>\n\n                        <\/td>\n                                                <td  data-order=\"1650326400\"  class=\"__dt_col_1 __dt_col __dt_col_publish_date\" >\n                            <span class='__dt_publish_date '>19 de abril de 2022<\/span>\n\n                        <\/td>\n                                                <td  class=\"__dt_col_2 __dt_col __dt_col_download_link\" >\n                            <a class='wpdm-download-link download-on-click btn btn-primary ' rel='nofollow' href='#' data-downloadurl=\"https:\/\/proppg.unilab.edu.br\/index.php\/download\/resolucao-consepe-no-135-2022-dispoe-sobre-o-regimento-interno-da-capp\/?wpdmdl=4364&refresh=69de1c18455661776163864\">Download<\/a>\n\n                        <\/td>\n                        \n                    <\/tr>\n                \n                    <tr class=\"__dt_row\">\n                                                <td  class=\"__dt_col_0 __dt_col __dt_col_title\" style=\"background-image: url('https:\/\/proppg.unilab.edu.br\/wp-content\/plugins\/download-manager\/assets\/file-type-icons\/pdf.svg');background-size: 36px;background-position: 5px 8px;background-repeat:  no-repeat;padding-left: 52px;line-height: normal;\">\n                            <strong>Portaria 408\/2021 \u2013 Composi\u00e7\u00e3o da CAPP<\/strong><br\/><div class=\"hidden-md hidden-lg td-mobile\"><\/div>\n\n                        <\/td>\n                                                <td  data-order=\"1637798400\"  class=\"__dt_col_1 __dt_col __dt_col_publish_date\" >\n                            <span class='__dt_publish_date '>25 de novembro de 2021<\/span>\n\n                        <\/td>\n                                                <td  class=\"__dt_col_2 __dt_col __dt_col_download_link\" >\n                            <a class='wpdm-download-link download-on-click btn btn-primary ' rel='nofollow' href='#' data-downloadurl=\"https:\/\/proppg.unilab.edu.br\/index.php\/download\/portaria-408-2021-composicao-da-capp\/?wpdmdl=4671&refresh=69de1c1848b151776163864\">Download<\/a>\n\n                        <\/td>\n                        \n                    <\/tr>\n                \n                    <tr class=\"__dt_row\">\n                                                <td  class=\"__dt_col_0 __dt_col __dt_col_title\" style=\"background-image: url('https:\/\/proppg.unilab.edu.br\/wp-content\/plugins\/download-manager\/assets\/file-type-icons\/pdf.svg');background-size: 36px;background-position: 5px 8px;background-repeat:  no-repeat;padding-left: 52px;line-height: normal;\">\n                            <strong>Portaria 400\/2021 \u2013 Composi\u00e7\u00e3o da CAPP<\/strong><br\/><div class=\"hidden-md hidden-lg td-mobile\"><\/div>\n\n                        <\/td>\n                                                <td  data-order=\"1637107200\"  class=\"__dt_col_1 __dt_col __dt_col_publish_date\" >\n                            <span class='__dt_publish_date '>17 de novembro de 2021<\/span>\n\n                        <\/td>\n                                                <td  class=\"__dt_col_2 __dt_col __dt_col_download_link\" >\n                            <a class='wpdm-download-link download-on-click btn btn-primary ' rel='nofollow' href='#' data-downloadurl=\"https:\/\/proppg.unilab.edu.br\/index.php\/download\/portaria-400-2021-composicao-da-capp\/?wpdmdl=4670&refresh=69de1c184ce931776163864\">Download<\/a>\n\n                        <\/td>\n                        \n                    <\/tr>\n                \n                    <tr class=\"__dt_row\">\n                                                <td  class=\"__dt_col_0 __dt_col __dt_col_title\" style=\"background-image: url('https:\/\/proppg.unilab.edu.br\/wp-content\/plugins\/download-manager\/assets\/file-type-icons\/pdf.svg');background-size: 36px;background-position: 5px 8px;background-repeat:  no-repeat;padding-left: 52px;line-height: normal;\">\n                            <strong>Portaria 188\/2020 \u2013 Composi\u00e7\u00e3o da CAPP<\/strong><br\/><div class=\"hidden-md hidden-lg td-mobile\"><\/div>\n\n                        <\/td>\n                                                <td  data-order=\"1588723200\"  class=\"__dt_col_1 __dt_col __dt_col_publish_date\" >\n                            <span class='__dt_publish_date '>6 de maio de 2020<\/span>\n\n                        <\/td>\n                                                <td  class=\"__dt_col_2 __dt_col __dt_col_download_link\" >\n                            <a class='wpdm-download-link download-on-click btn btn-primary ' rel='nofollow' href='#' data-downloadurl=\"https:\/\/proppg.unilab.edu.br\/index.php\/download\/portaria-reitoria-n-188\/?wpdmdl=2570&refresh=69de1c18508831776163864\">Download<\/a>\n\n                        <\/td>\n                        \n                    <\/tr>\n                \n                    <tr class=\"__dt_row\">\n                                                <td  class=\"__dt_col_0 __dt_col __dt_col_title\" style=\"background-image: url('https:\/\/proppg.unilab.edu.br\/wp-content\/plugins\/download-manager\/assets\/file-type-icons\/pdf.svg');background-size: 36px;background-position: 5px 8px;background-repeat:  no-repeat;padding-left: 52px;line-height: normal;\">\n                            <strong>Portaria 472\/2018 \u2013 Composi\u00e7\u00e3o da CAPP<\/strong><br\/><div class=\"hidden-md hidden-lg td-mobile\"><\/div>\n\n                        <\/td>\n                                                <td  data-order=\"1524787200\"  class=\"__dt_col_1 __dt_col __dt_col_publish_date\" >\n                            <span class='__dt_publish_date '>27 de abril de 2018<\/span>\n\n                        <\/td>\n                                                <td  class=\"__dt_col_2 __dt_col __dt_col_download_link\" >\n                            <a class='wpdm-download-link download-on-click btn btn-primary ' rel='nofollow' href='#' data-downloadurl=\"https:\/\/proppg.unilab.edu.br\/index.php\/download\/portaria-472-2018-composicao-da-capp\/?wpdmdl=4669&refresh=69de1c18541601776163864\">Download<\/a>\n\n                        <\/td>\n                        \n                    <\/tr>\n                                        <\/tbody>\n        <\/table>\n\n        <div class='text-center'><ul class='pagination wpdm-pagination pagination-centered text-center'><li><span aria-current=\"page\" class=\"page-numbers current\">1<\/span><\/li><li><a class=\"page-numbers\" href=\"https:\/\/proppg.unilab.edu.br\/index.php\/wp-json\/wp\/v2\/pages\/688\/?cp=2\">2<\/a><\/li><li><a class=\"next page-numbers\" href=\"https:\/\/proppg.unilab.edu.br\/index.php\/wp-json\/wp\/v2\/pages\/688\/?cp=2\">Seguinte<\/a><\/li><\/ul><\/div>\n    <\/div>\n<\/div>\n\r\n<p><!-- \/wp:post-content --><\/p>","protected":false},"excerpt":{"rendered":"<p>A Comiss\u00e3o de Avalia\u00e7\u00e3o de Projetos de Pesquisa (CAPP) tem como objetivo institucionalizar e normatizar o registro e a avalia\u00e7\u00e3o de projetos e relat\u00f3rios de pesquisa da Universidade e est\u00e1 vinculada \u00e0 Pr\u00f3-Reitoria de Pesquisa e P\u00f3s-Gradua\u00e7\u00e3o (PROPPG).A CAPP coordena o processo de avalia\u00e7\u00e3o dos projetos de pesquisa submetidos ao edital de Fluxo Cont\u00ednuo e [&hellip;]<\/p>\n","protected":false},"author":2,"featured_media":0,"parent":0,"menu_order":0,"comment_status":"closed","ping_status":"closed","template":"","meta":{"_uag_custom_page_level_css":"","footnotes":""},"class_list":["post-688","page","type-page","status-publish","hentry"],"uagb_featured_image_src":{"full":false,"thumbnail":false,"medium":false,"medium_large":false,"large":false,"1536x1536":false,"2048x2048":false},"uagb_author_info":{"display_name":"PROPPG UNILAB","author_link":"https:\/\/proppg.unilab.edu.br\/index.php\/author\/proppg\/"},"uagb_comment_info":0,"uagb_excerpt":"A Comiss\u00e3o de Avalia\u00e7\u00e3o de Projetos de Pesquisa (CAPP) tem como objetivo institucionalizar e normatizar o registro e a avalia\u00e7\u00e3o de projetos e relat\u00f3rios de pesquisa da Universidade e est\u00e1 vinculada \u00e0 Pr\u00f3-Reitoria de Pesquisa e P\u00f3s-Gradua\u00e7\u00e3o (PROPPG).A CAPP coordena o processo de avalia\u00e7\u00e3o dos projetos de pesquisa submetidos ao edital de Fluxo Cont\u00ednuo e&hellip;","_links":{"self":[{"href":"https:\/\/proppg.unilab.edu.br\/index.php\/wp-json\/wp\/v2\/pages\/688","targetHints":{"allow":["GET"]}}],"collection":[{"href":"https:\/\/proppg.unilab.edu.br\/index.php\/wp-json\/wp\/v2\/pages"}],"about":[{"href":"https:\/\/proppg.unilab.edu.br\/index.php\/wp-json\/wp\/v2\/types\/page"}],"author":[{"embeddable":true,"href":"https:\/\/proppg.unilab.edu.br\/index.php\/wp-json\/wp\/v2\/users\/2"}],"replies":[{"embeddable":true,"href":"https:\/\/proppg.unilab.edu.br\/index.php\/wp-json\/wp\/v2\/comments?post=688"}],"version-history":[{"count":25,"href":"https:\/\/proppg.unilab.edu.br\/index.php\/wp-json\/wp\/v2\/pages\/688\/revisions"}],"predecessor-version":[{"id":6218,"href":"https:\/\/proppg.unilab.edu.br\/index.php\/wp-json\/wp\/v2\/pages\/688\/revisions\/6218"}],"wp:attachment":[{"href":"https:\/\/proppg.unilab.edu.br\/index.php\/wp-json\/wp\/v2\/media?parent=688"}],"curies":[{"name":"wp","href":"https:\/\/api.w.org\/{rel}","templated":true}]}}