{"id":684,"date":"2016-05-09T15:10:33","date_gmt":"2016-05-09T18:10:33","guid":{"rendered":"http:\/\/proppg.unilab.edu.br\/?page_id=684"},"modified":"2024-05-23T08:53:38","modified_gmt":"2024-05-23T11:53:38","slug":"clic","status":"publish","type":"page","link":"https:\/\/proppg.unilab.edu.br\/index.php\/clic\/","title":{"rendered":"CLIC &#8211; Comiss\u00e3o Local de Inicia\u00e7\u00e3o Cient\u00edfica"},"content":{"rendered":"<p style=\"text-align: justify;\">A Comiss\u00e3o Local de Inicia\u00e7\u00e3o Cient\u00edfica (CLIC) tem como objetivo coordenar as atividades do Programa Institucional de Bolsas de Inicia\u00e7\u00e3o Cient\u00edfica (PIBIC) da Unilab e est\u00e1 vinculada \u00e0 Pr\u00f3-Reitoria de Pesquisa e P\u00f3s-Gradua\u00e7\u00e3o (PROPPG).<\/p>\r\n<p style=\"text-align: justify;\">A CLIC\/Unilab coordena o processo de an\u00e1lise e julgamento dos projetos de pesquisa submetidos ao PIBIC, contando com a participa\u00e7\u00e3o de Consultores Externos, pesquisadores n\u00edvel I do CNPq.<\/p>\r\n<p style=\"text-align: justify;\">A Comiss\u00e3o foi criada pela Portaria n\u00ba 76, de 17 de junho de 2011, tendo como atribui\u00e7\u00f5es dar subs\u00eddios \u00e0 elabora\u00e7\u00e3o de diretrizes para a pol\u00edtica de inicia\u00e7\u00e3o \u00e0 pesquisa cient\u00edfica na Unilab e propor um programa institucional de apoio e est\u00edmulo ao desenvolvimento de atividades de inicia\u00e7\u00e3o \u00e0 pesquisa cient\u00edfica em respeito e conson\u00e2ncia aos crit\u00e9rios e procedimentos j\u00e1 estabelecidos pelas ag\u00eancias de fomento do pa\u00eds.<\/p>\r\n<h5><strong>Compete \u00e0 Comiss\u00e3o Local de Inicia\u00e7\u00e3o Cient\u00edfica (CLIC):\u00a0<\/strong><\/h5>\r\n<p><span style=\"font-weight: 400;\">I &#8211; fixar os calend\u00e1rios de seu exerc\u00edcio e das reuni\u00f5es ordin\u00e1rias, com aviso pr\u00e9vio das pautas com o prazo m\u00ednimo de 07 (sete) dias, respeitando o calend\u00e1rio acad\u00eamico da Universidade;<\/span><\/p>\r\n<p><span style=\"font-weight: 400;\">II &#8211; estabelecer crit\u00e9rios, analisar e\/ou homologar inscri\u00e7\u00f5es e recursos;<\/span><\/p>\r\n<p><span style=\"font-weight: 400;\">III &#8211; analisar os relat\u00f3rios dos resultados das pesquisas referentes aos projetos contemplados com bolsas dos editais PIBIC (Programa Institucional de Bolsas de Inicia\u00e7\u00e3o Cient\u00edfica)\u00a0 e PIBITI (Programa Institucional de Bolsas de Inicia\u00e7\u00e3o em Desenvolvimento Tecnol\u00f3gico e Inova\u00e7\u00e3o);<\/span><\/p>\r\n<p><span style=\"font-weight: 400;\">IV &#8211; participar e avaliar os resultados apresentados no Encontro de Inicia\u00e7\u00e3o Cient\u00edfica da Unilab;<\/span><\/p>\r\n<p><span style=\"font-weight: 400;\">V &#8211; conferir as produ\u00e7\u00f5es cient\u00edficas dos proponentes, atestadas nas fichas de qualifica\u00e7\u00e3o dos respectivos curr\u00edculos;<\/span><\/p>\r\n<p><span style=\"font-weight: 400;\">VI &#8211; avaliar e aprovar os editais PIBIC e PIBITI a serem criados e executados pela Coordena\u00e7\u00e3o de Pesquisa (CPQ) da Pr\u00f3-reitoria de Pesquisa e P\u00f3s-gradua\u00e7\u00e3o (PROPPG), nos termos das normativas vigentes;<\/span><\/p>\r\n<p><span style=\"font-weight: 400;\">VII &#8211; constituir e manter atualizado o quadro de consultores <\/span><i><span style=\"font-weight: 400;\">ad hoc<\/span><\/i><span style=\"font-weight: 400;\"> institucionais e externos \u00e0 Unilab para avaliar propostas de projeto de pesquisa submetidas aos editais PIBIC e PIBITI;<\/span><\/p>\r\n<p><span style=\"font-weight: 400;\">VIII &#8211; encaminhar os resultados dos processos de sele\u00e7\u00e3o para a PROPPG;<\/span><\/p>\r\n<p><span style=\"font-weight: 400;\">IX &#8211; deliberar sobre os pedidos de reconsidera\u00e7\u00e3o dos pesquisadores da Unilab quanto \u00e0 avalia\u00e7\u00e3o das propostas e relat\u00f3rios de desempenho dos bolsistas;<\/span><\/p>\r\n<p><span style=\"font-weight: 400;\">X &#8211; deliberar sobre os pedidos justificados de substitui\u00e7\u00e3o de orientador e de coorientador encaminhados \u00e0 PROPPG, conforme previsto em edital;<\/span><\/p>\r\n<p><span style=\"font-weight: 400;\">XI &#8211; deliberar sobre as altera\u00e7\u00f5es justificadas das propostas aprovadas no PIBIC e PIBITI;<\/span><\/p>\r\n<p><span style=\"font-weight: 400;\">XII &#8211; participar, anualmente, do planejamento e da execu\u00e7\u00e3o do evento de inicia\u00e7\u00e3o cient\u00edfica (IC) da Unilab;<\/span><\/p>\r\n<p><span style=\"font-weight: 400;\">XIII &#8211; recomendar \u00e0 PROPPG o desligamento de pesquisador ou bolsista do PIBIC e PIBITI,caso verifique o descumprimento das normas, deveres e requisitos previstos em edital;<\/span><\/p>\r\n<p><span style=\"font-weight: 400;\">XIV &#8211; assessorar sobre outros assuntos relacionados \u00e0 IC; e<\/span><\/p>\r\n<p><span style=\"font-weight: 400;\">XV &#8211; analisar e aprovar altera\u00e7\u00f5es para o presente Regimento, nos termos do art. 1\u00ba.<\/span><\/p>\r\n<hr \/>\r\n<h5><strong>Regimento da CLIC e Portarias de nomea\u00e7\u00e3o de Membros <\/strong><\/h5>\r\n<style>\n    .wpdmdt-toolbar {\n        padding: 10px;\n    }\n    .wpdmdt-toolbarb {\n        padding: 5px 10px 10px;\n    }\n    .wpdmdt-toolbar > div {\n        display: inline-block;\n    }\n    table,td,th{\n        border: 0;\n    }\n    #wpdm-all-packages .card{\n        overflow: hidden;\n    }\n    .dataTables_wrapper .table{\n        margin: 0;\n    }\n    #wpdmmydls-a1e8ba0b35898ab5cdfcad018358e3e0{\n        border-bottom: 1px solid #dddddd;\n        border-top: 1px solid #dddddd;\n        font-size: 10pt;\n        min-width: 100%;\n    }\n    #wpdmmydls-a1e8ba0b35898ab5cdfcad018358e3e0 .wpdm-download-link img{\n        box-shadow: none !important;\n        max-width: 100%;\n    }\n    .w3eden .pagination{\n        margin: 0 !important;\n    }\n    #wpdmmydls-a1e8ba0b35898ab5cdfcad018358e3e0 td:not(:first-child){\n        vertical-align: middle !important;\n    }\n    #wpdmmydls-a1e8ba0b35898ab5cdfcad018358e3e0 td.__dt_col_download_link .btn{\n        display: block;\n        width: 100%;\n    }\n    #wpdmmydls-a1e8ba0b35898ab5cdfcad018358e3e0 td.__dt_col_download_link,\n    #wpdmmydls-a1e8ba0b35898ab5cdfcad018358e3e0 th#download_link{\n        max-width: 155px !important;\n        width: 155px;\n\n    }\n    #wpdmmydls-a1e8ba0b35898ab5cdfcad018358e3e0 th{\n        background-color: rgba(0,0,0,0.04);\n        border-bottom: 1px solid rgba(0,0,0,0.025);\n    }\n    #wpdmmydls-a1e8ba0b35898ab5cdfcad018358e3e0_length label,\n    #wpdmmydls-a1e8ba0b35898ab5cdfcad018358e3e0_filter label{\n        font-weight: 400;\n    }\n    #wpdmmydls-a1e8ba0b35898ab5cdfcad018358e3e0_filter input[type=search]{\n        display: inline-block;\n        width: 200px;\n    }\n    #wpdmmydls-a1e8ba0b35898ab5cdfcad018358e3e0_length select{\n        display: inline-block;\n        width: 60px;\n    }\n\n    #wpdmmydls-a1e8ba0b35898ab5cdfcad018358e3e0 .package-title{\n        color:#36597C;\n        font-size: 11pt;\n        font-weight: 700;\n    }\n    #wpdmmydls-a1e8ba0b35898ab5cdfcad018358e3e0 .small-txt{\n        margin-right: 7px;\n    }\n    #wpdmmydls-a1e8ba0b35898ab5cdfcad018358e3e0 td{\n        min-width: 150px;\n    }\n\n    #wpdmmydls-a1e8ba0b35898ab5cdfcad018358e3e0 td.__dt_col_categories{\n        max-width: 300px;\n    }\n\n    #wpdmmydls-a1e8ba0b35898ab5cdfcad018358e3e0 .small-txt,\n    #wpdmmydls-a1e8ba0b35898ab5cdfcad018358e3e0 small{\n        font-size: 9pt;\n    }\n    .w3eden .table-striped tbody tr:nth-of-type(2n+1) {\n        background-color: rgba(0,0,0,0.015);\n    }\n    .dataTables_wrapper .dataTables_paginate .paginate_button:active,\n    .dataTables_wrapper .dataTables_paginate .paginate_button:focus,\n    .dataTables_wrapper .dataTables_paginate .paginate_button:hover,\n    .dataTables_wrapper .dataTables_paginate .paginate_button{\n        margin: 0 !important;\n        padding: 0 !important;\n        border: 0 !important;\n        background: transparent !important;\n    }\n\n\n    @media (max-width: 799px) {\n        #wpdmmydls-a1e8ba0b35898ab5cdfcad018358e3e0 tr {\n            display: block;\n            border: 3px solid rgba(0,0,0,0.3) !important;\n            margin-bottom: 10px !important;\n            position: relative;\n        }\n        #wpdmmydls-a1e8ba0b35898ab5cdfcad018358e3e0 thead{\n            display: none;\n        }\n        #wpdmmydls-a1e8ba0b35898ab5cdfcad018358e3e0,\n        #wpdmmydls-a1e8ba0b35898ab5cdfcad018358e3e0 td:first-child {\n            border: 0 !important;\n        }\n        #wpdmmydls-a1e8ba0b35898ab5cdfcad018358e3e0 td {\n            display: block;\n        }\n        #wpdmmydls-a1e8ba0b35898ab5cdfcad018358e3e0 td.__dt_col_download_link {\n            display: block;\n            max-width: 100% !important;\n            width: auto !important;\n\n        }\n    }\n\n\n<\/style>\n<div class=\"w3eden\">\n    <div id=\"wpdm-all-packages\">\n        <table id=\"wpdmmydls-a1e8ba0b35898ab5cdfcad018358e3e0\" class=\"table table-striped wpdm-all-packages-table\">\n            <thead>\n            <tr>\n                                <th style=\"\"  id=\"title\" class=\"\">T\u00edtulo<\/th>\n                                <th style=\"\"  id=\"publishdate\" class=\"hidden-sm hidden-xs\">Data de Atualiza\u00e7\u00e3o<\/th>\n                                <th style=\"width: 80px !important;max-width: 80px !important;\"  id=\"downloadlink\" class=\"hidden-sm hidden-xs\">Download<\/th>\n                \n            <\/tr>\n            <\/thead>\n            <tbody>\n            \n                    <tr class=\"__dt_row\">\n                                                <td  class=\"__dt_col_0 __dt_col __dt_col_title\" style=\"background-image: url('https:\/\/proppg.unilab.edu.br\/wp-content\/plugins\/download-manager\/assets\/file-type-icons\/pdf.svg');background-size: 36px;background-position: 5px 8px;background-repeat:  no-repeat;padding-left: 52px;line-height: normal;\">\n                            <strong>Portaria 221\/2026 &#8211; Composi\u00e7\u00e3o da CLIC<\/strong><br\/><div class=\"hidden-md hidden-lg td-mobile\"><\/div>\n\n                        <\/td>\n                                                <td  data-order=\"1773273600\"  class=\"__dt_col_1 __dt_col __dt_col_publish_date\" >\n                            <span class='__dt_publish_date '>12 de mar\u00e7o de 2026<\/span>\n\n                        <\/td>\n                                                <td  class=\"__dt_col_2 __dt_col __dt_col_download_link\" >\n                            <a class='wpdm-download-link download-on-click btn btn-primary ' rel='nofollow' href='#' data-downloadurl=\"https:\/\/proppg.unilab.edu.br\/index.php\/download\/8141\/?wpdmdl=8141&refresh=69d2c534693571775420724\">Download<\/a>\n\n                        <\/td>\n                        \n                    <\/tr>\n                \n                    <tr class=\"__dt_row\">\n                                                <td  class=\"__dt_col_0 __dt_col __dt_col_title\" style=\"background-image: url('https:\/\/proppg.unilab.edu.br\/wp-content\/plugins\/download-manager\/assets\/file-type-icons\/pdf.svg');background-size: 36px;background-position: 5px 8px;background-repeat:  no-repeat;padding-left: 52px;line-height: normal;\">\n                            <strong>PORTARIA REITORIA\/UNILAB 366\/2025 \u2013 Composi\u00e7\u00e3o da CLIC<\/strong><br\/><div class=\"hidden-md hidden-lg td-mobile\"><\/div>\n\n                        <\/td>\n                                                <td  data-order=\"1765324800\"  class=\"__dt_col_1 __dt_col __dt_col_publish_date\" >\n                            <span class='__dt_publish_date '>10 de dezembro de 2025<\/span>\n\n                        <\/td>\n                                                <td  class=\"__dt_col_2 __dt_col __dt_col_download_link\" >\n                            <a class='wpdm-download-link download-on-click btn btn-primary ' rel='nofollow' href='#' data-downloadurl=\"https:\/\/proppg.unilab.edu.br\/index.php\/download\/portaria-reitoria-unilab-366-2025\/?wpdmdl=7887&refresh=69d2c5346cc0c1775420724\">Download<\/a>\n\n                        <\/td>\n                        \n                    <\/tr>\n                \n                    <tr class=\"__dt_row\">\n                                                <td  class=\"__dt_col_0 __dt_col __dt_col_title\" style=\"background-image: url('https:\/\/proppg.unilab.edu.br\/wp-content\/plugins\/download-manager\/assets\/file-type-icons\/pdf.svg');background-size: 36px;background-position: 5px 8px;background-repeat:  no-repeat;padding-left: 52px;line-height: normal;\">\n                            <strong>Portaria 268\/2025 \u2013 Composi\u00e7\u00e3o da CLIC<\/strong><br\/><div class=\"hidden-md hidden-lg td-mobile\"><\/div>\n\n                        <\/td>\n                                                <td  data-order=\"1756252800\"  class=\"__dt_col_1 __dt_col __dt_col_publish_date\" >\n                            <span class='__dt_publish_date '>27 de agosto de 2025<\/span>\n\n                        <\/td>\n                                                <td  class=\"__dt_col_2 __dt_col __dt_col_download_link\" >\n                            <a class='wpdm-download-link download-on-click btn btn-primary ' rel='nofollow' href='#' data-downloadurl=\"https:\/\/proppg.unilab.edu.br\/index.php\/download\/portaria-268-2025-composicao-da-clic\/?wpdmdl=7762&refresh=69d2c534702491775420724\">Download<\/a>\n\n                        <\/td>\n                        \n                    <\/tr>\n                \n                    <tr class=\"__dt_row\">\n                                                <td  class=\"__dt_col_0 __dt_col __dt_col_title\" style=\"background-image: url('https:\/\/proppg.unilab.edu.br\/wp-content\/plugins\/download-manager\/assets\/file-type-icons\/pdf.svg');background-size: 36px;background-position: 5px 8px;background-repeat:  no-repeat;padding-left: 52px;line-height: normal;\">\n                            <strong>Portaria 002\/2025 \u2013 Composi\u00e7\u00e3o da CLIC<\/strong><br\/><div class=\"hidden-md hidden-lg td-mobile\"><\/div>\n\n                        <\/td>\n                                                <td  data-order=\"1742169600\"  class=\"__dt_col_1 __dt_col __dt_col_publish_date\" >\n                            <span class='__dt_publish_date '>17 de mar\u00e7o de 2025<\/span>\n\n                        <\/td>\n                                                <td  class=\"__dt_col_2 __dt_col __dt_col_download_link\" >\n                            <a class='wpdm-download-link download-on-click btn btn-primary ' rel='nofollow' href='#' data-downloadurl=\"https:\/\/proppg.unilab.edu.br\/index.php\/download\/portaria-002-2025-composicao-da-clic\/?wpdmdl=7408&refresh=69d2c534738901775420724\">Download<\/a>\n\n                        <\/td>\n                        \n                    <\/tr>\n                \n                    <tr class=\"__dt_row\">\n                                                <td  class=\"__dt_col_0 __dt_col __dt_col_title\" style=\"background-image: url('https:\/\/proppg.unilab.edu.br\/wp-content\/plugins\/download-manager\/assets\/file-type-icons\/pdf.svg');background-size: 36px;background-position: 5px 8px;background-repeat:  no-repeat;padding-left: 52px;line-height: normal;\">\n                            <strong>Portaria 376\/2024 \u2013 Composi\u00e7\u00e3o da CLIC<\/strong><br\/><div class=\"hidden-md hidden-lg td-mobile\"><\/div>\n\n                        <\/td>\n                                                <td  data-order=\"1731542400\"  class=\"__dt_col_1 __dt_col __dt_col_publish_date\" >\n                            <span class='__dt_publish_date '>14 de novembro de 2024<\/span>\n\n                        <\/td>\n                                                <td  class=\"__dt_col_2 __dt_col __dt_col_download_link\" >\n                            <a class='wpdm-download-link download-on-click btn btn-primary ' rel='nofollow' href='#' data-downloadurl=\"https:\/\/proppg.unilab.edu.br\/index.php\/download\/portaria-376-2024-composicao-da-clic\/?wpdmdl=7142&refresh=69d2c53476ed51775420724\">Download<\/a>\n\n                        <\/td>\n                        \n                    <\/tr>\n                \n                    <tr class=\"__dt_row\">\n                                                <td  class=\"__dt_col_0 __dt_col __dt_col_title\" style=\"background-image: url('https:\/\/proppg.unilab.edu.br\/wp-content\/plugins\/download-manager\/assets\/file-type-icons\/pdf.svg');background-size: 36px;background-position: 5px 8px;background-repeat:  no-repeat;padding-left: 52px;line-height: normal;\">\n                            <strong>Portaria 343\/2022 \u2013 Composi\u00e7\u00e3o da CLIC<\/strong><br\/><div class=\"hidden-md hidden-lg td-mobile\"><\/div>\n\n                        <\/td>\n                                                <td  data-order=\"1666051200\"  class=\"__dt_col_1 __dt_col __dt_col_publish_date\" >\n                            <span class='__dt_publish_date '>18 de outubro de 2022<\/span>\n\n                        <\/td>\n                                                <td  class=\"__dt_col_2 __dt_col __dt_col_download_link\" >\n                            <a class='wpdm-download-link download-on-click btn btn-primary ' rel='nofollow' href='#' data-downloadurl=\"https:\/\/proppg.unilab.edu.br\/index.php\/download\/portaria-343-2022-composicao-da-clic\/?wpdmdl=4514&refresh=69d2c5347a4491775420724\">Download<\/a>\n\n                        <\/td>\n                        \n                    <\/tr>\n                \n                    <tr class=\"__dt_row\">\n                                                <td  class=\"__dt_col_0 __dt_col __dt_col_title\" style=\"background-image: url('https:\/\/proppg.unilab.edu.br\/wp-content\/plugins\/download-manager\/assets\/file-type-icons\/pdf.svg');background-size: 36px;background-position: 5px 8px;background-repeat:  no-repeat;padding-left: 52px;line-height: normal;\">\n                            <strong>Portaria 281\/2022 \u2013 Composi\u00e7\u00e3o da CLIC<\/strong><br\/><div class=\"hidden-md hidden-lg td-mobile\"><\/div>\n\n                        <\/td>\n                                                <td  data-order=\"1660694400\"  class=\"__dt_col_1 __dt_col __dt_col_publish_date\" >\n                            <span class='__dt_publish_date '>17 de agosto de 2022<\/span>\n\n                        <\/td>\n                                                <td  class=\"__dt_col_2 __dt_col __dt_col_download_link\" >\n                            <a class='wpdm-download-link download-on-click btn btn-primary ' rel='nofollow' href='#' data-downloadurl=\"https:\/\/proppg.unilab.edu.br\/index.php\/download\/portaria-281-2022-composicao-da-clic\/?wpdmdl=4726&refresh=69d2c5347da3c1775420724\">Download<\/a>\n\n                        <\/td>\n                        \n                    <\/tr>\n                \n                    <tr class=\"__dt_row\">\n                                                <td  class=\"__dt_col_0 __dt_col __dt_col_title\" style=\"background-image: url('https:\/\/proppg.unilab.edu.br\/wp-content\/plugins\/download-manager\/assets\/file-type-icons\/pdf.svg');background-size: 36px;background-position: 5px 8px;background-repeat:  no-repeat;padding-left: 52px;line-height: normal;\">\n                            <strong>Portaria 223\/2022 \u2013 Composi\u00e7\u00e3o da CLIC<\/strong><br\/><div class=\"hidden-md hidden-lg td-mobile\"><\/div>\n\n                        <\/td>\n                                                <td  data-order=\"1657497600\"  class=\"__dt_col_1 __dt_col __dt_col_publish_date\" >\n                            <span class='__dt_publish_date '>11 de julho de 2022<\/span>\n\n                        <\/td>\n                                                <td  class=\"__dt_col_2 __dt_col __dt_col_download_link\" >\n                            <a class='wpdm-download-link download-on-click btn btn-primary ' rel='nofollow' href='#' data-downloadurl=\"https:\/\/proppg.unilab.edu.br\/index.php\/download\/portaria-223-2022-composicao-da-clic\/?wpdmdl=4727&refresh=69d2c53480f981775420724\">Download<\/a>\n\n                        <\/td>\n                        \n                    <\/tr>\n                \n                    <tr class=\"__dt_row\">\n                                                <td  class=\"__dt_col_0 __dt_col __dt_col_title\" style=\"background-image: url('https:\/\/proppg.unilab.edu.br\/wp-content\/plugins\/download-manager\/assets\/file-type-icons\/pdf.svg');background-size: 36px;background-position: 5px 8px;background-repeat:  no-repeat;padding-left: 52px;line-height: normal;\">\n                            <strong>Portaria 180\/2022 \u2013 Composi\u00e7\u00e3o da CLIC<\/strong><br\/><div class=\"hidden-md hidden-lg td-mobile\"><\/div>\n\n                        <\/td>\n                                                <td  data-order=\"1654041600\"  class=\"__dt_col_1 __dt_col __dt_col_publish_date\" >\n                            <span class='__dt_publish_date '>1 de junho de 2022<\/span>\n\n                        <\/td>\n                                                <td  class=\"__dt_col_2 __dt_col __dt_col_download_link\" >\n                            <a class='wpdm-download-link download-on-click btn btn-primary ' rel='nofollow' href='#' data-downloadurl=\"https:\/\/proppg.unilab.edu.br\/index.php\/download\/portaria-180-2022-composicao-da-clic\/?wpdmdl=4728&refresh=69d2c5348451f1775420724\">Download<\/a>\n\n                        <\/td>\n                        \n                    <\/tr>\n                \n                    <tr class=\"__dt_row\">\n                                                <td  class=\"__dt_col_0 __dt_col __dt_col_title\" style=\"background-image: url('https:\/\/proppg.unilab.edu.br\/wp-content\/plugins\/download-manager\/assets\/file-type-icons\/pdf.svg');background-size: 36px;background-position: 5px 8px;background-repeat:  no-repeat;padding-left: 52px;line-height: normal;\">\n                            <strong>Res n\u00ba 112\/2021 &#8211; Regimento da Comiss\u00e3o Local de Inicia\u00e7\u00e3o Cient\u00edfica (CLIC)<\/strong><br\/><div class=\"hidden-md hidden-lg td-mobile\"><\/div>\n\n                        <\/td>\n                                                <td  data-order=\"1637193600\"  class=\"__dt_col_1 __dt_col __dt_col_publish_date\" >\n                            <span class='__dt_publish_date '>18 de novembro de 2021<\/span>\n\n                        <\/td>\n                                                <td  class=\"__dt_col_2 __dt_col __dt_col_download_link\" >\n                            <a class='wpdm-download-link download-on-click btn btn-primary ' rel='nofollow' href='#' data-downloadurl=\"https:\/\/proppg.unilab.edu.br\/index.php\/download\/resolucao-consepe-no-112-2021-dispoe-sobre-o-regimento-da-clic\/?wpdmdl=4372&refresh=69d2c53487abd1775420724\">Download<\/a>\n\n                        <\/td>\n                        \n                    <\/tr>\n                                        <\/tbody>\n        <\/table>\n\n        <div class='text-center'><ul class='pagination wpdm-pagination pagination-centered text-center'><li><span aria-current=\"page\" class=\"page-numbers current\">1<\/span><\/li><li><a class=\"page-numbers\" href=\"https:\/\/proppg.unilab.edu.br\/index.php\/wp-json\/wp\/v2\/pages\/684\/?cp=2\">2<\/a><\/li><li><a class=\"page-numbers\" href=\"https:\/\/proppg.unilab.edu.br\/index.php\/wp-json\/wp\/v2\/pages\/684\/?cp=3\">3<\/a><\/li><li><a class=\"next page-numbers\" href=\"https:\/\/proppg.unilab.edu.br\/index.php\/wp-json\/wp\/v2\/pages\/684\/?cp=2\">Seguinte<\/a><\/li><\/ul><\/div>\n    <\/div>\n<\/div>\n\r\n<!-- \/wp:post-content -->","protected":false},"excerpt":{"rendered":"<p>A Comiss\u00e3o Local de Inicia\u00e7\u00e3o Cient\u00edfica (CLIC) tem como objetivo coordenar as atividades do Programa Institucional de Bolsas de Inicia\u00e7\u00e3o Cient\u00edfica (PIBIC) da Unilab e est\u00e1 vinculada \u00e0 Pr\u00f3-Reitoria de Pesquisa e P\u00f3s-Gradua\u00e7\u00e3o (PROPPG). A CLIC\/Unilab coordena o processo de an\u00e1lise e julgamento dos projetos de pesquisa submetidos ao PIBIC, contando com a participa\u00e7\u00e3o de [&hellip;]<\/p>\n","protected":false},"author":2,"featured_media":0,"parent":0,"menu_order":0,"comment_status":"closed","ping_status":"closed","template":"","meta":{"_uag_custom_page_level_css":"","footnotes":""},"class_list":["post-684","page","type-page","status-publish","hentry"],"uagb_featured_image_src":{"full":false,"thumbnail":false,"medium":false,"medium_large":false,"large":false,"1536x1536":false,"2048x2048":false},"uagb_author_info":{"display_name":"PROPPG UNILAB","author_link":"https:\/\/proppg.unilab.edu.br\/index.php\/author\/proppg\/"},"uagb_comment_info":0,"uagb_excerpt":"A Comiss\u00e3o Local de Inicia\u00e7\u00e3o Cient\u00edfica (CLIC) tem como objetivo coordenar as atividades do Programa Institucional de Bolsas de Inicia\u00e7\u00e3o Cient\u00edfica (PIBIC) da Unilab e est\u00e1 vinculada \u00e0 Pr\u00f3-Reitoria de Pesquisa e P\u00f3s-Gradua\u00e7\u00e3o (PROPPG). A CLIC\/Unilab coordena o processo de an\u00e1lise e julgamento dos projetos de pesquisa submetidos ao PIBIC, contando com a participa\u00e7\u00e3o de&hellip;","_links":{"self":[{"href":"https:\/\/proppg.unilab.edu.br\/index.php\/wp-json\/wp\/v2\/pages\/684","targetHints":{"allow":["GET"]}}],"collection":[{"href":"https:\/\/proppg.unilab.edu.br\/index.php\/wp-json\/wp\/v2\/pages"}],"about":[{"href":"https:\/\/proppg.unilab.edu.br\/index.php\/wp-json\/wp\/v2\/types\/page"}],"author":[{"embeddable":true,"href":"https:\/\/proppg.unilab.edu.br\/index.php\/wp-json\/wp\/v2\/users\/2"}],"replies":[{"embeddable":true,"href":"https:\/\/proppg.unilab.edu.br\/index.php\/wp-json\/wp\/v2\/comments?post=684"}],"version-history":[{"count":36,"href":"https:\/\/proppg.unilab.edu.br\/index.php\/wp-json\/wp\/v2\/pages\/684\/revisions"}],"predecessor-version":[{"id":7413,"href":"https:\/\/proppg.unilab.edu.br\/index.php\/wp-json\/wp\/v2\/pages\/684\/revisions\/7413"}],"wp:attachment":[{"href":"https:\/\/proppg.unilab.edu.br\/index.php\/wp-json\/wp\/v2\/media?parent=684"}],"curies":[{"name":"wp","href":"https:\/\/api.w.org\/{rel}","templated":true}]}}