{"id":68,"date":"2014-12-15T15:25:19","date_gmt":"2014-12-15T18:25:19","guid":{"rendered":"http:\/\/proppg.unilab.edu.br\/?page_id=68"},"modified":"2024-06-24T10:11:29","modified_gmt":"2024-06-24T13:11:29","slug":"pesquisa","status":"publish","type":"page","link":"https:\/\/proppg.unilab.edu.br\/index.php\/pesquisa\/","title":{"rendered":"Pesquisa"},"content":{"rendered":"<h1><img loading=\"lazy\" decoding=\"async\" class=\"size-medium wp-image-5280 aligncenter\" src=\"https:\/\/proppg.unilab.edu.br\/wp-content\/uploads\/2023\/10\/logo-cpq-horizontal-355x91.png\" alt=\"Coordena\u00e7\u00e3o de Pesquisa\" width=\"355\" height=\"91\" srcset=\"https:\/\/proppg.unilab.edu.br\/wp-content\/uploads\/2023\/10\/logo-cpq-horizontal-355x91.png 355w, https:\/\/proppg.unilab.edu.br\/wp-content\/uploads\/2023\/10\/logo-cpq-horizontal-1024x262.png 1024w, https:\/\/proppg.unilab.edu.br\/wp-content\/uploads\/2023\/10\/logo-cpq-horizontal-1536x393.png 1536w, https:\/\/proppg.unilab.edu.br\/wp-content\/uploads\/2023\/10\/logo-cpq-horizontal.png 1685w\" sizes=\"auto, (max-width: 355px) 100vw, 355px\" \/><\/h1>\n<h1>Coordena\u00e7\u00e3o de Pesquisa<\/h1>\n<p>O ato de pesquisar \u00e9 considerado uma atividade humana, cujo prop\u00f3sito \u00e9 obter resposta para quest\u00f5es significativas que s\u00e3o propostas. Para tanto o investigador utiliza-se do conhecimento anterior e os utiliza cuidadosamente atrav\u00e9s de m\u00e9todos, t\u00e9cnicas e outros procedimentos a fim de obter resultados pertinentes \u00e0s suas inquisi\u00e7\u00f5es. A Coordena\u00e7\u00e3o de Pesquisa \u00e9 respons\u00e1vel pelo acompanhamento, desenvolvimento e avalia\u00e7\u00e3o de projetos e relat\u00f3rios de pesquisa, no \u00e2mbito do Unilab.<\/p>\n<h2>Objetivos:<\/h2>\n<ul>\n<li>Desenvolver e fomentar pesquisas sobre as diversas \u00e1reas de conhecimento;<\/li>\n<li>Contribuir para a elabora\u00e7\u00e3o de pol\u00edticas de aux\u00edlio e gest\u00e3o estrat\u00e9gica;<\/li>\n<li>Incrementar a qualidade das pr\u00e1ticas de uso da sua pr\u00f3pria estrutura;<\/li>\n<li>Disponibilizar dados coletados para efeito de pesquisa e produ\u00e7\u00e3o acad\u00eamica.<\/li>\n<\/ul>\n<h2>Atribui\u00e7\u00f5es da Coordena\u00e7\u00e3o:<\/h2>\n<p>a) administrar e representar a Coordena\u00e7\u00e3o;<\/p>\n<p>b) convocar e presidir as reuni\u00f5es da Coordena\u00e7\u00e3o;<\/p>\n<p>c) dar parecer nos processos e assuntos relativos \u00e0 Pesquisa na Unilab;<\/p>\n<p>d) promover junto a Unilab, o credenciamento de pesquisadores;<\/p>\n<p>e) promover a integra\u00e7\u00e3o das atividades de pesquisa desenvolvidas, atrav\u00e9s do aproveitamento comum dos seus recursos humanos e materiais;<\/p>\n<p>f) incentivar e coordenar a execu\u00e7\u00e3o de conv\u00eanios celebrados entre outras entidades visando direta e especificamente ao apoio \u00e0 Pesquisa e ao seu desenvolvimento na Unilab;<\/p>\n<p>g) elaborar normas a serem propostas aos \u00f3rg\u00e3os competentes, relativas \u00e0s atividades de pesquisa;<\/p>\n<p>h) promover, em colabora\u00e7\u00e3o com os coordenadores de projetos, a sele\u00e7\u00e3o de alunos para os diversos programas de fomento a Pesquisa;<\/p>\n<p>i) divulgar, interna e externamente, as atividades de Pesquisa na Unilab;<\/p>\n<p>j) captar e gerir recursos para obten\u00e7\u00e3o de bolsas e financiamentos para alunos de Inicia\u00e7\u00e3o Cient\u00edfica;<\/p>\n<p>k) incentivar a publica\u00e7\u00e3o de livros e artigos de car\u00e1ter did\u00e1tico, cient\u00edfico, que representem a produ\u00e7\u00e3o dos T\u00e9cnicos, Discentes e Docentes da Institui\u00e7\u00e3o;<\/p>\n<p>l) incentivar a intera\u00e7\u00e3o ensino, pesquisa e extens\u00e3o dentro da Unilab;<\/p>\n<p>m) instituir comiss\u00f5es de apoio a pesquisa por tempo determinado;<\/p>\n<p><strong>S\u00e3o atribui\u00e7\u00f5es da Se\u00e7\u00e3o de Acompanhamento de Projetos e Bolsas de Inicia\u00e7\u00e3o Cient\u00edfica (SEAP):\u00a0<\/strong><\/p>\n<p>a) ser respons\u00e1vel pelos projetos de pesquisa de Inicia\u00e7\u00e3o Cient\u00edfica e demais informa\u00e7\u00f5es no \u00e2mbito da Unilab.<\/p>\n<p><a href=\"https:\/\/proppg.unilab.edu.br\/index.php\/proppg-equipe#cpq\">Equipe CPq<\/a><\/p>\n","protected":false},"excerpt":{"rendered":"<p>Coordena\u00e7\u00e3o de Pesquisa O ato de pesquisar \u00e9 considerado uma atividade humana, cujo prop\u00f3sito \u00e9 obter resposta para quest\u00f5es significativas que s\u00e3o propostas. Para tanto o investigador utiliza-se do conhecimento anterior e os utiliza cuidadosamente atrav\u00e9s de m\u00e9todos, t\u00e9cnicas e outros procedimentos a fim de obter resultados pertinentes \u00e0s suas inquisi\u00e7\u00f5es. A Coordena\u00e7\u00e3o de Pesquisa [&hellip;]<\/p>\n","protected":false},"author":2,"featured_media":0,"parent":0,"menu_order":0,"comment_status":"closed","ping_status":"closed","template":"","meta":{"_uag_custom_page_level_css":"","footnotes":""},"class_list":["post-68","page","type-page","status-publish","hentry"],"uagb_featured_image_src":{"full":false,"thumbnail":false,"medium":false,"medium_large":false,"large":false,"1536x1536":false,"2048x2048":false},"uagb_author_info":{"display_name":"PROPPG UNILAB","author_link":"https:\/\/proppg.unilab.edu.br\/index.php\/author\/proppg\/"},"uagb_comment_info":0,"uagb_excerpt":"Coordena\u00e7\u00e3o de Pesquisa O ato de pesquisar \u00e9 considerado uma atividade humana, cujo prop\u00f3sito \u00e9 obter resposta para quest\u00f5es significativas que s\u00e3o propostas. Para tanto o investigador utiliza-se do conhecimento anterior e os utiliza cuidadosamente atrav\u00e9s de m\u00e9todos, t\u00e9cnicas e outros procedimentos a fim de obter resultados pertinentes \u00e0s suas inquisi\u00e7\u00f5es. A Coordena\u00e7\u00e3o de Pesquisa&hellip;","_links":{"self":[{"href":"https:\/\/proppg.unilab.edu.br\/index.php\/wp-json\/wp\/v2\/pages\/68","targetHints":{"allow":["GET"]}}],"collection":[{"href":"https:\/\/proppg.unilab.edu.br\/index.php\/wp-json\/wp\/v2\/pages"}],"about":[{"href":"https:\/\/proppg.unilab.edu.br\/index.php\/wp-json\/wp\/v2\/types\/page"}],"author":[{"embeddable":true,"href":"https:\/\/proppg.unilab.edu.br\/index.php\/wp-json\/wp\/v2\/users\/2"}],"replies":[{"embeddable":true,"href":"https:\/\/proppg.unilab.edu.br\/index.php\/wp-json\/wp\/v2\/comments?post=68"}],"version-history":[{"count":26,"href":"https:\/\/proppg.unilab.edu.br\/index.php\/wp-json\/wp\/v2\/pages\/68\/revisions"}],"predecessor-version":[{"id":6459,"href":"https:\/\/proppg.unilab.edu.br\/index.php\/wp-json\/wp\/v2\/pages\/68\/revisions\/6459"}],"wp:attachment":[{"href":"https:\/\/proppg.unilab.edu.br\/index.php\/wp-json\/wp\/v2\/media?parent=68"}],"curies":[{"name":"wp","href":"https:\/\/api.w.org\/{rel}","templated":true}]}}