{"id":6704,"date":"2024-08-05T12:15:12","date_gmt":"2024-08-05T15:15:12","guid":{"rendered":"https:\/\/proppg.unilab.edu.br\/?page_id=6704"},"modified":"2024-08-15T08:44:22","modified_gmt":"2024-08-15T11:44:22","slug":"rascunho1-hub-de-oportunidades-de-financiamento-da-pesquisa-unilab","status":"publish","type":"page","link":"https:\/\/proppg.unilab.edu.br\/index.php\/rascunho1-hub-de-oportunidades-de-financiamento-da-pesquisa-unilab\/","title":{"rendered":"HUB de Oportunidades de Financiamento da Pesquisa &#8211; Unilab"},"content":{"rendered":"<p><img loading=\"lazy\" decoding=\"async\" class=\"wp-image-4324 aligncenter\" src=\"https:\/\/proppg.unilab.edu.br\/wp-content\/uploads\/2022\/07\/Hub-de-oportunidades-4-280x165.png\" alt=\"\" width=\"537\" height=\"316\" srcset=\"https:\/\/proppg.unilab.edu.br\/wp-content\/uploads\/2022\/07\/Hub-de-oportunidades-4-280x165.png 280w, https:\/\/proppg.unilab.edu.br\/wp-content\/uploads\/2022\/07\/Hub-de-oportunidades-4.png 746w\" sizes=\"auto, (max-width: 537px) 100vw, 537px\" \/><\/p>\n<p>O Hub de Oportunidades de Financiamento de Pesquisa da Unilab \u00e9 uma iniciativa da Coordena\u00e7\u00e3o de Pesquisa da PROPPG que traz mensalmente diversas oportunidades de financiamento de pesquisa que os pesquisadores da Unilab podem concorrer. Confira algumas oportunidades em aberto:<\/p>\n\n\n<hr \/>\n\n<div style=\"text-align: right; margin-bottom: 10px;\">\n    <a href=\"https:\/\/docs.google.com\/spreadsheets\/d\/e\/2PACX-1vQn-RCLDtpYzLVfrkOtiJOmmznB1oz_3fs1iuxhZX5X6aL1ZVR5IlNSWLXmG9-LZAwOA5WAHMpUtKQx\/pubhtml\" target=\"_blank\" style=\"padding: 5px 15px; background-color: #007BFF; color: white; text-decoration: none; border-radius: 5px;\" rel=\"noopener\">Ver em Tela Cheia<\/a>\n<\/div>\n\n<div style=\"border: 2px solid #ccc; border-radius: 10px; box-shadow: 0 4px 8px rgba(0, 0, 0, 0.1); overflow: hidden;\">\n    <iframe style=\"width: calc(100% - 4px); height: 600px; border: none; box-sizing: border-box;\" src=\"https:\/\/docs.google.com\/spreadsheets\/d\/1muJqXGOVSouBBEWnIyvrU8_WUbC4aSv4soVK3Qu1690\/pubhtml?widget=true&amp;headers=false\"><\/iframe>\n<\/div>\n","protected":false},"excerpt":{"rendered":"<p>O Hub de Oportunidades de Financiamento de Pesquisa da Unilab \u00e9 uma iniciativa da Coordena\u00e7\u00e3o de Pesquisa da PROPPG que traz mensalmente diversas oportunidades de financiamento de pesquisa que os pesquisadores da Unilab podem concorrer. Confira algumas oportunidades em aberto: Ver em Tela Cheia<\/p>\n","protected":false},"author":101034,"featured_media":0,"parent":0,"menu_order":0,"comment_status":"closed","ping_status":"closed","template":"","meta":{"_uag_custom_page_level_css":"","footnotes":""},"class_list":["post-6704","page","type-page","status-publish","hentry"],"uagb_featured_image_src":{"full":false,"thumbnail":false,"medium":false,"medium_large":false,"large":false,"1536x1536":false,"2048x2048":false},"uagb_author_info":{"display_name":"Lucas Pinheiro","author_link":"https:\/\/proppg.unilab.edu.br\/index.php\/author\/lucas-pinheiro\/"},"uagb_comment_info":0,"uagb_excerpt":"O Hub de Oportunidades de Financiamento de Pesquisa da Unilab \u00e9 uma iniciativa da Coordena\u00e7\u00e3o de Pesquisa da PROPPG que traz mensalmente diversas oportunidades de financiamento de pesquisa que os pesquisadores da Unilab podem concorrer. Confira algumas oportunidades em aberto: Ver em Tela Cheia","_links":{"self":[{"href":"https:\/\/proppg.unilab.edu.br\/index.php\/wp-json\/wp\/v2\/pages\/6704","targetHints":{"allow":["GET"]}}],"collection":[{"href":"https:\/\/proppg.unilab.edu.br\/index.php\/wp-json\/wp\/v2\/pages"}],"about":[{"href":"https:\/\/proppg.unilab.edu.br\/index.php\/wp-json\/wp\/v2\/types\/page"}],"author":[{"embeddable":true,"href":"https:\/\/proppg.unilab.edu.br\/index.php\/wp-json\/wp\/v2\/users\/101034"}],"replies":[{"embeddable":true,"href":"https:\/\/proppg.unilab.edu.br\/index.php\/wp-json\/wp\/v2\/comments?post=6704"}],"version-history":[{"count":70,"href":"https:\/\/proppg.unilab.edu.br\/index.php\/wp-json\/wp\/v2\/pages\/6704\/revisions"}],"predecessor-version":[{"id":6851,"href":"https:\/\/proppg.unilab.edu.br\/index.php\/wp-json\/wp\/v2\/pages\/6704\/revisions\/6851"}],"wp:attachment":[{"href":"https:\/\/proppg.unilab.edu.br\/index.php\/wp-json\/wp\/v2\/media?parent=6704"}],"curies":[{"name":"wp","href":"https:\/\/api.w.org\/{rel}","templated":true}]}}