{"id":668,"date":"2016-05-09T13:18:28","date_gmt":"2016-05-09T16:18:28","guid":{"rendered":"http:\/\/proppg.unilab.edu.br\/?page_id=668"},"modified":"2026-04-23T11:41:14","modified_gmt":"2026-04-23T14:41:14","slug":"proppg-equipe","status":"publish","type":"page","link":"https:\/\/proppg.unilab.edu.br\/index.php\/proppg-equipe\/","title":{"rendered":"Proppgi &#8211; Equipe"},"content":{"rendered":"\r\n<h3 class=\"wp-block-heading\">Pr\u00f3-Reitoria de Pesquisa e P\u00f3s-Gradua\u00e7\u00e3o<\/h3>\r\n\r\n\r\n\r\n<p><span style=\"color: #000000; font-family: arial, sans-serif;\">ALEXANDRE COHN DA SILVEIRA \u2013\u00a0<strong>Pr\u00f3-Reitor de Pesquisa e P\u00f3s-Gradua\u00e7\u00e3o<\/strong><\/span><\/p>\r\n<p><span style=\"color: #000000; font-family: arial, sans-serif;\">FRANCISCA SIDMA FERREIRA DE SOUZA \u2013\u00a0<strong>Secret\u00e1ria Executiva<\/strong><\/span><\/p>\r\n<p><span style=\"color: #000000; font-family: arial, sans-serif;\">ANDREIA CAVAIGNAC MACHADO \u2013\u00a0<strong>Administradora<\/strong><\/span><\/p>\r\n<p><span style=\"font-family: arial, sans-serif;\"><span style=\"color: #000000;\">DELANE BARBOSA SILVEIRA<b> &#8211; <span style=\"color: #000000; font-family: arial, sans-serif;\"><strong>Assistente em Administra\u00e7\u00e3o<\/strong><\/span><\/b><\/span><\/span><\/p>\r\n<hr \/>\r\n<p>\r\n\r\n<\/p>\r\n<p>\r\n\r\n<\/p>\r\n<h3 class=\"wp-block-heading\">Coordena\u00e7\u00e3o de Pesquisa<\/h3>\r\n<p>\r\n\r\n<\/p>\r\n<p><span style=\"color: #000000; font-family: arial, sans-serif;\">CL\u00c1UDIA ALESSANDRA FORTES AIUB\u00a0 \u2013\u00a0<b>C<\/b><strong>oordenadora de Pesquisa<\/strong><\/span><\/p>\r\n<p><span style=\"color: #000000; font-family: arial, sans-serif;\">KEULIANE DA SILVA NOGUEIRA<strong>\u00a0&#8211; Assistente em Administra\u00e7\u00e3o<\/strong><\/span><\/p>\r\n<p><span style=\"color: #000000; font-family: arial, sans-serif;\"><span style=\"color: #000000;\">PEDRO <\/span>BRUNO SILVA LEMOS \u2013 <strong>Assistente em Administra\u00e7\u00e3o<\/strong><\/span><\/p>\r\n<p><span style=\"color: #000000;\">ALESSANDRA DIAS MILHOES<\/span>\u00a0\u2013 <span style=\"color: #000000; font-family: arial, sans-serif;\"><strong>Assistente de apoio a gest\u00e3o<\/strong><\/span><\/p>\r\n<p>\r\n\r\n<\/p>\r\n<p>\r\n\r\n<\/p>\r\n<h4 class=\"wp-block-heading\">Se\u00e7\u00e3o de Acompanhamento de Projetos e Bolsas IC<\/h4>\r\n<p>\r\n\r\n<\/p>\r\n<p>RA\u00cdSSA MESQUITA BRAGA \u2013 <span style=\"color: #000000; font-family: arial, sans-serif;\"><strong>Assistente em administra\u00e7\u00e3o\/ Chefe da Se\u00e7\u00e3o de Acompanhamento de Projetos e Bolsa IC<\/strong><\/span><\/p>\r\n<hr \/>\r\n<p>\r\n\r\n<\/p>\r\n<h3 class=\"wp-block-heading\">Coordena\u00e7\u00e3o de P\u00f3s-Gradua\u00e7\u00e3o<a id=\"cpg\"><\/a><\/h3>\r\n<p>\r\n\r\n<\/p>\r\n<p><span style=\"color: #000000;\"><span style=\"font-family: arial, sans-serif;\">FRANCISCO WIRLEY PAULINO RIBEIRO &#8211;\u00a0<\/span>\u00a0<strong>Coordenador de P\u00f3s-Gradua\u00e7\u00e3o<\/strong><\/span><\/p>\r\n<p><span style=\"color: #000000;\">CARLOS ALBERTO MUNIZ <strong>&#8211; T\u00e9cnico em Assuntos Educacionais<\/strong><\/span><\/p>\r\n<p><span style=\"color: #000000;\">RAFAELLE LEITE SOUSA \u2013\u00a0<strong>Assistente em Administra\u00e7\u00e3o\u00a0<\/strong><\/span><\/p>\r\n<p><span style=\"color: #000000;\">MARIA DO SOCORRO MAIA SILVA <\/span><strong>&#8211; <span style=\"color: #000000;\">Pedagoga<\/span><\/strong><\/p>\r\n<p>\r\n\r\n<\/p>\r\n<hr \/>\r\n<h3 class=\"wp-block-heading has-text-align-left\">Coordena\u00e7\u00e3o de Inova\u00e7\u00e3o Tecnol\u00f3gica<\/h3>\r\n<p>\r\n\r\n<\/p>\r\n<p>ANDR\u00caSSA MARIA MEDEIROS THE\u00d3PHILO GALV\u00c3O \u2013 <strong>Coordenadora de <\/strong><strong>Inova\u00e7\u00e3o Tecnol\u00f3gica e Coordenadora do N\u00facleo de Inova\u00e7\u00e3o Tecnol\u00f3gica.<\/strong><\/p>\r\n<p>FERNADO GERV\u00c1SIO GON\u00c7ALVES \u2013 <strong>Estagi\u00e1rio de Administra\u00e7\u00e3o P\u00fablica<\/strong><\/p>\r\n<p>DANIEL GREG\u00d3RIO DE SOUSA \u2013 <strong>Estagi\u00e1rio de Administra\u00e7\u00e3o P\u00fablica<\/strong><\/p>\r\n<p>HIGO RHAEL MOREIRA NOGUEIRA \u2013 <strong>Estagi\u00e1rio de Engenharia da <\/strong><strong>Computa\u00e7\u00e3o<\/strong><\/p>\r\n<p>\r\n\r\n<\/p>\r\n<p>\r\n\r\n<\/p>\r\n<p>\r\n\r\n<\/p>\r\n<p>\r\n\r\n<\/p>\r\n<h4 class=\"wp-block-heading\">Divis\u00e3o de Empreendedorismo e Incuba\u00e7\u00e3o de Empresas<\/h4>\r\n<p>PATR\u00cdCIO TRAJANO ROCHA &#8211; <strong>Adiministrador\/ Gerente da Divis\u00e3o de Empreendedorismo e Incuba\u00e7\u00e3o de Empresas<\/strong><\/p>\r\n<hr \/>\r\n<h3>Organograma Proppg <a id=\"organograma\"><\/a><\/h3>\r\n<figure class=\"wp-block-image size-full\"><img loading=\"lazy\" decoding=\"async\" class=\"alignnone wp-image-5730 size-full\" src=\"https:\/\/proppg.unilab.edu.br\/wp-content\/uploads\/2024\/06\/organograma_novo.png\" alt=\"\" width=\"1810\" height=\"2120\" \/><\/figure>\r\n<p>\r\n\r\n<\/p>\r\n<hr \/>\r\n<h2>Hor\u00e1rios de funcionamento<\/h2>\r\n<p>Segunda a sexta, de 8h \u00e0s 12h e de 13h \u00e0s 17h<\/p>\r\n<h2>Contatos<\/h2>\r\n<p><strong>Pr\u00f3-Reitoria de Pesquisa e P\u00f3s-Gradua\u00e7\u00e3o:<\/strong> proppg@unilab.edu.br<\/p>\r\n<p><strong>Coordena\u00e7\u00e3o de Pesquisa:<\/strong> cpq@unilab.edu.br<\/p>\r\n<p><strong>Coordena\u00e7\u00e3o de P\u00f3s-Gradua\u00e7\u00e3o:<\/strong> cpg@unilab.edu.br<\/p>\r\n<p><strong>Coordena\u00e7\u00e3o\u00a0 de Inova\u00e7\u00e3o Tecnol\u00f3gica:<\/strong> cit@unilab.edu.br<\/p>\r\n<p><strong>Coordena\u00e7\u00e3o do N\u00facleo de Inova\u00e7\u00e3o Tecnol\u00f3gica:<\/strong> nit@unilab.edu.br<\/p>\r\n<p><strong>Divis\u00e3o de Empreendedorismo e Incuba\u00e7\u00e3o de Empresas:<\/strong> dei@unilab.edu.br<\/p>","protected":false},"excerpt":{"rendered":"<p>Pr\u00f3-Reitoria de Pesquisa e P\u00f3s-Gradua\u00e7\u00e3o ALEXANDRE COHN DA SILVEIRA \u2013\u00a0Pr\u00f3-Reitor de Pesquisa e P\u00f3s-Gradua\u00e7\u00e3o FRANCISCA SIDMA FERREIRA DE SOUZA \u2013\u00a0Secret\u00e1ria Executiva ANDREIA CAVAIGNAC MACHADO \u2013\u00a0Administradora DELANE BARBOSA SILVEIRA &#8211; Assistente em Administra\u00e7\u00e3o Coordena\u00e7\u00e3o de Pesquisa CL\u00c1UDIA ALESSANDRA FORTES AIUB\u00a0 \u2013\u00a0Coordenadora de Pesquisa KEULIANE DA SILVA NOGUEIRA\u00a0&#8211; Assistente em Administra\u00e7\u00e3o PEDRO BRUNO SILVA LEMOS \u2013 Assistente [&hellip;]<\/p>\n","protected":false},"author":2,"featured_media":0,"parent":0,"menu_order":0,"comment_status":"closed","ping_status":"closed","template":"","meta":{"_uag_custom_page_level_css":"","footnotes":""},"class_list":["post-668","page","type-page","status-publish","hentry"],"uagb_featured_image_src":{"full":false,"thumbnail":false,"medium":false,"medium_large":false,"large":false,"1536x1536":false,"2048x2048":false},"uagb_author_info":{"display_name":"PROPPG UNILAB","author_link":"https:\/\/proppg.unilab.edu.br\/index.php\/author\/proppg\/"},"uagb_comment_info":0,"uagb_excerpt":"Pr\u00f3-Reitoria de Pesquisa e P\u00f3s-Gradua\u00e7\u00e3o ALEXANDRE COHN DA SILVEIRA \u2013\u00a0Pr\u00f3-Reitor de Pesquisa e P\u00f3s-Gradua\u00e7\u00e3o FRANCISCA SIDMA FERREIRA DE SOUZA \u2013\u00a0Secret\u00e1ria Executiva ANDREIA CAVAIGNAC MACHADO \u2013\u00a0Administradora DELANE BARBOSA SILVEIRA &#8211; Assistente em Administra\u00e7\u00e3o Coordena\u00e7\u00e3o de Pesquisa CL\u00c1UDIA ALESSANDRA FORTES AIUB\u00a0 \u2013\u00a0Coordenadora de Pesquisa KEULIANE DA SILVA NOGUEIRA\u00a0&#8211; Assistente em Administra\u00e7\u00e3o PEDRO BRUNO SILVA LEMOS \u2013 Assistente&hellip;","_links":{"self":[{"href":"https:\/\/proppg.unilab.edu.br\/index.php\/wp-json\/wp\/v2\/pages\/668","targetHints":{"allow":["GET"]}}],"collection":[{"href":"https:\/\/proppg.unilab.edu.br\/index.php\/wp-json\/wp\/v2\/pages"}],"about":[{"href":"https:\/\/proppg.unilab.edu.br\/index.php\/wp-json\/wp\/v2\/types\/page"}],"author":[{"embeddable":true,"href":"https:\/\/proppg.unilab.edu.br\/index.php\/wp-json\/wp\/v2\/users\/2"}],"replies":[{"embeddable":true,"href":"https:\/\/proppg.unilab.edu.br\/index.php\/wp-json\/wp\/v2\/comments?post=668"}],"version-history":[{"count":98,"href":"https:\/\/proppg.unilab.edu.br\/index.php\/wp-json\/wp\/v2\/pages\/668\/revisions"}],"predecessor-version":[{"id":8410,"href":"https:\/\/proppg.unilab.edu.br\/index.php\/wp-json\/wp\/v2\/pages\/668\/revisions\/8410"}],"wp:attachment":[{"href":"https:\/\/proppg.unilab.edu.br\/index.php\/wp-json\/wp\/v2\/media?parent=668"}],"curies":[{"name":"wp","href":"https:\/\/api.w.org\/{rel}","templated":true}]}}