{"id":666,"date":"2016-05-09T13:18:15","date_gmt":"2016-05-09T16:18:15","guid":{"rendered":"http:\/\/proppg.unilab.edu.br\/?page_id=666"},"modified":"2024-02-23T14:47:27","modified_gmt":"2024-02-23T17:47:27","slug":"proppg-apresentacao","status":"publish","type":"page","link":"https:\/\/proppg.unilab.edu.br\/index.php\/proppg-apresentacao\/","title":{"rendered":"Proppg &#8211; Apresenta\u00e7\u00e3o"},"content":{"rendered":"<p>A Pr\u00f3-Reitoria de Pesquisa e P\u00f3s-gradua\u00e7\u00e3o (PROPPG) da Unilab, tem como finalidade a formula\u00e7\u00e3o e gest\u00e3o das pol\u00edticas institucionais para a implementa\u00e7\u00e3o e incremento das \u00e1reas de pesquisa e p\u00f3s-gradua\u00e7\u00e3o, inova\u00e7\u00e3o e desenvolvimento, pautada na miss\u00e3o da universidade e na legisla\u00e7\u00e3o vigente e tendo como horizonte a produ\u00e7\u00e3o de conhecimento e desenvolvimento de pesquisas de qualidade.<\/p>\n<p>No \u00e2mbito da P\u00f3s-gradua\u00e7\u00e3o, a PROPPG tem como miss\u00e3o a promo\u00e7\u00e3o de forma\u00e7\u00e3o acad\u00eamica de refer\u00eancia e forma\u00e7\u00e3o humana omnilateral, por meio do desenvolvimento da pesquisa cient\u00edfica, tecnol\u00f3gica e de inova\u00e7\u00e3o com atua\u00e7\u00e3o nas diversas \u00e1reas do conhecimento atrav\u00e9s de seus programas de p\u00f3s-gradua\u00e7\u00e3o stricto sensu e cursos de especializa\u00e7\u00e3o lato sensu.<\/p>\n<p>A PROPPG \u00e9 a inst\u00e2ncia respons\u00e1vel pelo planejamento, coordena\u00e7\u00e3o e acompanhamento da pesquisa, do ensino nos cursos de p\u00f3s-gradua\u00e7\u00e3o (<em>lato<\/em> e<em> stricto sensu<\/em> e resid\u00eancias da \u00e1rea de Sa\u00fade), dos comit\u00eas de \u00e9tica em pesquisa humana e em pesquisa animal e do N\u00facleo de Inova\u00e7\u00e3o Tecnol\u00f3gica.<\/p>\n<p><strong>S\u00e3o atribui\u00e7\u00f5es da PROPPG:\u00a0<\/strong><\/p>\n<p>I &#8211; executar a pol\u00edtica definida pelos \u00f3rg\u00e3os colegiados superiores, Conselho Universit\u00e1rio (Consuni), Conselho de Ensino, Pesquisa e Extens\u00e3o (Consepe) e Conselho Administrativo (Conad), daUnilab, relativa \u00e0 p\u00f3s-gradua\u00e7\u00e3o, pesquisa e inova\u00e7\u00e3o tecnol\u00f3gica;<br \/>\nII &#8211; desenvolver pol\u00edtica institucional para implementar e coordenar planos de concess\u00e3ode bolsas aos docentes da universidade e a outros profissionais universit\u00e1rios, se houver;<br \/>\nIII &#8211; promover a integra\u00e7\u00e3o das atividades de pesquisa, p\u00f3s-gradua\u00e7\u00e3o e inova\u00e7\u00e3o tecnol\u00f3gica em \u00e2mbito institucional;<br \/>\nIV &#8211; implementar os planos de forma\u00e7\u00e3o e aperfei\u00e7oamento do corpo docente e de outros profissionais universit\u00e1rios de n\u00edvel superior relacionados \u00e0 pesquisa, p\u00f3s-gradua\u00e7\u00e3o e inova\u00e7\u00e3o tecnol\u00f3gica;<br \/>\nV &#8211; desenvolver planos estrat\u00e9gicos para as atividades da p\u00f3s-gradua\u00e7\u00e3o, pesquisa e inova\u00e7\u00e3o tecnol\u00f3gica;<br \/>\nVI &#8211; propor e executar projetos de melhoria da pesquisa, p\u00f3s-gradua\u00e7\u00e3o e inova\u00e7\u00e3o tecnol\u00f3gica na Unilab;<br \/>\nVII &#8211; desenvolver e\/ou fomentar estrat\u00e9gias para a execu\u00e7\u00e3o dos Programas e dos Cursosde P\u00f3s-Gradua\u00e7\u00e3o, conforme aprovados pelos \u00f3rg\u00e3os colegiados superiores da Unilab;<br \/>\nVIII &#8211; propor a\u00e7\u00f5es estrat\u00e9gicas para o melhor aperfei\u00e7oamento dos recursos humanos ligados \u00e0 Pr\u00f3-Reitoria;<br \/>\nIX &#8211; elaborar anualmente o programa e plano(s) de atividade(s) a ser submetido ao Consepe para aprecia\u00e7\u00e3o e delibera\u00e7\u00e3o, bem como um plano de previs\u00e3o das necessidades da Pr\u00f3-Reitoria;<br \/>\nX &#8211; propor atividades de pesquisa, p\u00f3s-gradua\u00e7\u00e3o e inova\u00e7\u00e3o tecnol\u00f3gica, no \u00e2mbito daUnilab, ou fora dela, seja em n\u00edvel nacional ou internacional;<br \/>\nXI &#8211; apresentar relat\u00f3rios de atividades da Pr\u00f3-Reitoria, quando solicitados por \u00f3rg\u00e3os superiores;<br \/>\nXII &#8211; articular a\u00e7\u00f5es para o desenvolvimento de parcerias, acordos, conv\u00eanios nacionais e internacionais no \u00e2mbito da pesquisa, p\u00f3s-gradua\u00e7\u00e3o e inova\u00e7\u00e3o tecnol\u00f3gica;<br \/>\nXIII &#8211; participar na organiza\u00e7\u00e3o de eventos de promo\u00e7\u00e3o do conhecimento no \u00e2mbito da Unilab e nos pa\u00edses parceiros;<br \/>\nXIV &#8211; realizar o Mapeamento Organizacional da Unidade;<br \/>\nXV &#8211; propor e acompanhar a execu\u00e7\u00e3o das a\u00e7\u00f5es de pesquisa, p\u00f3s-gradua\u00e7\u00e3o e inova\u00e7\u00e3o tecnol\u00f3gica, no \u00e2mbito do Plano de Desenvolvimento Insti tucional (PDI) e Plano Nacional de Educa\u00e7\u00e3o (PNE);<br \/>\nXVI &#8211; coordenar e\/ou acompanhar a execu\u00e7\u00e3o de conv\u00eanios celebrados entre outras entidades visando direta e especificamente ao apoio \u00e0 Inova\u00e7\u00e3o, \u00e0 Pesquisa, \u00e0 P\u00f3s-gradua\u00e7\u00e3o e ao seu desenvolvimento na Unilab, por meio de projetos institucionais;<br \/>\nXVII &#8211; desenvolver e acompanhar a\u00e7\u00f5es pertinentes aos processos de regula\u00e7\u00e3o e avalia\u00e7\u00e3odos cursos de P\u00f3s-Gradua\u00e7\u00e3o <em>Stricto Sensu<\/em> junto ao Minist\u00e9rio da Educa\u00e7\u00e3o (MEC) e a Coordena\u00e7\u00e3o deAperfei\u00e7oamento de Pessoal de N\u00edvel Superior (Capes); e<br \/>\nXVIII &#8211; estabelecer interlocu\u00e7\u00e3o com a Capes e os \u00f3rg\u00e3os de fomento com vista \u00e0 expans\u00e3o e consolida\u00e7\u00e3o da P\u00f3s-Gradua\u00e7\u00e3o <em>Stricto Sensu<\/em> da Unilab.<\/p>\n","protected":false},"excerpt":{"rendered":"<p>A Pr\u00f3-Reitoria de Pesquisa e P\u00f3s-gradua\u00e7\u00e3o (PROPPG) da Unilab, tem como finalidade a formula\u00e7\u00e3o e gest\u00e3o das pol\u00edticas institucionais para a implementa\u00e7\u00e3o e incremento das \u00e1reas de pesquisa e p\u00f3s-gradua\u00e7\u00e3o, inova\u00e7\u00e3o e desenvolvimento, pautada na miss\u00e3o da universidade e na legisla\u00e7\u00e3o vigente e tendo como horizonte a produ\u00e7\u00e3o de conhecimento e desenvolvimento de pesquisas de [&hellip;]<\/p>\n","protected":false},"author":2,"featured_media":0,"parent":0,"menu_order":0,"comment_status":"closed","ping_status":"closed","template":"","meta":{"_uag_custom_page_level_css":"","footnotes":""},"class_list":["post-666","page","type-page","status-publish","hentry"],"uagb_featured_image_src":{"full":false,"thumbnail":false,"medium":false,"medium_large":false,"large":false,"1536x1536":false,"2048x2048":false},"uagb_author_info":{"display_name":"PROPPG UNILAB","author_link":"https:\/\/proppg.unilab.edu.br\/index.php\/author\/proppg\/"},"uagb_comment_info":0,"uagb_excerpt":"A Pr\u00f3-Reitoria de Pesquisa e P\u00f3s-gradua\u00e7\u00e3o (PROPPG) da Unilab, tem como finalidade a formula\u00e7\u00e3o e gest\u00e3o das pol\u00edticas institucionais para a implementa\u00e7\u00e3o e incremento das \u00e1reas de pesquisa e p\u00f3s-gradua\u00e7\u00e3o, inova\u00e7\u00e3o e desenvolvimento, pautada na miss\u00e3o da universidade e na legisla\u00e7\u00e3o vigente e tendo como horizonte a produ\u00e7\u00e3o de conhecimento e desenvolvimento de pesquisas de&hellip;","_links":{"self":[{"href":"https:\/\/proppg.unilab.edu.br\/index.php\/wp-json\/wp\/v2\/pages\/666","targetHints":{"allow":["GET"]}}],"collection":[{"href":"https:\/\/proppg.unilab.edu.br\/index.php\/wp-json\/wp\/v2\/pages"}],"about":[{"href":"https:\/\/proppg.unilab.edu.br\/index.php\/wp-json\/wp\/v2\/types\/page"}],"author":[{"embeddable":true,"href":"https:\/\/proppg.unilab.edu.br\/index.php\/wp-json\/wp\/v2\/users\/2"}],"replies":[{"embeddable":true,"href":"https:\/\/proppg.unilab.edu.br\/index.php\/wp-json\/wp\/v2\/comments?post=666"}],"version-history":[{"count":3,"href":"https:\/\/proppg.unilab.edu.br\/index.php\/wp-json\/wp\/v2\/pages\/666\/revisions"}],"predecessor-version":[{"id":5722,"href":"https:\/\/proppg.unilab.edu.br\/index.php\/wp-json\/wp\/v2\/pages\/666\/revisions\/5722"}],"wp:attachment":[{"href":"https:\/\/proppg.unilab.edu.br\/index.php\/wp-json\/wp\/v2\/media?parent=666"}],"curies":[{"name":"wp","href":"https:\/\/api.w.org\/{rel}","templated":true}]}}