{"id":6592,"date":"2024-07-18T13:31:03","date_gmt":"2024-07-18T16:31:03","guid":{"rendered":"https:\/\/proppg.unilab.edu.br\/?page_id=6592"},"modified":"2026-04-23T15:31:03","modified_gmt":"2026-04-23T18:31:03","slug":"programa-de-gestao-e-desempenho","status":"publish","type":"page","link":"https:\/\/proppg.unilab.edu.br\/index.php\/programa-de-gestao-e-desempenho\/","title":{"rendered":"Programa de Gest\u00e3o e Desempenho"},"content":{"rendered":"<p>&nbsp;<\/p>\r\n<h4><a href=\"https:\/\/proppg.unilab.edu.br\/index.php\/destaques\/edital-proppg-06-2022-programa-de-gestao-e-desempenho\/\"><img decoding=\"async\" src=\"https:\/\/proppg.unilab.edu.br\/wp-content\/uploads\/2024\/07\/PDG-edital-2022.jpg\" \/><\/a><\/h4>\r\n<p><i>O Programa de Gest\u00e3o e Desempenho (PGD) \u00e9 um instrumento de gest\u00e3o no \u00e2mbito da administra\u00e7\u00e3o p\u00fablica federal direta, aut\u00e1rquica e fundacional<\/i> <i>que disciplina o desenvolvimento e a mensura\u00e7\u00e3o das atividades realizadas pelos seus participantes, com foco na entrega por resultados e na qualidade dos servi\u00e7os prestados \u00e0 sociedade<\/i>.<\/p>\r\n<hr \/><p><strong><a href=\"https:\/\/proppg.unilab.edu.br\/wp-content\/uploads\/2026\/01\/Portaria-PROPPG-No-07_2026-Instituicao-do-Programa-de-Gestao-e-Desempenho-da-PROPPG-1.pdf\">Portaria PROPPG N\u00ba 07_2026 (Institui\u00e7\u00e3o do Programa de Gest\u00e3o e Desempenho da PROPPG)<\/a><br \/><\/strong><\/p>\n<hr \/>\n<p><strong><a href=\"https:\/\/proppg.unilab.edu.br\/wp-content\/uploads\/2026\/01\/Edital-PROPPG-No-04_2026-Chamada-Publica-para-adesao-ao-Programa-de-Gestao-e-Desempenho-da-PROPPG-de-forma-integralmente-remota.pdf\">Edital PROPPG N\u00ba 04_2026 (Chamada P\u00fablica para ades\u00e3o ao Programa de Gest\u00e3o e Desempenho da PROPPG de forma integralmente remota)<\/a><\/strong><\/p>\n<p><strong><a href=\"https:\/\/proppg.unilab.edu.br\/wp-content\/uploads\/2026\/02\/Termo-Aditivo-I-ao-Edital-PROPPG-No-04_2026.pdf\">Termo Aditivo I ao Edital PROPPG N\u00ba 04_2026<\/a><\/strong><\/p>\n<p><strong><a href=\"https:\/\/proppg.unilab.edu.br\/wp-content\/uploads\/2026\/02\/Homologacao-de-Inscricao_Edital-PROPPG-No-04_2026.pdf\">Homologa\u00e7\u00e3o Parcial das Inscri\u00e7\u00f5es Deferidas e Indeferidas &#8211; Edital PROPPG N\u00ba 04_2026<\/a><br \/><\/strong><\/p>\n<p><strong><a href=\"https:\/\/proppg.unilab.edu.br\/wp-content\/uploads\/2026\/02\/Homologacao-Final-de-Inscricao_Edital-PROPPG-No-04_2026.pdf\">Homologa\u00e7\u00e3o Final de Inscri\u00e7\u00e3o &#8211; Edital PROPPG N\u00ba 04_2026<\/a><\/strong><\/p>\n<p><strong><a href=\"https:\/\/proppg.unilab.edu.br\/wp-content\/uploads\/2026\/02\/Resultado-Parcial_Edital-PROPPG-No-04_2026.pdf\">Resultado Parcial &#8211; Edital PROPPG N\u00ba 04_2026<\/a><\/strong><\/p>\n<p><strong><a href=\"https:\/\/proppg.unilab.edu.br\/index.php\/destaques\/edital-proppg-06-2022-programa-de-gestao-e-desempenho\/\">Edital PROPPG 06\/2022 \u2013 Programa de Gest\u00e3o e Desempenho<\/a> (ENCERRADO)<\/strong><\/p>\n<hr \/>\n<h4><strong>Escala de trabalho dos servidores<\/strong><\/h4>\n<p><iframe loading=\"lazy\" src=\"https:\/\/proppg.unilab.edu.br\/wp-content\/uploads\/2025\/10\/SERVIDORES-PARTICIPANTES-DO-PGD-DA-UNIDADE-1.pdf\" width=\"900\" height=\"500\" data-mce-fragment=\"1\"><\/iframe><\/p>\n<p><strong><a href=\"https:\/\/proppg.unilab.edu.br\/wp-content\/uploads\/2025\/06\/Escala-de-Trabalho-Servidores-participantes-do-PGD-2.0.pdf\">Clique aqui para acessar a escala de trabalho dos servidores<\/a><\/strong><\/p>\n<p><strong><\/p>\n<p><\/strong><\/p>\n","protected":false},"excerpt":{"rendered":"<p>&nbsp; O Programa de Gest\u00e3o e Desempenho (PGD) \u00e9 um instrumento de gest\u00e3o no \u00e2mbito da administra\u00e7\u00e3o p\u00fablica federal direta, aut\u00e1rquica e fundacional que disciplina o desenvolvimento e a mensura\u00e7\u00e3o das atividades realizadas pelos seus participantes, com foco na entrega por resultados e na qualidade dos servi\u00e7os prestados \u00e0 sociedade.<\/p>\n","protected":false},"author":101034,"featured_media":0,"parent":0,"menu_order":0,"comment_status":"closed","ping_status":"closed","template":"","meta":{"_uag_custom_page_level_css":"","footnotes":""},"class_list":["post-6592","page","type-page","status-publish","hentry"],"uagb_featured_image_src":{"full":false,"thumbnail":false,"medium":false,"medium_large":false,"large":false,"1536x1536":false,"2048x2048":false},"uagb_author_info":{"display_name":"Lucas Pinheiro","author_link":"https:\/\/proppg.unilab.edu.br\/index.php\/author\/lucas-pinheiro\/"},"uagb_comment_info":0,"uagb_excerpt":"&nbsp; O Programa de Gest\u00e3o e Desempenho (PGD) \u00e9 um instrumento de gest\u00e3o no \u00e2mbito da administra\u00e7\u00e3o p\u00fablica federal direta, aut\u00e1rquica e fundacional que disciplina o desenvolvimento e a mensura\u00e7\u00e3o das atividades realizadas pelos seus participantes, com foco na entrega por resultados e na qualidade dos servi\u00e7os prestados \u00e0 sociedade.","_links":{"self":[{"href":"https:\/\/proppg.unilab.edu.br\/index.php\/wp-json\/wp\/v2\/pages\/6592","targetHints":{"allow":["GET"]}}],"collection":[{"href":"https:\/\/proppg.unilab.edu.br\/index.php\/wp-json\/wp\/v2\/pages"}],"about":[{"href":"https:\/\/proppg.unilab.edu.br\/index.php\/wp-json\/wp\/v2\/types\/page"}],"author":[{"embeddable":true,"href":"https:\/\/proppg.unilab.edu.br\/index.php\/wp-json\/wp\/v2\/users\/101034"}],"replies":[{"embeddable":true,"href":"https:\/\/proppg.unilab.edu.br\/index.php\/wp-json\/wp\/v2\/comments?post=6592"}],"version-history":[{"count":19,"href":"https:\/\/proppg.unilab.edu.br\/index.php\/wp-json\/wp\/v2\/pages\/6592\/revisions"}],"predecessor-version":[{"id":8414,"href":"https:\/\/proppg.unilab.edu.br\/index.php\/wp-json\/wp\/v2\/pages\/6592\/revisions\/8414"}],"wp:attachment":[{"href":"https:\/\/proppg.unilab.edu.br\/index.php\/wp-json\/wp\/v2\/media?parent=6592"}],"curies":[{"name":"wp","href":"https:\/\/api.w.org\/{rel}","templated":true}]}}