{"id":652,"date":"2016-05-06T13:37:17","date_gmt":"2016-05-06T16:37:17","guid":{"rendered":"http:\/\/proppg.unilab.edu.br\/?page_id=652"},"modified":"2024-05-27T10:17:08","modified_gmt":"2024-05-27T13:17:08","slug":"bolsas-da-pos-graduacao","status":"publish","type":"page","link":"https:\/\/proppg.unilab.edu.br\/index.php\/bolsas-da-pos-graduacao\/","title":{"rendered":"Formul\u00e1rios da P\u00f3s-Gradua\u00e7\u00e3o"},"content":{"rendered":"<h4 align=\"center\"><strong>DOCUMENTA\u00c7\u00c3O PARA IMPLEMENTA\u00c7\u00c3O DE BOLSA<\/strong><\/h4>\n<hr \/>\n<h5><strong>BOLSA CAPES<\/strong><\/h5>\n<ol>\n<li>Of\u00edcio assinado pelo coordenador do PPG indicando o bolsista e encaminhando a documenta\u00e7\u00e3o exigida;<\/li>\n<li>Atestado de matr\u00edcula (emitido pelo SIGAA);<\/li>\n<li>Hist\u00f3rico do discente (emitido pelo SIGAA);<\/li>\n<li>C\u00f3pia do RG e CPF (autenticada administrativamente no SEI);<\/li>\n<li>C\u00f3pia do comprovante de resid\u00eancia no nome do discente (Se n\u00e3o estiver no nome do discente, fazer a declara\u00e7\u00e3o de resid\u00eancia);\n<ul>\n<li><a href=\"https:\/\/proppg.unilab.edu.br\/wp-content\/uploads\/2024\/05\/Declaracao-de-residencia.doc\" target=\"_blank\" rel=\"noopener\">Declara\u00e7\u00e3o de Resid\u00eancia<\/a><\/li>\n<\/ul>\n<\/li>\n<li>C\u00f3pia do cart\u00e3o (conta corrente \u2013 n\u00e3o pode ser banco virtual);<\/li>\n<li>Termo de Compromisso assinado pelo discente e pelo coordenador do Programa de P\u00f3s-Gradua\u00e7\u00e3o (reconhecida firma, assinada pelo <a href=\"http:\/\/gov.br\/\">gov.br<\/a> ou autenticada administrativamente no SEI);\n<ul>\n<li><a href=\"https:\/\/proppg.unilab.edu.br\/wp-content\/uploads\/2024\/05\/Termo_de_CompromissoDS.docx\" target=\"_blank\" rel=\"noopener\">Termo de Compromisso<\/a><\/li>\n<\/ul>\n<\/li>\n<li>Formul\u00e1rio de Cadastro do Bolsista assinado;\n<ul>\n<li><a href=\"https:\/\/proppg.unilab.edu.br\/wp-content\/uploads\/2024\/05\/Formulario-de-Cadastro-CAPES-Modelo.xls\" target=\"_blank\" rel=\"noopener\">Formul\u00e1rio de cadastro &#8211; CAPES<\/a><\/li>\n<\/ul>\n<\/li>\n<li>Declara\u00e7\u00e3o de Ac\u00famulos<em>.<\/em>\n<ul>\n<li><a href=\"https:\/\/proppg.unilab.edu.br\/wp-content\/uploads\/2024\/05\/Declarao_de_Acumulos.docx\" target=\"_blank\" rel=\"noopener\">Declara\u00e7\u00e3o de Ac\u00famulos<\/a><\/li>\n<\/ul>\n<\/li>\n<\/ol>\n<hr \/>\n<h5><strong>BOLSA UNILAB<\/strong><\/h5>\n<ol>\n<li>Of\u00edcio assinado pelo coordenador do PPG indicando o bolsista e encaminhando a documenta\u00e7\u00e3o exigida;<\/li>\n<li>Atestado de matr\u00edcula (emitido pelo SIGAA);<\/li>\n<li>Hist\u00f3rico do discente (emitido pelo SIGAA);<\/li>\n<li>C\u00f3pia do RG e CPF (autenticada administrativamente no SEI);<\/li>\n<li>C\u00f3pia do comprovante de resid\u00eancia (se n\u00e3o estiver no nome do discente, fazer a declara\u00e7\u00e3o de resid\u00eancia);\n<ul>\n<li><a href=\"https:\/\/proppg.unilab.edu.br\/wp-content\/uploads\/2024\/05\/Declaracao-de-residencia.doc\" target=\"_blank\" rel=\"noopener\">Declara\u00e7\u00e3o de Resid\u00eancia<\/a><\/li>\n<\/ul>\n<\/li>\n<li>C\u00f3pia do cart\u00e3o do banco (conta corrente &#8211; n\u00e3o pode ser banco virtual);<\/li>\n<li>Termo de Compromisso assinado pelo discente, pelo coordenador e pelo representante da comiss\u00e3o de bolsas (reconhecida firma, assinada pelo <a href=\"http:\/\/gov.br\/\">gov.br<\/a> ou autenticada administrativamente no SEI);\n<ul>\n<li><a href=\"https:\/\/proppg.unilab.edu.br\/wp-content\/uploads\/2024\/05\/Termo_de_CompromissoDS.docx\" target=\"_blank\" rel=\"noopener\">Termo de Compromisso<\/a><\/li>\n<\/ul>\n<\/li>\n<li>Formul\u00e1rio de Cadastro do Bolsista assinado;\n<ul>\n<li><a href=\"https:\/\/proppg.unilab.edu.br\/wp-content\/uploads\/2024\/05\/Formulario-Cadastro-bolsista-unilab.pdf\" target=\"_blank\" rel=\"noopener\">Formul\u00e1rio de cadastro &#8211; UNILAB<\/a><\/li>\n<\/ul>\n<\/li>\n<li>Declara\u00e7\u00e3o de Ac\u00famulos<em>.<\/em>\n<ul>\n<li><a href=\"https:\/\/proppg.unilab.edu.br\/wp-content\/uploads\/2024\/05\/Declarao_de_Acumulos.docx\" target=\"_blank\" rel=\"noopener\">Declara\u00e7\u00e3o de Ac\u00famulos<\/a><\/li>\n<\/ul>\n<\/li>\n<\/ol>\n<hr \/>\n<h5><strong>BOLSA FUNCAP<\/strong><\/h5>\n<p>As bolsas da Funda\u00e7\u00e3o Cearense de Apoio ao Desenvolvimento Cient\u00edfico e Tecnol\u00f3gico (FUNCAP) n\u00e3o s\u00e3o gerenciadas pela PROPPG.\u00a0 O Coordenador do Curso do Programa tem acesso ao cadastro via a Plataforma Montenegro.<\/p>\n<p>Sobre a documenta\u00e7\u00e3o e poss\u00edveis d\u00favidas relativas a implementa\u00e7\u00e3o das bolsas dessa ag\u00eancia podem ser retiradas no pr\u00f3prio site da <a href=\"https:\/\/www.funcap.ce.gov.br\/#:~:text=Funcap%20-%20Funda\u00e7\u00e3o%20Cearense%20de%20Apoio%20ao%20Desenvolvimento%20Cient\u00edfico%20e%20Tecnol\u00f3gico\" target=\"_blank\" rel=\"noopener\">FUNCAP<\/a> ou pelo telefone: (85) 3101-2170.<\/p>\n","protected":false},"excerpt":{"rendered":"<p>DOCUMENTA\u00c7\u00c3O PARA IMPLEMENTA\u00c7\u00c3O DE BOLSA BOLSA CAPES Of\u00edcio assinado pelo coordenador do PPG indicando o bolsista e encaminhando a documenta\u00e7\u00e3o exigida; Atestado de matr\u00edcula (emitido pelo SIGAA); Hist\u00f3rico do discente (emitido pelo SIGAA); C\u00f3pia do RG e CPF (autenticada administrativamente no SEI); C\u00f3pia do comprovante de resid\u00eancia no nome do discente (Se n\u00e3o estiver no [&hellip;]<\/p>\n","protected":false},"author":2,"featured_media":0,"parent":0,"menu_order":0,"comment_status":"closed","ping_status":"closed","template":"","meta":{"_uag_custom_page_level_css":"","footnotes":""},"class_list":["post-652","page","type-page","status-publish","hentry"],"uagb_featured_image_src":{"full":false,"thumbnail":false,"medium":false,"medium_large":false,"large":false,"1536x1536":false,"2048x2048":false},"uagb_author_info":{"display_name":"PROPPG UNILAB","author_link":"https:\/\/proppg.unilab.edu.br\/index.php\/author\/proppg\/"},"uagb_comment_info":0,"uagb_excerpt":"DOCUMENTA\u00c7\u00c3O PARA IMPLEMENTA\u00c7\u00c3O DE BOLSA BOLSA CAPES Of\u00edcio assinado pelo coordenador do PPG indicando o bolsista e encaminhando a documenta\u00e7\u00e3o exigida; Atestado de matr\u00edcula (emitido pelo SIGAA); Hist\u00f3rico do discente (emitido pelo SIGAA); C\u00f3pia do RG e CPF (autenticada administrativamente no SEI); C\u00f3pia do comprovante de resid\u00eancia no nome do discente (Se n\u00e3o estiver no&hellip;","_links":{"self":[{"href":"https:\/\/proppg.unilab.edu.br\/index.php\/wp-json\/wp\/v2\/pages\/652","targetHints":{"allow":["GET"]}}],"collection":[{"href":"https:\/\/proppg.unilab.edu.br\/index.php\/wp-json\/wp\/v2\/pages"}],"about":[{"href":"https:\/\/proppg.unilab.edu.br\/index.php\/wp-json\/wp\/v2\/types\/page"}],"author":[{"embeddable":true,"href":"https:\/\/proppg.unilab.edu.br\/index.php\/wp-json\/wp\/v2\/users\/2"}],"replies":[{"embeddable":true,"href":"https:\/\/proppg.unilab.edu.br\/index.php\/wp-json\/wp\/v2\/comments?post=652"}],"version-history":[{"count":30,"href":"https:\/\/proppg.unilab.edu.br\/index.php\/wp-json\/wp\/v2\/pages\/652\/revisions"}],"predecessor-version":[{"id":6264,"href":"https:\/\/proppg.unilab.edu.br\/index.php\/wp-json\/wp\/v2\/pages\/652\/revisions\/6264"}],"wp:attachment":[{"href":"https:\/\/proppg.unilab.edu.br\/index.php\/wp-json\/wp\/v2\/media?parent=652"}],"curies":[{"name":"wp","href":"https:\/\/api.w.org\/{rel}","templated":true}]}}