{"id":636,"date":"2016-05-06T13:17:53","date_gmt":"2016-05-06T16:17:53","guid":{"rendered":"http:\/\/proppg.unilab.edu.br\/?page_id=636"},"modified":"2017-03-23T11:13:36","modified_gmt":"2017-03-23T14:13:36","slug":"maenf-stricto-sensu","status":"publish","type":"page","link":"https:\/\/proppg.unilab.edu.br\/index.php\/maenf-stricto-sensu\/","title":{"rendered":"MAENF (Stricto Sensu)"},"content":{"rendered":"<p><img loading=\"lazy\" decoding=\"async\" class=\"wp-image-71355 size-full aligncenter\" src=\"http:\/\/www.unilab.edu.br\/wp-content\/uploads\/2016\/08\/mestrado-em-enfermagem.jpg\" sizes=\"auto, (max-width: 567px) 100vw, 567px\" srcset=\"http:\/\/www.unilab.edu.br\/wp-content\/uploads\/2016\/08\/mestrado-em-enfermagem.jpg 567w, http:\/\/www.unilab.edu.br\/wp-content\/uploads\/2016\/08\/mestrado-em-enfermagem-345x105.jpg 345w, http:\/\/www.unilab.edu.br\/wp-content\/uploads\/2016\/08\/mestrado-em-enfermagem-500x152.jpg 500w\" alt=\"mestrado em enfermagem\" width=\"567\" height=\"172\" \/><\/p>\n<p>A \u00e1rea de concentra\u00e7\u00e3o do MAENF-UNILAB \u00e9 designada Sa\u00fade e Enfermagem no cen\u00e1rio dos pa\u00edses lus\u00f3fonos. O curso tem como miss\u00e3o a forma\u00e7\u00e3o de enfermeiros capacitados a desenvolverem atividades de ensino e pesquisa na \u00e1rea da Sa\u00fade e Enfermagem. O enfoque do curso est\u00e1 voltado \u00e0 produ\u00e7\u00e3o de conhecimento sobre pr\u00e1ticas de sa\u00fade e o cuidado de enfermagem com diferentes grupos (indiv\u00edduos, fam\u00edlias e comunidades), considerando o contexto epidemiol\u00f3gico, social, sanit\u00e1rio e de sa\u00fade presentes nos pa\u00edses lus\u00f3fonos.<\/p>\n<p>Para atender \u00e0 miss\u00e3o, o Programa de P\u00f3s-Gradua\u00e7\u00e3o em Enfermagem da Universidade da Integra\u00e7\u00e3o Internacional da Lusofonia Afro-Brasileira tem como objetivo geral: produzir conhecimentos inovadores e socialmente relevantes na \u00e1rea de Sa\u00fade e Enfermagem no cen\u00e1rio dos pa\u00edses lus\u00f3fonos, respeitando o rigor cient\u00edfico e os aspectos \u00e9ticos da pesquisa.<\/p>\n<p><strong>Os objetivos do Curso de Mestrado Acad\u00eamico em Enfermagem da UNILAB s\u00e3o:<\/strong><\/p>\n<p>Formar Mestres em Enfermagem capacitados a desenvolverem atividades de ensino e pesquisa, no \u00e2mbito do cuidado em sa\u00fade e enfermagem no cen\u00e1rio dos pa\u00edses lus\u00f3fonos, por meio de forma\u00e7\u00e3o t\u00e9cnica, cient\u00edfica e \u00e9tica;<\/p>\n<p>Formar Mestres capacitados a reflex\u00e3o, a gera\u00e7\u00e3o e a divulga\u00e7\u00e3o de marcos te\u00f3ricos e tecnologias para o cuidado de enfermagem fortalecendo o ensino, a pesquisa e as pr\u00e1ticas de sa\u00fade no cen\u00e1rio dos pa\u00edses lus\u00f3fonos;<\/p>\n<p>Difundir o ensino e a pesquisa, contribuindo nos aspectos de car\u00e1ter social, pol\u00edtico e \u00e9tico para a melhoria da qualidade do cuidado de enfermagem e da sa\u00fade da popula\u00e7\u00e3o dos pa\u00edses da CPLP;<\/p>\n<p>Contribuir na forma\u00e7\u00e3o de docentes qualificados para ministrar aulas em cursos t\u00e9cnico-profissionalizantes e gradua\u00e7\u00e3o nos pa\u00edses da CPLP;<\/p>\n<pre><\/pre>\n<p><strong>Mestrado Acad\u00eamico de Enfermagem \u2013 MAENF<\/strong><\/p>\n<p>Endere\u00e7o:<em> Rua Jos\u00e9 Franco de Oliveira, s\/n<\/em><em>\u2028, Sala 205<\/em><\/p>\n<p><em>Campus das Auroras | CEP: 62.790-970<\/em><em>\u2028<\/em><\/p>\n<p><em>Reden\u00e7\u00e3o \u2013 Cear\u00e1 \u2013 Brasil<\/em><\/p>\n<p><em>Tel.: +55 (85) 33326189<\/em><\/p>\n<p>E-mail: <a href=\"mailto:ppgenf@unilab.edu.br\">ppgenf@unilab.edu.br<\/a><\/p>\n","protected":false},"excerpt":{"rendered":"<p>A \u00e1rea de concentra\u00e7\u00e3o do MAENF-UNILAB \u00e9 designada Sa\u00fade e Enfermagem no cen\u00e1rio dos pa\u00edses lus\u00f3fonos. O curso tem como miss\u00e3o a forma\u00e7\u00e3o de enfermeiros capacitados a desenvolverem atividades de ensino e pesquisa na \u00e1rea da Sa\u00fade e Enfermagem. O enfoque do curso est\u00e1 voltado \u00e0 produ\u00e7\u00e3o de conhecimento sobre pr\u00e1ticas de sa\u00fade e o [&hellip;]<\/p>\n","protected":false},"author":2,"featured_media":0,"parent":0,"menu_order":0,"comment_status":"closed","ping_status":"closed","template":"","meta":{"_uag_custom_page_level_css":"","footnotes":""},"class_list":["post-636","page","type-page","status-publish","hentry"],"uagb_featured_image_src":{"full":false,"thumbnail":false,"medium":false,"medium_large":false,"large":false,"1536x1536":false,"2048x2048":false},"uagb_author_info":{"display_name":"PROPPG UNILAB","author_link":"https:\/\/proppg.unilab.edu.br\/index.php\/author\/proppg\/"},"uagb_comment_info":0,"uagb_excerpt":"A \u00e1rea de concentra\u00e7\u00e3o do MAENF-UNILAB \u00e9 designada Sa\u00fade e Enfermagem no cen\u00e1rio dos pa\u00edses lus\u00f3fonos. O curso tem como miss\u00e3o a forma\u00e7\u00e3o de enfermeiros capacitados a desenvolverem atividades de ensino e pesquisa na \u00e1rea da Sa\u00fade e Enfermagem. O enfoque do curso est\u00e1 voltado \u00e0 produ\u00e7\u00e3o de conhecimento sobre pr\u00e1ticas de sa\u00fade e o&hellip;","_links":{"self":[{"href":"https:\/\/proppg.unilab.edu.br\/index.php\/wp-json\/wp\/v2\/pages\/636","targetHints":{"allow":["GET"]}}],"collection":[{"href":"https:\/\/proppg.unilab.edu.br\/index.php\/wp-json\/wp\/v2\/pages"}],"about":[{"href":"https:\/\/proppg.unilab.edu.br\/index.php\/wp-json\/wp\/v2\/types\/page"}],"author":[{"embeddable":true,"href":"https:\/\/proppg.unilab.edu.br\/index.php\/wp-json\/wp\/v2\/users\/2"}],"replies":[{"embeddable":true,"href":"https:\/\/proppg.unilab.edu.br\/index.php\/wp-json\/wp\/v2\/comments?post=636"}],"version-history":[{"count":2,"href":"https:\/\/proppg.unilab.edu.br\/index.php\/wp-json\/wp\/v2\/pages\/636\/revisions"}],"predecessor-version":[{"id":1273,"href":"https:\/\/proppg.unilab.edu.br\/index.php\/wp-json\/wp\/v2\/pages\/636\/revisions\/1273"}],"wp:attachment":[{"href":"https:\/\/proppg.unilab.edu.br\/index.php\/wp-json\/wp\/v2\/media?parent=636"}],"curies":[{"name":"wp","href":"https:\/\/api.w.org\/{rel}","templated":true}]}}