{"id":6265,"date":"2024-05-27T11:45:06","date_gmt":"2024-05-27T14:45:06","guid":{"rendered":"https:\/\/proppg.unilab.edu.br\/?page_id=6265"},"modified":"2024-05-27T12:00:37","modified_gmt":"2024-05-27T15:00:37","slug":"projetos-aprovados","status":"publish","type":"page","link":"https:\/\/proppg.unilab.edu.br\/index.php\/pos-graduacao\/projetos-aprovados\/","title":{"rendered":"Projetos Aprovados"},"content":{"rendered":"\r\n<h4><strong>PROEXT-PG<\/strong><\/h4>\r\n<p>A Universidade da Integra\u00e7\u00e3o Internacional da Lusofonia Afro-brasileira foi contemplada no Programa de Extens\u00e3o Universit\u00e1ria da P\u00f3s-Gradua\u00e7\u00e3o (PROEXT-PG) do Minist\u00e9rio da Educa\u00e7\u00e3o (MEC). O PROEXT-PG tem como objetivo contribuir para o fortalecimento das atividades de extens\u00e3o no \u00e2mbito da p\u00f3s-gradua\u00e7\u00e3o, por meio de atividades integradas de ensino, pesquisa e extens\u00e3o realizadas em di\u00e1logo com diversos setores da sociedade, com vistas a subsidiar os gestores p\u00fablicos na elabora\u00e7\u00e3o das pol\u00edticas p\u00fablicas que sejam socialmente relevantes, interdisciplinares e que contribuam para o desenvolvimento sustent\u00e1vel, a cidadania, a justi\u00e7a, o fortalecimento da democracia, a participa\u00e7\u00e3o social, a qualidade de vida e a redu\u00e7\u00e3o de assimetrias no Sistema Nacional de P\u00f3s-Gradua\u00e7\u00e3o (SNPG).<\/p>\r\n<p>A Coordena\u00e7\u00e3o da proposta aprovada fica a cargo da docente e doutora Anne Fayma Lopes Chaves, Coordenadora da P\u00f3s-gradua\u00e7\u00e3o da Unilab. A professora escreveu o projeto juntamente com as coordena\u00e7\u00f5es dos programas de p\u00f3s-gradua\u00e7\u00e3o stricto sensu: Programa de P\u00f3s-gradua\u00e7\u00e3o em Enfermagem \u2013 PPGENF, Mestrado Interdisciplinar em Humanidades- MIH, Mestrado Acad\u00eamico em Sociobiodiversidade e Tecnologias Sustent\u00e1veis \u2013 MASTS e Mestrado Acad\u00eamico em Energia e Ambiente \u2013 PGEA.<\/p>\r\n<p>O benef\u00edcio concedido a partir do PROEXT-PG foi aprovado e, conforme a PORTARIA CAPES\/SESU N\u00ba 1, DE 18 DE JANEIRO DE 2024, a Unilab recebeu o valor de R$ 159.800,00 a ser utilizado em recurso de custeio para desenvolver os projetos de extens\u00e3o aprovados.<\/p>\r\n<hr \/>\r\n<h4><strong>Edital N\u00ba 38\/2022 &#8211; <\/strong><strong>PDPG &#8211; FUNCAP<\/strong><\/h4>\r\n<p>A Universidade da Integra\u00e7\u00e3o Internacional da Lusofonia Afro-brasileira foi contemplada no Programa de Desenvolvimento da P\u00f3s-Gradua\u00e7\u00e3o (PDPG) \u2013 Parcerias Estrat\u00e9gicas nos Estados III \u2013 Edital N\u00ba 38\/2022, o qual tem por objetivo apoiar projetos voltados \u00e0 manuten\u00e7\u00e3o da qualidade ou ao fortalecimento dos Programas de P\u00f3s-Gradua\u00e7\u00e3o (PPGs) <em>stricto sensu <\/em>acad\u00eamicos, com foco na forma\u00e7\u00e3o de recursos humanos altamente qualificados e na investiga\u00e7\u00e3o acad\u00eamico-cientifica em temas considerados priorit\u00e1rios nos estados, promovendo intera\u00e7\u00e3o entre a academia, o governo e a iniciativa privada, com vistas ao desenvolvimento econ\u00f4mico e social do estado.<\/p>\r\n<p>A Coordena\u00e7\u00e3o da proposta aprovada ficou a cargo do Pr\u00f3-Reitor de Pesquisa e P\u00f3s-gradua\u00e7\u00e3o da Unilab, Professor Doutor Carlos Henrique Lopes Pinheiro. O aux\u00edlio de custeio destinado ao Projeto de Pesquisa foi no valor total de R$ 368.691,43 (trezentos e sessenta e oito mil, seiscentos e noventa e um reais e quarenta e tr\u00eas centavos).<\/p>\r\n<p>Os projetos aprovados e seus respectivos cursos est\u00e3o listados abaixo:<\/p>\r\n<ul>\r\n<li>AVAN\u00c7OS EM TECNOLOGIAS, MODELOS DE GEST\u00c3O E MARCOS REGULAT\u00d3RIOS PARA A GERA\u00c7\u00c3O DE ENERGIAS LIMPAS VOLTADAS AO DESENVOLVIMENTO SUSTENT\u00c1VEL DO ESTADO DO CEAR\u00c1\u00a0 \u2013 Mestrado em Energia e Ambiente<\/li>\r\n<li>CEAR\u00c1 HEALTHTECH: DESENVOLVIMENTO DE ESTRAT\u00c9GIAS TECNOL\u00d3GICAS E INOVA\u00c7\u00c3O PARA A SA\u00daDE \u2013 Programa de P\u00f3s-Gradua\u00e7\u00e3o em Enfermagem<\/li>\r\n<li>DESENVOLVIMENTO URBANO, CIDADES INTELIGENTES E SUSTENT\u00c1VEIS NO ESTADO DO CEAR\u00c1 \u2013 Mestrado em Antropologia<\/li>\r\n<li>FORMA\u00c7\u00c3O DE PROFESSORES PARA O DESENVOLVIMENTO SOCIAL NO CEAR\u00c1 \u2013 Mestrado em Estudos da Linguagem<\/li>\r\n<li>FORMA\u00c7\u00c3O DE PROFESSORES PARA O DESENVOLVIMENTO SOCIAL NO CEAR\u00c1 \u2013 Mestrado Interdisciplinar em Humanidades<\/li>\r\n<\/ul>\r\n<hr \/>\r\n<h4><strong>Chamada CNPq N\u00ba 35\/2023<\/strong><\/h4>\r\n<p>A Universidade da Integra\u00e7\u00e3o Internacional da Lusofonia Afro-brasileira foi contemplada na Chamada CNPq N\u00ba 35\/2023 &#8211; Apoio \u00e0 Pesquisa Cient\u00edfica, Tecnol\u00f3gica e de Inova\u00e7\u00e3o: Bolsas de Forma\u00e7\u00e3o \u2013 Mestrado e Doutorado &#8211; Programa Institucional de Bolsas de P\u00f3s-Gradua\u00e7\u00e3o (PIBPG) &#8211; CICLO 2024, a qual tem como objetivo apoiar Projetos Institucionais para Pesquisa cient\u00edfica, tecnol\u00f3gica e de inova\u00e7\u00e3o nas IES e ICTs, por meio da concess\u00e3o de bolsas de forma\u00e7\u00e3o \u2013 mestrado e doutorado no Pa\u00eds, no \u00e2mbito do Programa Institucional de Bolsas de P\u00f3s-Gradua\u00e7\u00e3o (PIBPG).<\/p>\r\n<p>A Coordena\u00e7\u00e3o da proposta aprovada ficou a cargo do Pr\u00f3-Reitor de Pesquisa e P\u00f3s-gradua\u00e7\u00e3o da Unilab, Professor Doutor Carlos Henrique Lopes Pinheiro, a partir da parceria com os cursos de Mestrado em Energia e Ambiente, Mestrado Interdisciplinar em Humanidades, Mestrado em Estudos de Linguagens Campus dos Males e o Programa de P\u00f3s-Gradua\u00e7\u00e3o em Enfermagem.<\/p>\r\n<p>O benef\u00edcio concedido a partir da chamada contemplou 04 bolsas de Mestrado no valor de R$ 2.100,00 para discentes dos programas envolvidos no projeto. O projeto aprovado foi intitulado \u201cMapeamento de Doen\u00e7as Cardiometab\u00f3licas, Clim\u00e1ticas e Transtornos Mentais a partir da Influ\u00eancia dos Determinantes Sociais de Sa\u00fade\u201d, tendo como objetivos: mapear interven\u00e7\u00f5es efetivas para doen\u00e7as cardiometab\u00f3licas e transtornos mentais; compreender as necessidades de conhecimento dos universit\u00e1rios para melhorar os comportamentos de sa\u00fade; verificar a influ\u00eancia de vari\u00e1veis clim\u00e1ticas em doen\u00e7as cardiometab\u00f3licas; elaborar e testar interven\u00e7\u00f5es para promo\u00e7\u00e3o da sa\u00fade mental e cardiometab\u00f3lica, considerando os determinantes sociais de sa\u00fade.<\/p>\r\n","protected":false},"excerpt":{"rendered":"<p>PROEXT-PG A Universidade da Integra\u00e7\u00e3o Internacional da Lusofonia Afro-brasileira foi contemplada no Programa de Extens\u00e3o Universit\u00e1ria da P\u00f3s-Gradua\u00e7\u00e3o (PROEXT-PG) do Minist\u00e9rio da Educa\u00e7\u00e3o (MEC). O PROEXT-PG tem como objetivo contribuir para o fortalecimento das atividades de extens\u00e3o no \u00e2mbito da p\u00f3s-gradua\u00e7\u00e3o, por meio de atividades integradas de ensino, pesquisa e extens\u00e3o realizadas em di\u00e1logo com [&hellip;]<\/p>\n","protected":false},"author":101034,"featured_media":0,"parent":71,"menu_order":0,"comment_status":"closed","ping_status":"closed","template":"","meta":{"_uag_custom_page_level_css":"","footnotes":""},"class_list":["post-6265","page","type-page","status-publish","hentry"],"uagb_featured_image_src":{"full":false,"thumbnail":false,"medium":false,"medium_large":false,"large":false,"1536x1536":false,"2048x2048":false},"uagb_author_info":{"display_name":"Lucas Pinheiro","author_link":"https:\/\/proppg.unilab.edu.br\/index.php\/author\/lucas-pinheiro\/"},"uagb_comment_info":0,"uagb_excerpt":"PROEXT-PG A Universidade da Integra\u00e7\u00e3o Internacional da Lusofonia Afro-brasileira foi contemplada no Programa de Extens\u00e3o Universit\u00e1ria da P\u00f3s-Gradua\u00e7\u00e3o (PROEXT-PG) do Minist\u00e9rio da Educa\u00e7\u00e3o (MEC). O PROEXT-PG tem como objetivo contribuir para o fortalecimento das atividades de extens\u00e3o no \u00e2mbito da p\u00f3s-gradua\u00e7\u00e3o, por meio de atividades integradas de ensino, pesquisa e extens\u00e3o realizadas em di\u00e1logo com&hellip;","_links":{"self":[{"href":"https:\/\/proppg.unilab.edu.br\/index.php\/wp-json\/wp\/v2\/pages\/6265","targetHints":{"allow":["GET"]}}],"collection":[{"href":"https:\/\/proppg.unilab.edu.br\/index.php\/wp-json\/wp\/v2\/pages"}],"about":[{"href":"https:\/\/proppg.unilab.edu.br\/index.php\/wp-json\/wp\/v2\/types\/page"}],"author":[{"embeddable":true,"href":"https:\/\/proppg.unilab.edu.br\/index.php\/wp-json\/wp\/v2\/users\/101034"}],"replies":[{"embeddable":true,"href":"https:\/\/proppg.unilab.edu.br\/index.php\/wp-json\/wp\/v2\/comments?post=6265"}],"version-history":[{"count":8,"href":"https:\/\/proppg.unilab.edu.br\/index.php\/wp-json\/wp\/v2\/pages\/6265\/revisions"}],"predecessor-version":[{"id":6276,"href":"https:\/\/proppg.unilab.edu.br\/index.php\/wp-json\/wp\/v2\/pages\/6265\/revisions\/6276"}],"up":[{"embeddable":true,"href":"https:\/\/proppg.unilab.edu.br\/index.php\/wp-json\/wp\/v2\/pages\/71"}],"wp:attachment":[{"href":"https:\/\/proppg.unilab.edu.br\/index.php\/wp-json\/wp\/v2\/media?parent=6265"}],"curies":[{"name":"wp","href":"https:\/\/api.w.org\/{rel}","templated":true}]}}