{"id":614,"date":"2016-05-06T10:57:18","date_gmt":"2016-05-06T13:57:18","guid":{"rendered":"http:\/\/proppg.unilab.edu.br\/?page_id=614"},"modified":"2024-06-11T10:19:39","modified_gmt":"2024-06-11T13:19:39","slug":"pos-graduacao-stricto-sensu","status":"publish","type":"page","link":"https:\/\/proppg.unilab.edu.br\/index.php\/pos-graduacao-stricto-sensu\/","title":{"rendered":"P\u00f3s-Gradua\u00e7\u00e3o &#8211; Stricto Sensu"},"content":{"rendered":"<h1><strong>Cursos Stricto Sensu (Mestrados)<\/strong><\/h1>\n<ul style=\"list-style-type: disc;\">\n<li><a href=\"http:\/\/pgea.unilab.edu.br\/\" target=\"_blank\" rel=\"noopener noreferrer\">Mestrado Acad\u00eamico em Energia e Ambiente<\/a><\/li>\n<li><a href=\"http:\/\/ppgenf.unilab.edu.br\/\">Mestrado Acad\u00eamico em Enfermagem \u2013 MAENF<\/a><\/li>\n<li><a href=\"http:\/\/ppglin.unilab.edu.br\/\" target=\"_blank\" rel=\"noopener noreferrer\">Mestrado Acad\u00eamico em Estudos da Linguagem<\/a><\/li>\n<li><a href=\"https:\/\/melmales.unilab.edu.br\/\" target=\"_blank\" rel=\"noopener\">Mestrado Acad\u00eamico em Estudos de Linguagem: Contextos Lus\u00f3fonos Brasil-\u00c1frica<\/a><\/li>\n<li><a title=\"Mestrado Acad\u00eamico em Sociobiodiversidade e Tecnologias Sustent\u00e1veis \u2013 MASTS\" href=\"http:\/\/masts.unilab.edu.br\/\">Mestrado Acad\u00eamico em Sociobiodiversidade e Tecnologias Sustent\u00e1veis \u2013 MASTS<\/a><\/li>\n<li><a href=\"https:\/\/mestradoantropologia.ufc.br\/pt\/\" target=\"_blank\" rel=\"noopener noreferrer\">Mestrado Associado em Antropologia UFC-UNILAB<\/a><\/li>\n<li><a href=\"http:\/\/mih.unilab.edu.br\/\" rel=\"noopener\">Mestrado Interdisciplinar em Humanidades \u2013 MIH<\/a><\/li>\n<li><a href=\"http:\/\/ppgef.unilab.edu.br\/\" target=\"_blank\" rel=\"noopener noreferrer\">Mestrado Profissional em Ensino e Forma\u00e7\u00e3o Docente (associa\u00e7\u00e3o com IFCE)<\/a><\/li>\n<li><a href=\"http:\/\/profmat.unilab.edu.br\/\" target=\"_blank\" rel=\"noopener noreferrer\">Mestrado Profissional em Matem\u00e1tica em Rede Nacional \u2013 PROFMAT<\/a><\/li>\n<li><a href=\"https:\/\/ppgsf.unilab.edu.br\/\" target=\"_blank\" rel=\"noopener\"><b>Mestrado Profissional em Sa\u00fade da Fam\u00edlia &#8211; RENASF<\/b><\/a><\/li>\n<li><a href=\"https:\/\/profiap.org.br\/ \" target=\"_blank\" rel=\"noopener\">Mestrado Profissional em Administra\u00e7\u00e3o P\u00fablica em Rede Nacional \u2013 PROFIAP<\/a><\/li>\n<\/ul>\n<hr \/>\n<h1><strong>Cursos Stricto Sensu (Doutorado)<\/strong><\/h1>\n<ul style=\"list-style-type: disc;\">\n<li><a href=\"http:\/\/ppgenf.unilab.edu.br\/\">Doutorado em Enfermagem \u2013 MAENF<\/a><\/li>\n<\/ul>\n","protected":false},"excerpt":{"rendered":"<p>Cursos Stricto Sensu (Mestrados) Mestrado Acad\u00eamico em Energia e Ambiente Mestrado Acad\u00eamico em Enfermagem \u2013 MAENF Mestrado Acad\u00eamico em Estudos da Linguagem Mestrado Acad\u00eamico em Estudos de Linguagem: Contextos Lus\u00f3fonos Brasil-\u00c1frica Mestrado Acad\u00eamico em Sociobiodiversidade e Tecnologias Sustent\u00e1veis \u2013 MASTS Mestrado Associado em Antropologia UFC-UNILAB Mestrado Interdisciplinar em Humanidades \u2013 MIH Mestrado Profissional em Ensino [&hellip;]<\/p>\n","protected":false},"author":2,"featured_media":0,"parent":0,"menu_order":0,"comment_status":"closed","ping_status":"closed","template":"","meta":{"_uag_custom_page_level_css":"","footnotes":""},"class_list":["post-614","page","type-page","status-publish","hentry"],"uagb_featured_image_src":{"full":false,"thumbnail":false,"medium":false,"medium_large":false,"large":false,"1536x1536":false,"2048x2048":false},"uagb_author_info":{"display_name":"PROPPG UNILAB","author_link":"https:\/\/proppg.unilab.edu.br\/index.php\/author\/proppg\/"},"uagb_comment_info":0,"uagb_excerpt":"Cursos Stricto Sensu (Mestrados) Mestrado Acad\u00eamico em Energia e Ambiente Mestrado Acad\u00eamico em Enfermagem \u2013 MAENF Mestrado Acad\u00eamico em Estudos da Linguagem Mestrado Acad\u00eamico em Estudos de Linguagem: Contextos Lus\u00f3fonos Brasil-\u00c1frica Mestrado Acad\u00eamico em Sociobiodiversidade e Tecnologias Sustent\u00e1veis \u2013 MASTS Mestrado Associado em Antropologia UFC-UNILAB Mestrado Interdisciplinar em Humanidades \u2013 MIH Mestrado Profissional em Ensino&hellip;","_links":{"self":[{"href":"https:\/\/proppg.unilab.edu.br\/index.php\/wp-json\/wp\/v2\/pages\/614","targetHints":{"allow":["GET"]}}],"collection":[{"href":"https:\/\/proppg.unilab.edu.br\/index.php\/wp-json\/wp\/v2\/pages"}],"about":[{"href":"https:\/\/proppg.unilab.edu.br\/index.php\/wp-json\/wp\/v2\/types\/page"}],"author":[{"embeddable":true,"href":"https:\/\/proppg.unilab.edu.br\/index.php\/wp-json\/wp\/v2\/users\/2"}],"replies":[{"embeddable":true,"href":"https:\/\/proppg.unilab.edu.br\/index.php\/wp-json\/wp\/v2\/comments?post=614"}],"version-history":[{"count":26,"href":"https:\/\/proppg.unilab.edu.br\/index.php\/wp-json\/wp\/v2\/pages\/614\/revisions"}],"predecessor-version":[{"id":6366,"href":"https:\/\/proppg.unilab.edu.br\/index.php\/wp-json\/wp\/v2\/pages\/614\/revisions\/6366"}],"wp:attachment":[{"href":"https:\/\/proppg.unilab.edu.br\/index.php\/wp-json\/wp\/v2\/media?parent=614"}],"curies":[{"name":"wp","href":"https:\/\/api.w.org\/{rel}","templated":true}]}}