{"id":590,"date":"2016-04-25T12:52:31","date_gmt":"2016-04-25T15:52:31","guid":{"rendered":"http:\/\/proppg.unilab.edu.br\/?page_id=590"},"modified":"2016-05-06T13:17:19","modified_gmt":"2016-05-06T16:17:19","slug":"masts","status":"publish","type":"page","link":"https:\/\/proppg.unilab.edu.br\/index.php\/masts\/","title":{"rendered":"Masts (Stricto Sensu)"},"content":{"rendered":"<p><img loading=\"lazy\" decoding=\"async\" class=\"size-full wp-image-527 aligncenter\" src=\"https:\/\/proppg.unilab.edu.br\/wp-content\/uploads\/2016\/03\/logo-masts.jpg\" alt=\"logo-masts\" width=\"345\" height=\"180\" srcset=\"https:\/\/proppg.unilab.edu.br\/wp-content\/uploads\/2016\/03\/logo-masts.jpg 345w, https:\/\/proppg.unilab.edu.br\/wp-content\/uploads\/2016\/03\/logo-masts-316x165.jpg 316w\" sizes=\"auto, (max-width: 345px) 100vw, 345px\" \/><\/p>\n<p>O Mestrado Acad\u00eamico em Sociobiodiversidade e Tecnologias Sustent\u00e1veis (MASTS) oferece forma\u00e7\u00e3o interdisciplinar visando promover a conserva\u00e7\u00e3o e o uso sustent\u00e1vel da biodiversidade, por meio da reflex\u00e3o e da produ\u00e7\u00e3o de conhecimento acerca da elabora\u00e7\u00e3o, divulga\u00e7\u00e3o e consumo de tecnologias sustent\u00e1veis. Nesse sentido, o mestrado compreende tanto a formula\u00e7\u00e3o de tecnologias voltadas para o enfrentamento das quest\u00f5es que ocupam as agendas nacionais e internacionais sobre a conserva\u00e7\u00e3o e o uso racional dos recursos naturais quanto a produ\u00e7\u00e3o de conhecimento acerca das din\u00e2micas e das estrat\u00e9gias sociais no trato com a natureza.<br \/>\nO MASTS aceita profissionais graduados nas diversas \u00e1reas do conhecimento interessados em abordar as quest\u00f5es discutidas por ele, no \u00e2mbito de suas linhas de pesquisa, a saber:<\/p>\n<ol style=\"list-style-type: lower-alpha;\">\n<li>Tecnologias e Desenvolvimento Sustent\u00e1vel \u2013 voltada para a an\u00e1lise, compreens\u00e3o e difus\u00e3o de tecnologias balizadas pelo enfoque do desenvolvimento sustentado, sustent\u00e1vel e includente e que, sobretudo, possam ser apropriadas pelas popula\u00e7\u00f5es interessadas;<\/li>\n<li>Sociobiodiversidade e Sustentabilidade \u2013 voltada para a an\u00e1lise e compreens\u00e3o das conforma\u00e7\u00f5es sociohist\u00f3ricas relacionadas \u00e0s tem\u00e1ticas da sustentabilidade e \u00e0s diversas formas de apropria\u00e7\u00e3o e uso dos recursos naturais.<\/li>\n<\/ol>\n<p>Nesse sentido, o Mestrado Acad\u00eamico em Sociobiodiversidade e Tecnologias Sustent\u00e1veis incorpora profissionais que, independentemente de sua forma\u00e7\u00e3o, estejam interessados em aprofundar seus conhecimentos acerca da tem\u00e1tica da Sustentabilidade e da Diversidade de aportes no trato com a natureza e a sua transforma\u00e7\u00e3o em recursos.<\/p>\n<p>E-mail: masts@unilab.edu.br<\/p>\n<p>&nbsp;<\/p>\n","protected":false},"excerpt":{"rendered":"<p>O Mestrado Acad\u00eamico em Sociobiodiversidade e Tecnologias Sustent\u00e1veis (MASTS) oferece forma\u00e7\u00e3o interdisciplinar visando promover a conserva\u00e7\u00e3o e o uso sustent\u00e1vel da biodiversidade, por meio da reflex\u00e3o e da produ\u00e7\u00e3o de conhecimento acerca da elabora\u00e7\u00e3o, divulga\u00e7\u00e3o e consumo de tecnologias sustent\u00e1veis. Nesse sentido, o mestrado compreende tanto a formula\u00e7\u00e3o de tecnologias voltadas para o enfrentamento das [&hellip;]<\/p>\n","protected":false},"author":2,"featured_media":0,"parent":0,"menu_order":0,"comment_status":"closed","ping_status":"closed","template":"","meta":{"_uag_custom_page_level_css":"","footnotes":""},"class_list":["post-590","page","type-page","status-publish","hentry"],"uagb_featured_image_src":{"full":false,"thumbnail":false,"medium":false,"medium_large":false,"large":false,"1536x1536":false,"2048x2048":false},"uagb_author_info":{"display_name":"PROPPG UNILAB","author_link":"https:\/\/proppg.unilab.edu.br\/index.php\/author\/proppg\/"},"uagb_comment_info":0,"uagb_excerpt":"O Mestrado Acad\u00eamico em Sociobiodiversidade e Tecnologias Sustent\u00e1veis (MASTS) oferece forma\u00e7\u00e3o interdisciplinar visando promover a conserva\u00e7\u00e3o e o uso sustent\u00e1vel da biodiversidade, por meio da reflex\u00e3o e da produ\u00e7\u00e3o de conhecimento acerca da elabora\u00e7\u00e3o, divulga\u00e7\u00e3o e consumo de tecnologias sustent\u00e1veis. Nesse sentido, o mestrado compreende tanto a formula\u00e7\u00e3o de tecnologias voltadas para o enfrentamento das&hellip;","_links":{"self":[{"href":"https:\/\/proppg.unilab.edu.br\/index.php\/wp-json\/wp\/v2\/pages\/590","targetHints":{"allow":["GET"]}}],"collection":[{"href":"https:\/\/proppg.unilab.edu.br\/index.php\/wp-json\/wp\/v2\/pages"}],"about":[{"href":"https:\/\/proppg.unilab.edu.br\/index.php\/wp-json\/wp\/v2\/types\/page"}],"author":[{"embeddable":true,"href":"https:\/\/proppg.unilab.edu.br\/index.php\/wp-json\/wp\/v2\/users\/2"}],"replies":[{"embeddable":true,"href":"https:\/\/proppg.unilab.edu.br\/index.php\/wp-json\/wp\/v2\/comments?post=590"}],"version-history":[{"count":4,"href":"https:\/\/proppg.unilab.edu.br\/index.php\/wp-json\/wp\/v2\/pages\/590\/revisions"}],"predecessor-version":[{"id":633,"href":"https:\/\/proppg.unilab.edu.br\/index.php\/wp-json\/wp\/v2\/pages\/590\/revisions\/633"}],"wp:attachment":[{"href":"https:\/\/proppg.unilab.edu.br\/index.php\/wp-json\/wp\/v2\/media?parent=590"}],"curies":[{"name":"wp","href":"https:\/\/api.w.org\/{rel}","templated":true}]}}