{"id":5578,"date":"2023-11-28T14:02:00","date_gmt":"2023-11-28T17:02:00","guid":{"rendered":"https:\/\/proppg.unilab.edu.br\/?page_id=5578"},"modified":"2024-05-23T08:50:15","modified_gmt":"2024-05-23T11:50:15","slug":"ceea-comite-de-etica-em-experimentacao-animal","status":"publish","type":"page","link":"https:\/\/proppg.unilab.edu.br\/index.php\/ceea-comite-de-etica-em-experimentacao-animal\/","title":{"rendered":"CEEA &#8211; Comit\u00ea de \u00c9tica em Experimenta\u00e7\u00e3o Animal"},"content":{"rendered":"<h5><strong>Compete \u00e0 CEEA\/Unilab:\u00a0<\/strong><\/h5>\n<p><span style=\"font-weight: 400;\">I &#8211; cumprir e fazer cumprir, no \u00e2mbito de suas atribui\u00e7\u00f5es, o disposto na Lei n\u00ba 11.794, de 8 de outubro de 2008, seu Decreto regulamentador n\u00ba 6.899, de 15 de julho de 2009, e nas demais Resolu\u00e7\u00f5es Normativas do Conselho Nacional de Controle de Experimenta\u00e7\u00e3o Animal (Concea);\u00a0<\/span><\/p>\n<p><span style=\"font-weight: 400;\">II &#8211; assegurar que suas recomenda\u00e7\u00f5es e as do Concea sejam observadas pelos profissionais envolvidos na produ\u00e7\u00e3o, manuten\u00e7\u00e3o ou utiliza\u00e7\u00e3o de animais em atividades de ensino ou pesquisa cient\u00edfica;\u00a0<\/span><\/p>\n<p><span style=\"font-weight: 400;\">III &#8211; atualizar o seu Regimento Interno;\u00a0<\/span><\/p>\n<p><span style=\"font-weight: 400;\">IV &#8211; tomar decis\u00f5es sobre procedimentos e protocolos de ensino e pesquisa cient\u00edfica, sempre em conson\u00e2ncia com as normas em vigor, e divulg\u00e1-las;\u00a0<\/span><\/p>\n<p><span style=\"font-weight: 400;\">V &#8211; examinar previamente os protocolos experimentais ou pedag\u00f3gicos aplic\u00e1veis aos procedimentos de ensino e projetos de pesquisa a serem realizados na institui\u00e7\u00e3o \u00e0 qual esteja vinculada, para determinar sua compatibilidade com a legisla\u00e7\u00e3o aplic\u00e1vel;\u00a0<\/span><\/p>\n<p><span style=\"font-weight: 400;\">VI &#8211; quanto aos seus membros:\u00a0<\/span><\/p>\n<p><span style=\"font-weight: 400;\">\u00a0 \u00a0 \u00a0 \u00a0 a) solicitar a assinatura de um termo de confidencialidade sobre os projetos e\/ou protocolos que forem submetidos \u00e0 avalia\u00e7\u00e3o da CEEA\/Unilab; e\u00a0<\/span><\/p>\n<p><span style=\"font-weight: 400;\">\u00a0 \u00a0 \u00a0 \u00a0 b) garantir a todos o acesso igualit\u00e1rio aos processos, aos protocolos em an\u00e1lise, aos relat\u00f3rios e a quaisquer documentos relativos a suas atividades.\u00a0<\/span><\/p>\n<p><span style=\"font-weight: 400;\">VII &#8211; disponibilizar as informa\u00e7\u00f5es relativas aos procedimentos e \u00e0s normas aplic\u00e1veis \u00e0s CEEAs, bem como as publica\u00e7\u00f5es do Concea;\u00a0<\/span><\/p>\n<p><span style=\"font-weight: 400;\">VIII &#8211; manter cadastro atualizado dos protocolos experimentais ou pedag\u00f3gicos, aplic\u00e1veis aos procedimentos de ensino, projetos de pesquisa e extens\u00e3o, realizados na institui\u00e7\u00e3o ou em andamento, enviando c\u00f3pia ao Concea, por meio do Cadastro das Institui\u00e7\u00f5es de Uso Cient\u00edfico de Animais (Ciuca);\u00a0<\/span><\/p>\n<p><span style=\"font-weight: 400;\">IX &#8211; manter cadastro dos pesquisadores e docentes que desenvolvam protocolos experimentais ou pedag\u00f3gicos, aplic\u00e1veis aos procedimentos de ensino e projetos de pesquisa, enviando c\u00f3pia ao Concea, por meio do Ciuca;\u00a0<\/span><\/p>\n<p><span style=\"font-weight: 400;\">X &#8211; expedir, no \u00e2mbito de suas atribui\u00e7\u00f5es, certificados que se fizerem necess\u00e1rios perante \u00f3rg\u00e3os de financiamento de pesquisa, peri\u00f3dicos cient\u00edficos ou outras entidades;\u00a0<\/span><\/p>\n<p><span style=\"font-weight: 400;\">XI &#8211; notificar imediatamente ao Concea e \u00e0s autoridades sanit\u00e1rias a ocorr\u00eancia de qualquer acidente envolvendo animais nas institui\u00e7\u00f5es credenciadas, fornecendo informa\u00e7\u00f5es que permitam a\u00e7\u00f5es saneadoras;\u00a0<\/span><\/p>\n<p><span style=\"font-weight: 400;\">XII &#8211; investigar acidentes e irregularidades de natureza \u00e9tica ocorridos no curso das atividades de cria\u00e7\u00e3o, pesquisa, ensino e extens\u00e3o, assim como enviar o relat\u00f3rio respectivo ao Concea, no prazo m\u00e1ximo de 30 (trinta) dias, contados a partir da data do evento;\u00a0<\/span><\/p>\n<p><span style=\"font-weight: 400;\">XIII &#8211; estabelecer programas preventivos, realizar visitas de fiscaliza\u00e7\u00e3o sem aviso pr\u00e9vio \u00e0s unidades da Universidade onde est\u00e3o sendo executados os referidos protocolos e \u00e0s unidades de cria\u00e7\u00e3o\/manuten\u00e7\u00e3o de animais, cadastradas no Ciuca com vistas a garantir o funcionamento e a adequa\u00e7\u00e3o das instala\u00e7\u00f5es sob sua responsabilidade, dentro dos padr\u00f5es e normas definidos pelo Concea;\u00a0<\/span><\/p>\n<p><span style=\"font-weight: 400;\">XIV &#8211; avaliar a qualifica\u00e7\u00e3o e a experi\u00eancia do pessoal envolvido nas atividades de cria\u00e7\u00e3o, ensino e pesquisa para garantir o uso adequado dos animais;<\/span><\/p>\n<p><span style=\"font-weight: 400;\">XV &#8211; divulgar normas e tomar decis\u00f5es sobre procedimentos e protocolos pedag\u00f3gicos e experimentais, sempre em conson\u00e2ncia com as normas em vigor;\u00a0<\/span><\/p>\n<p><span style=\"font-weight: 400;\">XVI &#8211; assegurar que suas recomenda\u00e7\u00f5es e as do Concea sejam observadas pelos profissionais envolvidos na cria\u00e7\u00e3o ou utiliza\u00e7\u00e3o de animais;\u00a0<\/span><\/p>\n<p><span style=\"font-weight: 400;\">XVII &#8211; consultar formalmente o Concea sobre assuntos de seu interesse, quando julgar necess\u00e1rio; XVIII &#8211; desempenhar outras atribui\u00e7\u00f5es, conforme delibera\u00e7\u00f5es do Concea;\u00a0<\/span><\/p>\n<p><span style=\"font-weight: 400;\">XIX &#8211; incentivar a ado\u00e7\u00e3o dos princ\u00edpios de refinamento, redu\u00e7\u00e3o e substitui\u00e7\u00e3o no uso de animais em ensino, pesquisa e extens\u00e3o;\u00a0<\/span><\/p>\n<p><span style=\"font-weight: 400;\">XX &#8211; determinar a paralisa\u00e7\u00e3o de qualquer procedimento em desacordo com a Lei n\u00ba 11.794, de 8 de outubro de 2008, na execu\u00e7\u00e3o de atividades de ensino, pesquisa e extens\u00e3o, at\u00e9 que a irregularidade seja sanada, sem preju\u00edzo da aplica\u00e7\u00e3o de outras san\u00e7\u00f5es cab\u00edveis;\u00a0<\/span><\/p>\n<p><span style=\"font-weight: 400;\">XXI &#8211; recorrer \u00e0 assessoria de especialistas <\/span><i><span style=\"font-weight: 400;\">ad hoc<\/span><\/i><span style=\"font-weight: 400;\">, sempre que julgar necess\u00e1rio;\u00a0<\/span><\/p>\n<p><span style=\"font-weight: 400;\">XXII &#8211; manter informadas as fontes fornecedoras de animais das decis\u00f5es da CEEA referentes aos Protocolos de Ensino e Pesquisa;\u00a0<\/span><\/p>\n<p><span style=\"font-weight: 400;\">XXIII &#8211; eleger o(a) Coordenador(a) e o Vice-Coordenador(a) da Comiss\u00e3o.<\/span><\/p>\n<hr \/>\n<h5><strong>Regimento da CEEA e Portarias de nomea\u00e7\u00e3o de Membros:\u00a0<\/strong><\/h5>\n\n\n    <script>\n        jQuery(function($){\n\n            var __dt = $('#wpdmmydls-8ead5ac8f5d37fb2ed863d0c61551216').dataTable({\n                \"dom\": '<\"wpdmdt-toolbar\"lfrB>t<\"wpdmdt-toolbarb\"ip>',\n                responsive: true,\n                \"order\": [[ 1, \"desc\" ]],\n                \"language\": {\n                    \"lengthMenu\": \" Exibir _MENU_ downloads por p\u00e1gina\",\n                    \"zeroRecords\": \" Nada _START_ para - desculpe\",\n                    \"info\": \" Mostrando _START_ to _END_ of _TOTAL_ downloads\",\n                    \"infoEmpty\": \" N\u00e3o h\u00e1 downloads dispon\u00edveis\",\n                    \"infoFiltered\": \" (filtrado do total de downloads de _MAX_)\",\n                    \"emptyTable\":     \" Sem dados dispon\u00edveis na tabela\",\n                    \"infoPostFix\":    \"\",\n                    \"thousands\":      \",\",\n                    \"loadingRecords\": \"Carregando...\",\n                    \"processing\":     \" Em Processamento...\",\n                    \"search\":         \"Buscar:\",\n                    \"paginate\": {\n                        \"first\":      \"Primeiro\",\n                        \"last\":       \"\u00daltimo\",\n                        \"next\":       \"Pr\u00f3ximo\",\n                        \"previous\":   \"Anterior\"\n                    },\n                    \"aria\": {\n                        \"sortAscending\":  \" :  ative para classificar coluna ascendente\",\n                        \"sortDescending\": \": ative para classificar coluna descendente\"\n                    }\n                },\n                \"iDisplayLength\": 20,\n                \"aLengthMenu\": [[20, 10, 25, 50, -1], [20, 10, 25, 50, \"Tudo\"]]\n            });\n\n                    });\n    <\/script>\n<style>\n    .wpdmdt-toolbar {\n        padding: 10px;\n    }\n    .wpdmdt-toolbarb {\n        padding: 5px 10px 10px;\n    }\n    .wpdmdt-toolbar > div {\n        display: inline-block;\n    }\n    table,td,th{\n        border: 0;\n    }\n    #wpdm-all-packages .card{\n        overflow: hidden;\n    }\n    .dataTables_wrapper .table{\n        margin: 0;\n    }\n    #wpdmmydls-8ead5ac8f5d37fb2ed863d0c61551216{\n        border-bottom: 1px solid #dddddd;\n        border-top: 1px solid #dddddd;\n        font-size: 10pt;\n        min-width: 100%;\n    }\n    #wpdmmydls-8ead5ac8f5d37fb2ed863d0c61551216 .wpdm-download-link img{\n        box-shadow: none !important;\n        max-width: 100%;\n    }\n    .w3eden .pagination{\n        margin: 0 !important;\n    }\n    #wpdmmydls-8ead5ac8f5d37fb2ed863d0c61551216 td:not(:first-child){\n        vertical-align: middle !important;\n    }\n    #wpdmmydls-8ead5ac8f5d37fb2ed863d0c61551216 td.__dt_col_download_link .btn{\n        display: block;\n        width: 100%;\n    }\n    #wpdmmydls-8ead5ac8f5d37fb2ed863d0c61551216 td.__dt_col_download_link,\n    #wpdmmydls-8ead5ac8f5d37fb2ed863d0c61551216 th#download_link{\n        max-width: 155px !important;\n        width: 155px;\n\n    }\n    #wpdmmydls-8ead5ac8f5d37fb2ed863d0c61551216 th{\n        background-color: rgba(0,0,0,0.04);\n        border-bottom: 1px solid rgba(0,0,0,0.025);\n    }\n    #wpdmmydls-8ead5ac8f5d37fb2ed863d0c61551216_length label,\n    #wpdmmydls-8ead5ac8f5d37fb2ed863d0c61551216_filter label{\n        font-weight: 400;\n    }\n    #wpdmmydls-8ead5ac8f5d37fb2ed863d0c61551216_filter input[type=search]{\n        display: inline-block;\n        width: 200px;\n    }\n    #wpdmmydls-8ead5ac8f5d37fb2ed863d0c61551216_length select{\n        display: inline-block;\n        width: 60px;\n    }\n\n    #wpdmmydls-8ead5ac8f5d37fb2ed863d0c61551216 .package-title{\n        color:#36597C;\n        font-size: 11pt;\n        font-weight: 700;\n    }\n    #wpdmmydls-8ead5ac8f5d37fb2ed863d0c61551216 .small-txt{\n        margin-right: 7px;\n    }\n    #wpdmmydls-8ead5ac8f5d37fb2ed863d0c61551216 td{\n        min-width: 150px;\n    }\n\n    #wpdmmydls-8ead5ac8f5d37fb2ed863d0c61551216 td.__dt_col_categories{\n        max-width: 300px;\n    }\n\n    #wpdmmydls-8ead5ac8f5d37fb2ed863d0c61551216 .small-txt,\n    #wpdmmydls-8ead5ac8f5d37fb2ed863d0c61551216 small{\n        font-size: 9pt;\n    }\n    .w3eden .table-striped tbody tr:nth-of-type(2n+1) {\n        background-color: rgba(0,0,0,0.015);\n    }\n    .dataTables_wrapper .dataTables_paginate .paginate_button:active,\n    .dataTables_wrapper .dataTables_paginate .paginate_button:focus,\n    .dataTables_wrapper .dataTables_paginate .paginate_button:hover,\n    .dataTables_wrapper .dataTables_paginate .paginate_button{\n        margin: 0 !important;\n        padding: 0 !important;\n        border: 0 !important;\n        background: transparent !important;\n    }\n\n\n    @media (max-width: 799px) {\n        #wpdmmydls-8ead5ac8f5d37fb2ed863d0c61551216 tr {\n            display: block;\n            border: 3px solid rgba(0,0,0,0.3) !important;\n            margin-bottom: 10px !important;\n            position: relative;\n        }\n        #wpdmmydls-8ead5ac8f5d37fb2ed863d0c61551216 thead{\n            display: none;\n        }\n        #wpdmmydls-8ead5ac8f5d37fb2ed863d0c61551216,\n        #wpdmmydls-8ead5ac8f5d37fb2ed863d0c61551216 td:first-child {\n            border: 0 !important;\n        }\n        #wpdmmydls-8ead5ac8f5d37fb2ed863d0c61551216 td {\n            display: block;\n        }\n        #wpdmmydls-8ead5ac8f5d37fb2ed863d0c61551216 td.__dt_col_download_link {\n            display: block;\n            max-width: 100% !important;\n            width: auto !important;\n\n        }\n    }\n\n\n<\/style>\n<div class=\"w3eden\">\n    <div id=\"wpdm-all-packages\">\n        <table id=\"wpdmmydls-8ead5ac8f5d37fb2ed863d0c61551216\" class=\"table table-striped wpdm-all-packages-table\">\n            <thead>\n            <tr>\n                                <th style=\"\"  id=\"title\" class=\"\">Documento<\/th>\n                                <th style=\"\"  id=\"publishdate\" class=\"hidden-sm hidden-xs\">Publica\u00e7\u00e3o<\/th>\n                                <th style=\"width: 80px !important;max-width: 80px !important;\"  id=\"downloadlink\" class=\"hidden-sm hidden-xs\">Download<\/th>\n                \n            <\/tr>\n            <\/thead>\n            <tbody>\n            \n                    <tr class=\"__dt_row\">\n                                                <td  class=\"__dt_col_0 __dt_col __dt_col_title\" style=\"background-image: url('https:\/\/proppg.unilab.edu.br\/wp-content\/plugins\/download-manager\/assets\/file-type-icons\/pdf.svg');background-size: 36px;background-position: 5px 8px;background-repeat:  no-repeat;padding-left: 52px;line-height: normal;\">\n                            <strong>Res 281\/2023 \u2013 Regimento Interno Comit\u00ea de \u00c9tica em Experimenta\u00e7\u00e3o Animal (CEEA)<\/strong><br\/><div class=\"hidden-md hidden-lg td-mobile\"><\/div>\n\n                        <\/td>\n                                                <td  data-order=\"1701129600\"  class=\"__dt_col_1 __dt_col __dt_col_publish_date\" >\n                            <span class='__dt_publish_date '>28 de novembro de 2023<\/span>\n\n                        <\/td>\n                                                <td  class=\"__dt_col_2 __dt_col __dt_col_download_link\" >\n                            <a class='wpdm-download-link download-on-click btn btn-primary ' rel='nofollow' href='#' data-downloadurl=\"https:\/\/proppg.unilab.edu.br\/index.php\/download\/res-281-2023-regimento-interno-comite-de-etica-em-experimentacao-animal-ceea\/?wpdmdl=5562&refresh=69f223e186ed31777476577\">Download<\/a>\n\n                        <\/td>\n                        \n                    <\/tr>\n                \n                    <tr class=\"__dt_row\">\n                                                <td  class=\"__dt_col_0 __dt_col __dt_col_title\" style=\"background-image: url('https:\/\/proppg.unilab.edu.br\/wp-content\/plugins\/download-manager\/assets\/file-type-icons\/pdf.svg');background-size: 36px;background-position: 5px 8px;background-repeat:  no-repeat;padding-left: 52px;line-height: normal;\">\n                            <strong>Portaria 292\/2023 \u2013 Composi\u00e7\u00e3o da CEEA<\/strong><br\/><div class=\"hidden-md hidden-lg td-mobile\"><\/div>\n\n                        <\/td>\n                                                <td  data-order=\"1695859200\"  class=\"__dt_col_1 __dt_col __dt_col_publish_date\" >\n                            <span class='__dt_publish_date '>28 de setembro de 2023<\/span>\n\n                        <\/td>\n                                                <td  class=\"__dt_col_2 __dt_col __dt_col_download_link\" >\n                            <a class='wpdm-download-link download-on-click btn btn-primary ' rel='nofollow' href='#' data-downloadurl=\"https:\/\/proppg.unilab.edu.br\/index.php\/download\/portaria-292-2023-composicao-da-ceea\/?wpdmdl=5759&refresh=69f223e18a7941777476577\">Download<\/a>\n\n                        <\/td>\n                        \n                    <\/tr>\n                \n                    <tr class=\"__dt_row\">\n                                                <td  class=\"__dt_col_0 __dt_col __dt_col_title\" style=\"background-image: url('https:\/\/proppg.unilab.edu.br\/wp-content\/plugins\/download-manager\/assets\/file-type-icons\/pdf.svg');background-size: 36px;background-position: 5px 8px;background-repeat:  no-repeat;padding-left: 52px;line-height: normal;\">\n                            <strong>Portaria 275\/2019 \u2013 Composi\u00e7\u00e3o da CEEA<\/strong><br\/><div class=\"hidden-md hidden-lg td-mobile\"><\/div>\n\n                        <\/td>\n                                                <td  data-order=\"1561334400\"  class=\"__dt_col_1 __dt_col __dt_col_publish_date\" >\n                            <span class='__dt_publish_date '>24 de junho de 2019<\/span>\n\n                        <\/td>\n                                                <td  class=\"__dt_col_2 __dt_col __dt_col_download_link\" >\n                            <a class='wpdm-download-link download-on-click btn btn-primary ' rel='nofollow' href='#' data-downloadurl=\"https:\/\/proppg.unilab.edu.br\/index.php\/download\/portaria-275-2019-composicao-da-ceea\/?wpdmdl=5760&refresh=69f223e18e0191777476577\">Download<\/a>\n\n                        <\/td>\n                        \n                    <\/tr>\n                                        <\/tbody>\n        <\/table>\n\n        <div class='text-center'><ul class='pagination wpdm-pagination pagination-centered text-center'><\/ul><\/div>\n    <\/div>\n<\/div>\n\n","protected":false},"excerpt":{"rendered":"<p>Compete \u00e0 CEEA\/Unilab:\u00a0 I &#8211; cumprir e fazer cumprir, no \u00e2mbito de suas atribui\u00e7\u00f5es, o disposto na Lei n\u00ba 11.794, de 8 de outubro de 2008, seu Decreto regulamentador n\u00ba 6.899, de 15 de julho de 2009, e nas demais Resolu\u00e7\u00f5es Normativas do Conselho Nacional de Controle de Experimenta\u00e7\u00e3o Animal (Concea);\u00a0 II &#8211; assegurar que [&hellip;]<\/p>\n","protected":false},"author":101018,"featured_media":0,"parent":0,"menu_order":0,"comment_status":"closed","ping_status":"closed","template":"","meta":{"_uag_custom_page_level_css":"","footnotes":""},"class_list":["post-5578","page","type-page","status-publish","hentry"],"uagb_featured_image_src":{"full":false,"thumbnail":false,"medium":false,"medium_large":false,"large":false,"1536x1536":false,"2048x2048":false},"uagb_author_info":{"display_name":"Renato Paiva","author_link":"https:\/\/proppg.unilab.edu.br\/index.php\/author\/renato\/"},"uagb_comment_info":0,"uagb_excerpt":"Compete \u00e0 CEEA\/Unilab:\u00a0 I &#8211; cumprir e fazer cumprir, no \u00e2mbito de suas atribui\u00e7\u00f5es, o disposto na Lei n\u00ba 11.794, de 8 de outubro de 2008, seu Decreto regulamentador n\u00ba 6.899, de 15 de julho de 2009, e nas demais Resolu\u00e7\u00f5es Normativas do Conselho Nacional de Controle de Experimenta\u00e7\u00e3o Animal (Concea);\u00a0 II &#8211; assegurar que&hellip;","_links":{"self":[{"href":"https:\/\/proppg.unilab.edu.br\/index.php\/wp-json\/wp\/v2\/pages\/5578","targetHints":{"allow":["GET"]}}],"collection":[{"href":"https:\/\/proppg.unilab.edu.br\/index.php\/wp-json\/wp\/v2\/pages"}],"about":[{"href":"https:\/\/proppg.unilab.edu.br\/index.php\/wp-json\/wp\/v2\/types\/page"}],"author":[{"embeddable":true,"href":"https:\/\/proppg.unilab.edu.br\/index.php\/wp-json\/wp\/v2\/users\/101018"}],"replies":[{"embeddable":true,"href":"https:\/\/proppg.unilab.edu.br\/index.php\/wp-json\/wp\/v2\/comments?post=5578"}],"version-history":[{"count":18,"href":"https:\/\/proppg.unilab.edu.br\/index.php\/wp-json\/wp\/v2\/pages\/5578\/revisions"}],"predecessor-version":[{"id":6211,"href":"https:\/\/proppg.unilab.edu.br\/index.php\/wp-json\/wp\/v2\/pages\/5578\/revisions\/6211"}],"wp:attachment":[{"href":"https:\/\/proppg.unilab.edu.br\/index.php\/wp-json\/wp\/v2\/media?parent=5578"}],"curies":[{"name":"wp","href":"https:\/\/api.w.org\/{rel}","templated":true}]}}