{"id":4641,"date":"2023-01-24T15:44:42","date_gmt":"2023-01-24T18:44:42","guid":{"rendered":"https:\/\/proppg.unilab.edu.br\/?page_id=4641"},"modified":"2026-04-13T11:02:49","modified_gmt":"2026-04-13T14:02:49","slug":"relatorios-de-gestao","status":"publish","type":"page","link":"https:\/\/proppg.unilab.edu.br\/index.php\/relatorios-de-gestao\/","title":{"rendered":"Relat\u00f3rios de gest\u00e3o"},"content":{"rendered":"<h2>Relat\u00f3rios de Gest\u00e3o<\/h2>\n\n    <script>\n        jQuery(function($){\n\n            var __dt = $('#wpdmmydls-8dff1556b8548639cbde40df6f383d6a').dataTable({\n                \"dom\": '<\"wpdmdt-toolbar\"lfrB>t<\"wpdmdt-toolbarb\"ip>',\n                responsive: true,\n                \"order\": [[ 1, \"desc\" ]],\n                \"language\": {\n                    \"lengthMenu\": \" Exibir _MENU_ downloads por p\u00e1gina\",\n                    \"zeroRecords\": \" Nada _START_ para - desculpe\",\n                    \"info\": \" Mostrando _START_ to _END_ of _TOTAL_ downloads\",\n                    \"infoEmpty\": \" N\u00e3o h\u00e1 downloads dispon\u00edveis\",\n                    \"infoFiltered\": \" (filtrado do total de downloads de _MAX_)\",\n                    \"emptyTable\":     \" Sem dados dispon\u00edveis na tabela\",\n                    \"infoPostFix\":    \"\",\n                    \"thousands\":      \",\",\n                    \"loadingRecords\": \"Carregando...\",\n                    \"processing\":     \" Em Processamento...\",\n                    \"search\":         \"Buscar:\",\n                    \"paginate\": {\n                        \"first\":      \"Primeiro\",\n                        \"last\":       \"\u00daltimo\",\n                        \"next\":       \"Pr\u00f3ximo\",\n                        \"previous\":   \"Anterior\"\n                    },\n                    \"aria\": {\n                        \"sortAscending\":  \" :  ative para classificar coluna ascendente\",\n                        \"sortDescending\": \": ative para classificar coluna descendente\"\n                    }\n                },\n                \"iDisplayLength\": 20,\n                \"aLengthMenu\": [[20, 10, 25, 50, -1], [20, 10, 25, 50, \"Tudo\"]]\n            });\n\n                    });\n    <\/script>\n<style>\n    .wpdmdt-toolbar {\n        padding: 10px;\n    }\n    .wpdmdt-toolbarb {\n        padding: 5px 10px 10px;\n    }\n    .wpdmdt-toolbar > div {\n        display: inline-block;\n    }\n    table,td,th{\n        border: 0;\n    }\n    #wpdm-all-packages .card{\n        overflow: hidden;\n    }\n    .dataTables_wrapper .table{\n        margin: 0;\n    }\n    #wpdmmydls-8dff1556b8548639cbde40df6f383d6a{\n        border-bottom: 1px solid #dddddd;\n        border-top: 1px solid #dddddd;\n        font-size: 10pt;\n        min-width: 100%;\n    }\n    #wpdmmydls-8dff1556b8548639cbde40df6f383d6a .wpdm-download-link img{\n        box-shadow: none !important;\n        max-width: 100%;\n    }\n    .w3eden .pagination{\n        margin: 0 !important;\n    }\n    #wpdmmydls-8dff1556b8548639cbde40df6f383d6a td:not(:first-child){\n        vertical-align: middle !important;\n    }\n    #wpdmmydls-8dff1556b8548639cbde40df6f383d6a td.__dt_col_download_link .btn{\n        display: block;\n        width: 100%;\n    }\n    #wpdmmydls-8dff1556b8548639cbde40df6f383d6a td.__dt_col_download_link,\n    #wpdmmydls-8dff1556b8548639cbde40df6f383d6a th#download_link{\n        max-width: 155px !important;\n        width: 155px;\n\n    }\n    #wpdmmydls-8dff1556b8548639cbde40df6f383d6a th{\n        background-color: rgba(0,0,0,0.04);\n        border-bottom: 1px solid rgba(0,0,0,0.025);\n    }\n    #wpdmmydls-8dff1556b8548639cbde40df6f383d6a_length label,\n    #wpdmmydls-8dff1556b8548639cbde40df6f383d6a_filter label{\n        font-weight: 400;\n    }\n    #wpdmmydls-8dff1556b8548639cbde40df6f383d6a_filter input[type=search]{\n        display: inline-block;\n        width: 200px;\n    }\n    #wpdmmydls-8dff1556b8548639cbde40df6f383d6a_length select{\n        display: inline-block;\n        width: 60px;\n    }\n\n    #wpdmmydls-8dff1556b8548639cbde40df6f383d6a .package-title{\n        color:#36597C;\n        font-size: 11pt;\n        font-weight: 700;\n    }\n    #wpdmmydls-8dff1556b8548639cbde40df6f383d6a .small-txt{\n        margin-right: 7px;\n    }\n    #wpdmmydls-8dff1556b8548639cbde40df6f383d6a td{\n        min-width: 150px;\n    }\n\n    #wpdmmydls-8dff1556b8548639cbde40df6f383d6a td.__dt_col_categories{\n        max-width: 300px;\n    }\n\n    #wpdmmydls-8dff1556b8548639cbde40df6f383d6a .small-txt,\n    #wpdmmydls-8dff1556b8548639cbde40df6f383d6a small{\n        font-size: 9pt;\n    }\n    .w3eden .table-striped tbody tr:nth-of-type(2n+1) {\n        background-color: rgba(0,0,0,0.015);\n    }\n    .dataTables_wrapper .dataTables_paginate .paginate_button:active,\n    .dataTables_wrapper .dataTables_paginate .paginate_button:focus,\n    .dataTables_wrapper .dataTables_paginate .paginate_button:hover,\n    .dataTables_wrapper .dataTables_paginate .paginate_button{\n        margin: 0 !important;\n        padding: 0 !important;\n        border: 0 !important;\n        background: transparent !important;\n    }\n\n\n    @media (max-width: 799px) {\n        #wpdmmydls-8dff1556b8548639cbde40df6f383d6a tr {\n            display: block;\n            border: 3px solid rgba(0,0,0,0.3) !important;\n            margin-bottom: 10px !important;\n            position: relative;\n        }\n        #wpdmmydls-8dff1556b8548639cbde40df6f383d6a thead{\n            display: none;\n        }\n        #wpdmmydls-8dff1556b8548639cbde40df6f383d6a,\n        #wpdmmydls-8dff1556b8548639cbde40df6f383d6a td:first-child {\n            border: 0 !important;\n        }\n        #wpdmmydls-8dff1556b8548639cbde40df6f383d6a td {\n            display: block;\n        }\n        #wpdmmydls-8dff1556b8548639cbde40df6f383d6a td.__dt_col_download_link {\n            display: block;\n            max-width: 100% !important;\n            width: auto !important;\n\n        }\n    }\n\n\n<\/style>\n<div class=\"w3eden\">\n    <div id=\"wpdm-all-packages\">\n        <table id=\"wpdmmydls-8dff1556b8548639cbde40df6f383d6a\" class=\"table table-striped wpdm-all-packages-table\">\n            <thead>\n            <tr>\n                                <th style=\"\"  id=\"title\" class=\"\">Documento<\/th>\n                                <th style=\"\"  id=\"publishdate\" class=\"hidden-sm hidden-xs\">Publica\u00e7\u00e3o<\/th>\n                                <th style=\"width: 80px !important;max-width: 80px !important;\"  id=\"downloadlink\" class=\"hidden-sm hidden-xs\">Download<\/th>\n                \n            <\/tr>\n            <\/thead>\n            <tbody>\n            \n                    <tr class=\"__dt_row\">\n                                                <td  class=\"__dt_col_0 __dt_col __dt_col_title\" style=\"background-image: url('https:\/\/proppg.unilab.edu.br\/wp-content\/plugins\/download-manager\/assets\/file-type-icons\/pdf.svg');background-size: 36px;background-position: 5px 8px;background-repeat:  no-repeat;padding-left: 52px;line-height: normal;\">\n                            <strong>Relat\u00f3rio de Gest\u00e3o PROPPG 2023<\/strong><br\/><div class=\"hidden-md hidden-lg td-mobile\"><\/div>\n\n                        <\/td>\n                                                <td  data-order=\"1689638400\"  class=\"__dt_col_1 __dt_col __dt_col_publish_date\" >\n                            <span class='__dt_publish_date '>18 de julho de 2023<\/span>\n\n                        <\/td>\n                                                <td  class=\"__dt_col_2 __dt_col __dt_col_download_link\" >\n                            <a class='wpdm-download-link download-on-click btn btn-primary ' rel='nofollow' href='#' data-downloadurl=\"https:\/\/proppg.unilab.edu.br\/index.php\/download\/relatorio-de-gestao-proppg-2023\/?wpdmdl=6588&refresh=69e781a6789291776779686\">Download<\/a>\n\n                        <\/td>\n                        \n                    <\/tr>\n                \n                    <tr class=\"__dt_row\">\n                                                <td  class=\"__dt_col_0 __dt_col __dt_col_title\" style=\"background-image: url('https:\/\/proppg.unilab.edu.br\/wp-content\/plugins\/download-manager\/assets\/file-type-icons\/pdf.svg');background-size: 36px;background-position: 5px 8px;background-repeat:  no-repeat;padding-left: 52px;line-height: normal;\">\n                            <strong>Relat\u00f3rio de gest\u00e3o 2022 \u2013 Coordena\u00e7\u00e3o de P\u00f3s-Gradua\u00e7\u00e3o<\/strong><br\/><div class=\"hidden-md hidden-lg td-mobile\"><\/div>\n\n                        <\/td>\n                                                <td  data-order=\"1658102400\"  class=\"__dt_col_1 __dt_col __dt_col_publish_date\" >\n                            <span class='__dt_publish_date '>18 de julho de 2022<\/span>\n\n                        <\/td>\n                                                <td  class=\"__dt_col_2 __dt_col __dt_col_download_link\" >\n                            <a class='wpdm-download-link download-on-click btn btn-primary ' rel='nofollow' href='#' data-downloadurl=\"https:\/\/proppg.unilab.edu.br\/index.php\/download\/relatorio-de-gestao-2022-coordenacao-de-pos-graduacao\/?wpdmdl=6587&refresh=69e781a679b291776779686\">Download<\/a>\n\n                        <\/td>\n                        \n                    <\/tr>\n                \n                    <tr class=\"__dt_row\">\n                                                <td  class=\"__dt_col_0 __dt_col __dt_col_title\" style=\"background-image: url('https:\/\/proppg.unilab.edu.br\/wp-content\/plugins\/download-manager\/assets\/file-type-icons\/pdf.svg');background-size: 36px;background-position: 5px 8px;background-repeat:  no-repeat;padding-left: 52px;line-height: normal;\">\n                            <strong>Relat\u00f3rio de Gest\u00e3o PROPPG 2022<\/strong><br\/><div class=\"hidden-md hidden-lg td-mobile\"><\/div>\n\n                        <\/td>\n                                                <td  data-order=\"1658102400\"  class=\"__dt_col_1 __dt_col __dt_col_publish_date\" >\n                            <span class='__dt_publish_date '>18 de julho de 2022<\/span>\n\n                        <\/td>\n                                                <td  class=\"__dt_col_2 __dt_col __dt_col_download_link\" >\n                            <a class='wpdm-download-link download-on-click btn btn-primary ' rel='nofollow' href='#' data-downloadurl=\"https:\/\/proppg.unilab.edu.br\/index.php\/download\/relatorio-de-gestao-proppg-2022\/?wpdmdl=6586&refresh=69e781a67adb01776779686\">Download<\/a>\n\n                        <\/td>\n                        \n                    <\/tr>\n                \n                    <tr class=\"__dt_row\">\n                                                <td  class=\"__dt_col_0 __dt_col __dt_col_title\" style=\"background-image: url('https:\/\/proppg.unilab.edu.br\/wp-content\/plugins\/download-manager\/assets\/file-type-icons\/pdf.svg');background-size: 36px;background-position: 5px 8px;background-repeat:  no-repeat;padding-left: 52px;line-height: normal;\">\n                            <strong>Relat\u00f3rio de Gest\u00e3o PROPPG 2021<\/strong><br\/><div class=\"hidden-md hidden-lg td-mobile\"><\/div>\n\n                        <\/td>\n                                                <td  data-order=\"1626566400\"  class=\"__dt_col_1 __dt_col __dt_col_publish_date\" >\n                            <span class='__dt_publish_date '>18 de julho de 2021<\/span>\n\n                        <\/td>\n                                                <td  class=\"__dt_col_2 __dt_col __dt_col_download_link\" >\n                            <a class='wpdm-download-link download-on-click btn btn-primary ' rel='nofollow' href='#' data-downloadurl=\"https:\/\/proppg.unilab.edu.br\/index.php\/download\/relatorio-de-gestao-proppg-2021\/?wpdmdl=6585&refresh=69e781a67bfa31776779686\">Download<\/a>\n\n                        <\/td>\n                        \n                    <\/tr>\n                \n                    <tr class=\"__dt_row\">\n                                                <td  class=\"__dt_col_0 __dt_col __dt_col_title\" style=\"background-image: url('https:\/\/proppg.unilab.edu.br\/wp-content\/plugins\/download-manager\/assets\/file-type-icons\/pdf.svg');background-size: 36px;background-position: 5px 8px;background-repeat:  no-repeat;padding-left: 52px;line-height: normal;\">\n                            <strong>Relat\u00f3rio de Gest\u00e3o PROPPG 2019<\/strong><br\/><div class=\"hidden-md hidden-lg td-mobile\"><\/div>\n\n                        <\/td>\n                                                <td  data-order=\"1563408000\"  class=\"__dt_col_1 __dt_col __dt_col_publish_date\" >\n                            <span class='__dt_publish_date '>18 de julho de 2019<\/span>\n\n                        <\/td>\n                                                <td  class=\"__dt_col_2 __dt_col __dt_col_download_link\" >\n                            <a class='wpdm-download-link download-on-click btn btn-primary ' rel='nofollow' href='#' data-downloadurl=\"https:\/\/proppg.unilab.edu.br\/index.php\/download\/relatorio-de-gestao-proppg-2019\/?wpdmdl=6584&refresh=69e781a67d18e1776779686\">Download<\/a>\n\n                        <\/td>\n                        \n                    <\/tr>\n                                        <\/tbody>\n        <\/table>\n\n        <div class='text-center'><ul class='pagination wpdm-pagination pagination-centered text-center'><\/ul><\/div>\n    <\/div>\n<\/div>\n\n<p>&nbsp;<\/p>\n","protected":false},"excerpt":{"rendered":"<p>Relat\u00f3rios de Gest\u00e3o &nbsp;<\/p>\n","protected":false},"author":101018,"featured_media":0,"parent":0,"menu_order":0,"comment_status":"closed","ping_status":"closed","template":"","meta":{"_uag_custom_page_level_css":"","footnotes":""},"class_list":["post-4641","page","type-page","status-publish","hentry"],"uagb_featured_image_src":{"full":false,"thumbnail":false,"medium":false,"medium_large":false,"large":false,"1536x1536":false,"2048x2048":false},"uagb_author_info":{"display_name":"Renato Paiva","author_link":"https:\/\/proppg.unilab.edu.br\/index.php\/author\/renato\/"},"uagb_comment_info":0,"uagb_excerpt":"Relat\u00f3rios de Gest\u00e3o &nbsp;","_links":{"self":[{"href":"https:\/\/proppg.unilab.edu.br\/index.php\/wp-json\/wp\/v2\/pages\/4641","targetHints":{"allow":["GET"]}}],"collection":[{"href":"https:\/\/proppg.unilab.edu.br\/index.php\/wp-json\/wp\/v2\/pages"}],"about":[{"href":"https:\/\/proppg.unilab.edu.br\/index.php\/wp-json\/wp\/v2\/types\/page"}],"author":[{"embeddable":true,"href":"https:\/\/proppg.unilab.edu.br\/index.php\/wp-json\/wp\/v2\/users\/101018"}],"replies":[{"embeddable":true,"href":"https:\/\/proppg.unilab.edu.br\/index.php\/wp-json\/wp\/v2\/comments?post=4641"}],"version-history":[{"count":11,"href":"https:\/\/proppg.unilab.edu.br\/index.php\/wp-json\/wp\/v2\/pages\/4641\/revisions"}],"predecessor-version":[{"id":6590,"href":"https:\/\/proppg.unilab.edu.br\/index.php\/wp-json\/wp\/v2\/pages\/4641\/revisions\/6590"}],"wp:attachment":[{"href":"https:\/\/proppg.unilab.edu.br\/index.php\/wp-json\/wp\/v2\/media?parent=4641"}],"curies":[{"name":"wp","href":"https:\/\/api.w.org\/{rel}","templated":true}]}}