{"id":4391,"date":"2022-07-28T11:15:59","date_gmt":"2022-07-28T14:15:59","guid":{"rendered":"https:\/\/proppg.unilab.edu.br\/?page_id=4391"},"modified":"2026-04-13T11:03:47","modified_gmt":"2026-04-13T14:03:47","slug":"perguntas-frequentes","status":"publish","type":"page","link":"https:\/\/proppg.unilab.edu.br\/index.php\/perguntas-frequentes\/","title":{"rendered":"Perguntas frequentes"},"content":{"rendered":"<h4>Perguntas Frequentes &#8211; PROPPG UNILAB<\/h4>\n<p><iframe loading=\"lazy\" src=\"https:\/\/proppg.unilab.edu.br\/wp-content\/uploads\/2023\/07\/perguntas-frequentes-2023.pdf\" width=\"900\" height=\"500\"><\/iframe><\/p>\n<p><strong><a href=\"https:\/\/proppg.unilab.edu.br\/wp-content\/uploads\/2023\/07\/perguntas-frequentes-2023.pdf\">Clique aqui para acessar as perguntas sobre a PROPPG<\/a><\/strong><\/p>\n<hr \/>\n<h4>Perguntas Frequentes &#8211; Coordena\u00e7\u00e3o de P\u00f3s-Gradua\u00e7\u00e3o<\/h4>\n<p><iframe loading=\"lazy\" src=\"https:\/\/proppg.unilab.edu.br\/wp-content\/uploads\/2023\/08\/FAQ-CPGRAD.pdf\" width=\"900\" height=\"500\"><\/iframe><\/p>\n<p><strong><a href=\"https:\/\/proppg.unilab.edu.br\/wp-content\/uploads\/2023\/08\/FAQ-CPGRAD.pdf\">Clique aqui para acessar as perguntas sobre a Coordena\u00e7\u00e3o de P\u00f3s-Gradua\u00e7\u00e3o<\/a><\/strong><\/p>\n<hr \/>\n<h4>Perguntas Frequentes &#8211; Inicia\u00e7\u00e3o Cient\u00edfica<\/h4>\n<p><iframe loading=\"lazy\" src=\"https:\/\/proppg.unilab.edu.br\/wp-content\/uploads\/2021\/10\/FAQ-IC-UNILAB.pdf\" width=\"900\" height=\"500\"><\/iframe><\/p>\n<p><strong><a href=\"https:\/\/proppg.unilab.edu.br\/wp-content\/uploads\/2021\/10\/FAQ-IC-UNILAB.pdf\">Clique aqui para acessar as perguntas sobre a Inicia\u00e7\u00e3o Cient\u00edfica<\/a><\/strong><\/p>\n","protected":false},"excerpt":{"rendered":"<p>Perguntas Frequentes &#8211; PROPPG UNILAB Clique aqui para acessar as perguntas sobre a PROPPG Perguntas Frequentes &#8211; Coordena\u00e7\u00e3o de P\u00f3s-Gradua\u00e7\u00e3o Clique aqui para acessar as perguntas sobre a Coordena\u00e7\u00e3o de P\u00f3s-Gradua\u00e7\u00e3o Perguntas Frequentes &#8211; Inicia\u00e7\u00e3o Cient\u00edfica Clique aqui para acessar as perguntas sobre a Inicia\u00e7\u00e3o Cient\u00edfica<\/p>\n","protected":false},"author":101018,"featured_media":0,"parent":0,"menu_order":0,"comment_status":"closed","ping_status":"closed","template":"","meta":{"_uag_custom_page_level_css":"","footnotes":""},"class_list":["post-4391","page","type-page","status-publish","hentry"],"uagb_featured_image_src":{"full":false,"thumbnail":false,"medium":false,"medium_large":false,"large":false,"1536x1536":false,"2048x2048":false},"uagb_author_info":{"display_name":"Renato Paiva","author_link":"https:\/\/proppg.unilab.edu.br\/index.php\/author\/renato\/"},"uagb_comment_info":0,"uagb_excerpt":"Perguntas Frequentes &#8211; PROPPG UNILAB Clique aqui para acessar as perguntas sobre a PROPPG Perguntas Frequentes &#8211; Coordena\u00e7\u00e3o de P\u00f3s-Gradua\u00e7\u00e3o Clique aqui para acessar as perguntas sobre a Coordena\u00e7\u00e3o de P\u00f3s-Gradua\u00e7\u00e3o Perguntas Frequentes &#8211; Inicia\u00e7\u00e3o Cient\u00edfica Clique aqui para acessar as perguntas sobre a Inicia\u00e7\u00e3o Cient\u00edfica","_links":{"self":[{"href":"https:\/\/proppg.unilab.edu.br\/index.php\/wp-json\/wp\/v2\/pages\/4391","targetHints":{"allow":["GET"]}}],"collection":[{"href":"https:\/\/proppg.unilab.edu.br\/index.php\/wp-json\/wp\/v2\/pages"}],"about":[{"href":"https:\/\/proppg.unilab.edu.br\/index.php\/wp-json\/wp\/v2\/types\/page"}],"author":[{"embeddable":true,"href":"https:\/\/proppg.unilab.edu.br\/index.php\/wp-json\/wp\/v2\/users\/101018"}],"replies":[{"embeddable":true,"href":"https:\/\/proppg.unilab.edu.br\/index.php\/wp-json\/wp\/v2\/comments?post=4391"}],"version-history":[{"count":23,"href":"https:\/\/proppg.unilab.edu.br\/index.php\/wp-json\/wp\/v2\/pages\/4391\/revisions"}],"predecessor-version":[{"id":6537,"href":"https:\/\/proppg.unilab.edu.br\/index.php\/wp-json\/wp\/v2\/pages\/4391\/revisions\/6537"}],"wp:attachment":[{"href":"https:\/\/proppg.unilab.edu.br\/index.php\/wp-json\/wp\/v2\/media?parent=4391"}],"curies":[{"name":"wp","href":"https:\/\/api.w.org\/{rel}","templated":true}]}}