{"id":4333,"date":"2022-07-07T15:21:37","date_gmt":"2022-07-07T18:21:37","guid":{"rendered":"https:\/\/proppg.unilab.edu.br\/?page_id=4333"},"modified":"2024-07-04T11:48:21","modified_gmt":"2024-07-04T14:48:21","slug":"workshops-de-pesquisa-e-pos-graduacao-da-proppg","status":"publish","type":"page","link":"https:\/\/proppg.unilab.edu.br\/index.php\/workshops-de-pesquisa-e-pos-graduacao-da-proppg\/","title":{"rendered":"Workshops de Pesquisa e P\u00f3s-Gradua\u00e7\u00e3o da PROPPG"},"content":{"rendered":"<p style=\"text-align: left;\">A Pr\u00f3-Reitoria de Pesquisa e P\u00f3s-Gradua\u00e7\u00e3o da Unilab organizou uma s\u00e9rie de workshops online a fim de contribuir para o fortalecimento da pesquisa e da p\u00f3s-gradua\u00e7\u00e3o em \u00e2mbito institucional, assim como promover um espa\u00e7o para o di\u00e1logo e a socializa\u00e7\u00e3o de estrat\u00e9gias direcionadas para a melhoraria do campo de pesquisa na nossa universidade.<br \/>\nO primeiro encontro acontecer\u00e1 no dia 28 de julho de 2022, seguido por mais sete semin\u00e1rios que ocorrer\u00e3o ao longo dos meses de agosto, setembro e outubro de 2022. O conte\u00fado a ser abordado em cada workshop toma como refer\u00eancia as principais d\u00favidas e questionamentos da comunidade acad\u00eamica a respeito das atividades de pesquisa e da participa\u00e7\u00e3o em programas de p\u00f3s-gradua\u00e7\u00e3o stricto sensu. Confira a programa\u00e7\u00e3o completa abaixo:<\/p>\n<p><img loading=\"lazy\" decoding=\"async\" class=\"wp-image-4334 aligncenter\" src=\"https:\/\/proppg.unilab.edu.br\/wp-content\/uploads\/2022\/07\/Insta-Carrossel-165x165.jpg\" alt=\"\" width=\"472\" height=\"472\" srcset=\"https:\/\/proppg.unilab.edu.br\/wp-content\/uploads\/2022\/07\/Insta-Carrossel-165x165.jpg 165w, https:\/\/proppg.unilab.edu.br\/wp-content\/uploads\/2022\/07\/Insta-Carrossel-1024x1024.jpg 1024w, https:\/\/proppg.unilab.edu.br\/wp-content\/uploads\/2022\/07\/Insta-Carrossel-80x80.jpg 80w, https:\/\/proppg.unilab.edu.br\/wp-content\/uploads\/2022\/07\/Insta-Carrossel-320x320.jpg 320w, https:\/\/proppg.unilab.edu.br\/wp-content\/uploads\/2022\/07\/Insta-Carrossel.jpg 1080w\" sizes=\"auto, (max-width: 472px) 100vw, 472px\" \/><\/p>\n<p>&nbsp;<\/p>\n<p><img loading=\"lazy\" decoding=\"async\" class=\"wp-image-4335 aligncenter\" src=\"https:\/\/proppg.unilab.edu.br\/wp-content\/uploads\/2022\/07\/Insta-Carrossel2-165x165.jpg\" alt=\"\" width=\"469\" height=\"469\" srcset=\"https:\/\/proppg.unilab.edu.br\/wp-content\/uploads\/2022\/07\/Insta-Carrossel2-165x165.jpg 165w, https:\/\/proppg.unilab.edu.br\/wp-content\/uploads\/2022\/07\/Insta-Carrossel2-1024x1024.jpg 1024w, https:\/\/proppg.unilab.edu.br\/wp-content\/uploads\/2022\/07\/Insta-Carrossel2-80x80.jpg 80w, https:\/\/proppg.unilab.edu.br\/wp-content\/uploads\/2022\/07\/Insta-Carrossel2-320x320.jpg 320w, https:\/\/proppg.unilab.edu.br\/wp-content\/uploads\/2022\/07\/Insta-Carrossel2.jpg 1080w\" sizes=\"auto, (max-width: 469px) 100vw, 469px\" \/><\/p>\n<p>&nbsp;<\/p>\n<p><img loading=\"lazy\" decoding=\"async\" class=\"wp-image-4336 aligncenter\" src=\"https:\/\/proppg.unilab.edu.br\/wp-content\/uploads\/2022\/07\/Insta-Carrossel3-165x165.jpg\" alt=\"\" width=\"464\" height=\"464\" srcset=\"https:\/\/proppg.unilab.edu.br\/wp-content\/uploads\/2022\/07\/Insta-Carrossel3-165x165.jpg 165w, https:\/\/proppg.unilab.edu.br\/wp-content\/uploads\/2022\/07\/Insta-Carrossel3-1024x1024.jpg 1024w, https:\/\/proppg.unilab.edu.br\/wp-content\/uploads\/2022\/07\/Insta-Carrossel3-80x80.jpg 80w, https:\/\/proppg.unilab.edu.br\/wp-content\/uploads\/2022\/07\/Insta-Carrossel3-320x320.jpg 320w, https:\/\/proppg.unilab.edu.br\/wp-content\/uploads\/2022\/07\/Insta-Carrossel3.jpg 1080w\" sizes=\"auto, (max-width: 464px) 100vw, 464px\" \/><\/p>\n<p>&nbsp;<\/p>\n<p><img loading=\"lazy\" decoding=\"async\" class=\"wp-image-4337 aligncenter\" src=\"https:\/\/proppg.unilab.edu.br\/wp-content\/uploads\/2022\/07\/Insta-Carrossel4-165x165.jpg\" alt=\"\" width=\"468\" height=\"468\" srcset=\"https:\/\/proppg.unilab.edu.br\/wp-content\/uploads\/2022\/07\/Insta-Carrossel4-165x165.jpg 165w, https:\/\/proppg.unilab.edu.br\/wp-content\/uploads\/2022\/07\/Insta-Carrossel4-1024x1024.jpg 1024w, https:\/\/proppg.unilab.edu.br\/wp-content\/uploads\/2022\/07\/Insta-Carrossel4-80x80.jpg 80w, https:\/\/proppg.unilab.edu.br\/wp-content\/uploads\/2022\/07\/Insta-Carrossel4-320x320.jpg 320w, https:\/\/proppg.unilab.edu.br\/wp-content\/uploads\/2022\/07\/Insta-Carrossel4.jpg 1080w\" sizes=\"auto, (max-width: 468px) 100vw, 468px\" \/><\/p>\n<p>&nbsp;<\/p>\n<h4>Links de Inscri\u00e7\u00e3o<\/h4>\n<p><a href=\"https:\/\/www.even3.com.br\/gestaogrupopesquisa2022\/\">Gest\u00e3o din\u00e2mica de Grupos de Pesquisa e sua import\u00e2ncia<\/a><\/p>\n","protected":false},"excerpt":{"rendered":"<p>A Pr\u00f3-Reitoria de Pesquisa e P\u00f3s-Gradua\u00e7\u00e3o da Unilab organizou uma s\u00e9rie de workshops online a fim de contribuir para o fortalecimento da pesquisa e da p\u00f3s-gradua\u00e7\u00e3o em \u00e2mbito institucional, assim como promover um espa\u00e7o para o di\u00e1logo e a socializa\u00e7\u00e3o de estrat\u00e9gias direcionadas para a melhoraria do campo de pesquisa na nossa universidade. O primeiro [&hellip;]<\/p>\n","protected":false},"author":101010,"featured_media":0,"parent":0,"menu_order":0,"comment_status":"closed","ping_status":"closed","template":"","meta":{"_uag_custom_page_level_css":"","footnotes":""},"class_list":["post-4333","page","type-page","status-publish","hentry"],"uagb_featured_image_src":{"full":false,"thumbnail":false,"medium":false,"medium_large":false,"large":false,"1536x1536":false,"2048x2048":false},"uagb_author_info":{"display_name":"","author_link":"https:\/\/proppg.unilab.edu.br\/index.php\/author\/"},"uagb_comment_info":0,"uagb_excerpt":"A Pr\u00f3-Reitoria de Pesquisa e P\u00f3s-Gradua\u00e7\u00e3o da Unilab organizou uma s\u00e9rie de workshops online a fim de contribuir para o fortalecimento da pesquisa e da p\u00f3s-gradua\u00e7\u00e3o em \u00e2mbito institucional, assim como promover um espa\u00e7o para o di\u00e1logo e a socializa\u00e7\u00e3o de estrat\u00e9gias direcionadas para a melhoraria do campo de pesquisa na nossa universidade. O primeiro&hellip;","_links":{"self":[{"href":"https:\/\/proppg.unilab.edu.br\/index.php\/wp-json\/wp\/v2\/pages\/4333","targetHints":{"allow":["GET"]}}],"collection":[{"href":"https:\/\/proppg.unilab.edu.br\/index.php\/wp-json\/wp\/v2\/pages"}],"about":[{"href":"https:\/\/proppg.unilab.edu.br\/index.php\/wp-json\/wp\/v2\/types\/page"}],"author":[{"embeddable":true,"href":"https:\/\/proppg.unilab.edu.br\/index.php\/wp-json\/wp\/v2\/users\/101010"}],"replies":[{"embeddable":true,"href":"https:\/\/proppg.unilab.edu.br\/index.php\/wp-json\/wp\/v2\/comments?post=4333"}],"version-history":[{"count":8,"href":"https:\/\/proppg.unilab.edu.br\/index.php\/wp-json\/wp\/v2\/pages\/4333\/revisions"}],"predecessor-version":[{"id":6171,"href":"https:\/\/proppg.unilab.edu.br\/index.php\/wp-json\/wp\/v2\/pages\/4333\/revisions\/6171"}],"wp:attachment":[{"href":"https:\/\/proppg.unilab.edu.br\/index.php\/wp-json\/wp\/v2\/media?parent=4333"}],"curies":[{"name":"wp","href":"https:\/\/api.w.org\/{rel}","templated":true}]}}