{"id":4239,"date":"2022-06-09T09:20:05","date_gmt":"2022-06-09T12:20:05","guid":{"rendered":"https:\/\/proppg.unilab.edu.br\/?page_id=4239"},"modified":"2022-06-09T09:21:26","modified_gmt":"2022-06-09T12:21:26","slug":"pos-graduacao-lato-sensu-2","status":"publish","type":"page","link":"https:\/\/proppg.unilab.edu.br\/index.php\/pos-graduacao-lato-sensu-2\/","title":{"rendered":"P\u00f3s-Gradua\u00e7\u00e3o &#8211; Lato Sensu"},"content":{"rendered":"<h1><strong>Cursos Lato Sensu<\/strong><\/h1>\n<ul>\n<li><a href=\"https:\/\/unilab.edu.br\/iead\/ciencias-10\/\" target=\"_blank\" rel=\"noreferrer noopener\">Ci\u00eancia \u00e9 10!<\/a><\/li>\n<li><a href=\"https:\/\/unilab.edu.br\/iead\/genero-diversidade-e-direitos\/\" target=\"_blank\" rel=\"noreferrer noopener\">G\u00eanero, Diversidade e Direitos Humanos<\/a><\/li>\n<li><a href=\"https:\/\/unilab.edu.br\/iead\/esp-gestao-em-saude\/\" target=\"_blank\" rel=\"noreferrer noopener\">Gest\u00e3o em Sa\u00fade<\/a><\/li>\n<li><a href=\"https:\/\/unilab.edu.br\/iead\/gestao-publica\/\" target=\"_blank\" rel=\"noreferrer noopener\">Gest\u00e3o P\u00fablica<\/a><\/li>\n<li><a href=\"https:\/\/unilab.edu.br\/iead\/literaturas-africanas-lingua-portuguesa\/\" target=\"_blank\" rel=\"noreferrer noopener\">Literaturas Africanas de L\u00edngua Portuguesa<\/a><\/li>\n<li><a href=\"https:\/\/unilab.edu.br\/iead\/metod-ensino-fund-e-medio\/\" target=\"_blank\" rel=\"noreferrer noopener\">Metodologias Interdisciplinares e Interculturais para o Ensino Fundamental e M\u00e9dio<\/a><\/li>\n<li><a href=\"http:\/\/unilab.edu.br\/especializacao-em-sistemas-agricolas-sustentaveis-do-semiarido\/\">Especializa\u00e7\u00e3o em Sistemas Agr\u00edcolas Sustent\u00e1veis do Semi\u00e1rido<\/a><\/li>\n<\/ul>\n","protected":false},"excerpt":{"rendered":"<p>Cursos Lato Sensu Ci\u00eancia \u00e9 10! G\u00eanero, Diversidade e Direitos Humanos Gest\u00e3o em Sa\u00fade Gest\u00e3o P\u00fablica Literaturas Africanas de L\u00edngua Portuguesa Metodologias Interdisciplinares e Interculturais para o Ensino Fundamental e M\u00e9dio Especializa\u00e7\u00e3o em Sistemas Agr\u00edcolas Sustent\u00e1veis do Semi\u00e1rido<\/p>\n","protected":false},"author":101020,"featured_media":0,"parent":0,"menu_order":0,"comment_status":"closed","ping_status":"closed","template":"","meta":{"_uag_custom_page_level_css":"","footnotes":""},"class_list":["post-4239","page","type-page","status-publish","hentry"],"uagb_featured_image_src":{"full":false,"thumbnail":false,"medium":false,"medium_large":false,"large":false,"1536x1536":false,"2048x2048":false},"uagb_author_info":{"display_name":"Coordena\u00e7\u00e3o de P\u00f3s-Gradua\u00e7\u00e3o","author_link":"https:\/\/proppg.unilab.edu.br\/index.php\/author\/cpgunilab-edu-br\/"},"uagb_comment_info":0,"uagb_excerpt":"Cursos Lato Sensu Ci\u00eancia \u00e9 10! G\u00eanero, Diversidade e Direitos Humanos Gest\u00e3o em Sa\u00fade Gest\u00e3o P\u00fablica Literaturas Africanas de L\u00edngua Portuguesa Metodologias Interdisciplinares e Interculturais para o Ensino Fundamental e M\u00e9dio Especializa\u00e7\u00e3o em Sistemas Agr\u00edcolas Sustent\u00e1veis do Semi\u00e1rido","_links":{"self":[{"href":"https:\/\/proppg.unilab.edu.br\/index.php\/wp-json\/wp\/v2\/pages\/4239","targetHints":{"allow":["GET"]}}],"collection":[{"href":"https:\/\/proppg.unilab.edu.br\/index.php\/wp-json\/wp\/v2\/pages"}],"about":[{"href":"https:\/\/proppg.unilab.edu.br\/index.php\/wp-json\/wp\/v2\/types\/page"}],"author":[{"embeddable":true,"href":"https:\/\/proppg.unilab.edu.br\/index.php\/wp-json\/wp\/v2\/users\/101020"}],"replies":[{"embeddable":true,"href":"https:\/\/proppg.unilab.edu.br\/index.php\/wp-json\/wp\/v2\/comments?post=4239"}],"version-history":[{"count":2,"href":"https:\/\/proppg.unilab.edu.br\/index.php\/wp-json\/wp\/v2\/pages\/4239\/revisions"}],"predecessor-version":[{"id":4243,"href":"https:\/\/proppg.unilab.edu.br\/index.php\/wp-json\/wp\/v2\/pages\/4239\/revisions\/4243"}],"wp:attachment":[{"href":"https:\/\/proppg.unilab.edu.br\/index.php\/wp-json\/wp\/v2\/media?parent=4239"}],"curies":[{"name":"wp","href":"https:\/\/api.w.org\/{rel}","templated":true}]}}