{"id":4156,"date":"2022-05-12T12:10:31","date_gmt":"2022-05-12T15:10:31","guid":{"rendered":"https:\/\/proppg.unilab.edu.br\/?page_id=4156"},"modified":"2022-05-12T12:23:41","modified_gmt":"2022-05-12T15:23:41","slug":"orientacoes-para-submissao-de-trabalhos-no-encontro-de-iniciacao-cientifica","status":"publish","type":"page","link":"https:\/\/proppg.unilab.edu.br\/index.php\/orientacoes-para-submissao-de-trabalhos-no-encontro-de-iniciacao-cientifica\/","title":{"rendered":"Orienta\u00e7\u00f5es para submiss\u00e3o de trabalhos no Encontro de Inicia\u00e7\u00e3o Cient\u00edfica"},"content":{"rendered":"<p><strong>Coordena\u00e7\u00e3o de Pesquisa da PROPPG orienta a comunidade acad\u00eamica acerca da apresenta\u00e7\u00e3o de trabalhos no Encontro de Inicia\u00e7\u00e3o Cient\u00edfica da Semana Universit\u00e1ria\u00a0<\/strong><\/p>\n<p><strong>Natureza do Encontro:<\/strong> Divulga\u00e7\u00e3o de pesquisas em inicia\u00e7\u00e3o cient\u00edfica e tecnol\u00f3gica<\/p>\n<p><strong>Perfil dos participantes:<\/strong> Recebe resumo simples ou expandido de aluno de gradua\u00e7\u00e3o ou educa\u00e7\u00e3o b\u00e1sica envolvidos em projeto de pesquisa, bolsistas e volunt\u00e1rios que atuam\/atuaram em projeto de pesquisa cadastrado na institui\u00e7\u00e3o no \u00e2mbito do PIBIC\/Unilab ou Fluxo Cont\u00ednuo.<\/p>\n<p><strong>Modalidades de submiss\u00e3o: <\/strong>Recebe resumo simples de qualquer proponente, que devem apresentar dados parciais ou finais de pesquisa \/ Apresenta\u00e7\u00e3o poster; Recebe resumo expandido apenas de bolsista ou volunt\u00e1rio do PIBIC que tenha resultados finais da pesquisa \/ Apresenta\u00e7\u00e3o oral.<\/p>\n<h3><b>Orienta\u00e7\u00f5es Gerais sobre a obrigatoriedade de submiss\u00e3o<\/b><\/h3>\n<p><strong>Pesquisa conclu\u00edda:<\/strong> Todo e qualquer plano de trabalho executado em <strong>projeto de pesquisa conclu\u00eddo<\/strong>, seja por bolsista ou volunt\u00e1rio, at\u00e9 a data de execu\u00e7\u00e3o do Encontro de Inicia\u00e7\u00e3o Cient\u00edfica, <strong>deve<\/strong>, obrigatoriamente, apresentar os resultados finais da pesquisa, na modalidade Resumo Expandido (Apresenta\u00e7\u00e3o Oral). Esta obrigatoriedade \u00e9 independente do(a) bolsista\/volunt\u00e1rio ainda estar vinculado \u00e0 Unilab ou n\u00e3o. Como versa o Art. 9\u00ba da <a href=\"https:\/\/unilab.edu.br\/wp-content\/uploads\/2021\/04\/Resolucao-SEI-no-76-2021-Dispoe-sobre-a-regulamentacao-das-pendencias-junto-a-Coordenacao-de-Pesquisa-CPQ_Proppg-e-procedimentos-para-regularizacao..pdf\" target=\"_blank\" rel=\"noopener\">Resolu\u00e7\u00e3o Consepe\/Unilab N\u00ba 76\/2021<\/a>, a n\u00e3o apresenta\u00e7\u00e3o destes resultados, na modalidade supracitada, acarretar\u00e1 em pend\u00eancia, tanto para o bolsista\/volunt\u00e1rio quanto para o(a) orientador(a).<\/p>\n<p><strong>Pesquisa em andamento:<\/strong> Fica <strong>facultada<\/strong> a apresenta\u00e7\u00e3o dos resultados parciais da pesquisa em andamento para todos os bolsistas\/volunt\u00e1rios. Quando o bolsista\/volunt\u00e1rio optar por submeter trabalho para apresentar estes resultados, o mesmo dever\u00e1 ser na modalidade <strong>Resumo Simples <\/strong>(Apresenta\u00e7\u00e3o em P\u00f4ster).<\/p>\n","protected":false},"excerpt":{"rendered":"<p>Coordena\u00e7\u00e3o de Pesquisa da PROPPG orienta a comunidade acad\u00eamica acerca da apresenta\u00e7\u00e3o de trabalhos no Encontro de Inicia\u00e7\u00e3o Cient\u00edfica da Semana Universit\u00e1ria\u00a0 Natureza do Encontro: Divulga\u00e7\u00e3o de pesquisas em inicia\u00e7\u00e3o cient\u00edfica e tecnol\u00f3gica Perfil dos participantes: Recebe resumo simples ou expandido de aluno de gradua\u00e7\u00e3o ou educa\u00e7\u00e3o b\u00e1sica envolvidos em projeto de pesquisa, bolsistas e [&hellip;]<\/p>\n","protected":false},"author":101018,"featured_media":0,"parent":0,"menu_order":0,"comment_status":"closed","ping_status":"closed","template":"","meta":{"_uag_custom_page_level_css":"","footnotes":""},"class_list":["post-4156","page","type-page","status-publish","hentry"],"uagb_featured_image_src":{"full":false,"thumbnail":false,"medium":false,"medium_large":false,"large":false,"1536x1536":false,"2048x2048":false},"uagb_author_info":{"display_name":"Renato Paiva","author_link":"https:\/\/proppg.unilab.edu.br\/index.php\/author\/renato\/"},"uagb_comment_info":0,"uagb_excerpt":"Coordena\u00e7\u00e3o de Pesquisa da PROPPG orienta a comunidade acad\u00eamica acerca da apresenta\u00e7\u00e3o de trabalhos no Encontro de Inicia\u00e7\u00e3o Cient\u00edfica da Semana Universit\u00e1ria\u00a0 Natureza do Encontro: Divulga\u00e7\u00e3o de pesquisas em inicia\u00e7\u00e3o cient\u00edfica e tecnol\u00f3gica Perfil dos participantes: Recebe resumo simples ou expandido de aluno de gradua\u00e7\u00e3o ou educa\u00e7\u00e3o b\u00e1sica envolvidos em projeto de pesquisa, bolsistas e&hellip;","_links":{"self":[{"href":"https:\/\/proppg.unilab.edu.br\/index.php\/wp-json\/wp\/v2\/pages\/4156","targetHints":{"allow":["GET"]}}],"collection":[{"href":"https:\/\/proppg.unilab.edu.br\/index.php\/wp-json\/wp\/v2\/pages"}],"about":[{"href":"https:\/\/proppg.unilab.edu.br\/index.php\/wp-json\/wp\/v2\/types\/page"}],"author":[{"embeddable":true,"href":"https:\/\/proppg.unilab.edu.br\/index.php\/wp-json\/wp\/v2\/users\/101018"}],"replies":[{"embeddable":true,"href":"https:\/\/proppg.unilab.edu.br\/index.php\/wp-json\/wp\/v2\/comments?post=4156"}],"version-history":[{"count":6,"href":"https:\/\/proppg.unilab.edu.br\/index.php\/wp-json\/wp\/v2\/pages\/4156\/revisions"}],"predecessor-version":[{"id":4163,"href":"https:\/\/proppg.unilab.edu.br\/index.php\/wp-json\/wp\/v2\/pages\/4156\/revisions\/4163"}],"wp:attachment":[{"href":"https:\/\/proppg.unilab.edu.br\/index.php\/wp-json\/wp\/v2\/media?parent=4156"}],"curies":[{"name":"wp","href":"https:\/\/api.w.org\/{rel}","templated":true}]}}