{"id":3566,"date":"2021-10-15T09:28:18","date_gmt":"2021-10-15T12:28:18","guid":{"rendered":"http:\/\/proppg.unilab.edu.br\/?page_id=3566"},"modified":"2021-10-15T10:52:10","modified_gmt":"2021-10-15T13:52:10","slug":"perguntas-frequentes-sobre-a-ic","status":"publish","type":"page","link":"https:\/\/proppg.unilab.edu.br\/index.php\/perguntas-frequentes-sobre-a-ic\/","title":{"rendered":"Perguntas Frequentes sobre a Inicia\u00e7\u00e3o Cient\u00edfica"},"content":{"rendered":"\n<p>Para fazer o download das perguntas frequentes sobre a Inicia\u00e7\u00e3o Cient\u00edfica <a href=\"https:\/\/proppg.unilab.edu.br\/wp-content\/uploads\/2021\/10\/FAQ-IC-UNILAB.pdf\">clique aqui.<\/a><\/p>\n","protected":false},"excerpt":{"rendered":"<p>Para fazer o download das perguntas frequentes sobre a Inicia\u00e7\u00e3o Cient\u00edfica clique aqui.<\/p>\n","protected":false},"author":101010,"featured_media":0,"parent":0,"menu_order":0,"comment_status":"closed","ping_status":"closed","template":"","meta":{"_uag_custom_page_level_css":"","footnotes":""},"class_list":["post-3566","page","type-page","status-publish","hentry"],"uagb_featured_image_src":{"full":false,"thumbnail":false,"medium":false,"medium_large":false,"large":false,"1536x1536":false,"2048x2048":false},"uagb_author_info":{"display_name":"","author_link":"https:\/\/proppg.unilab.edu.br\/index.php\/author\/"},"uagb_comment_info":0,"uagb_excerpt":"Para fazer o download das perguntas frequentes sobre a Inicia\u00e7\u00e3o Cient\u00edfica clique aqui.","_links":{"self":[{"href":"https:\/\/proppg.unilab.edu.br\/index.php\/wp-json\/wp\/v2\/pages\/3566","targetHints":{"allow":["GET"]}}],"collection":[{"href":"https:\/\/proppg.unilab.edu.br\/index.php\/wp-json\/wp\/v2\/pages"}],"about":[{"href":"https:\/\/proppg.unilab.edu.br\/index.php\/wp-json\/wp\/v2\/types\/page"}],"author":[{"embeddable":true,"href":"https:\/\/proppg.unilab.edu.br\/index.php\/wp-json\/wp\/v2\/users\/101010"}],"replies":[{"embeddable":true,"href":"https:\/\/proppg.unilab.edu.br\/index.php\/wp-json\/wp\/v2\/comments?post=3566"}],"version-history":[{"count":4,"href":"https:\/\/proppg.unilab.edu.br\/index.php\/wp-json\/wp\/v2\/pages\/3566\/revisions"}],"predecessor-version":[{"id":3590,"href":"https:\/\/proppg.unilab.edu.br\/index.php\/wp-json\/wp\/v2\/pages\/3566\/revisions\/3590"}],"wp:attachment":[{"href":"https:\/\/proppg.unilab.edu.br\/index.php\/wp-json\/wp\/v2\/media?parent=3566"}],"curies":[{"name":"wp","href":"https:\/\/api.w.org\/{rel}","templated":true}]}}