{"id":3552,"date":"2021-10-15T09:03:49","date_gmt":"2021-10-15T12:03:49","guid":{"rendered":"http:\/\/proppg.unilab.edu.br\/?page_id=3552"},"modified":"2021-10-15T09:05:05","modified_gmt":"2021-10-15T12:05:05","slug":"formulario-publicacao","status":"publish","type":"page","link":"https:\/\/proppg.unilab.edu.br\/index.php\/formulario-publicacao\/","title":{"rendered":"Formul\u00e1rio de solicita\u00e7\u00e3o de publica\u00e7\u00e3o nas redes sociais da PROPPG."},"content":{"rendered":"\n<p>Acesse o formul\u00e1rio abaixo para solicitar publica\u00e7\u00e3o de not\u00edcias ou eventos relativos \u00e0 Pesquisa, Inova\u00e7\u00e3o ou P\u00f3s-Gradua\u00e7\u00e3o no \u00e2mbito da Unilab.<\/p>\n<p>Segue o link do formul\u00e1rio: <a href=\"https:\/\/forms.gle\/7Un94cV6S2Hchqg77\" target=\"_blank\" rel=\"noopener\">https:\/\/forms.gle\/7Un94cV6S2Hchqg77<\/a><\/p>\n","protected":false},"excerpt":{"rendered":"<p>Acesse o formul\u00e1rio abaixo para solicitar publica\u00e7\u00e3o de not\u00edcias ou eventos relativos \u00e0 Pesquisa, Inova\u00e7\u00e3o ou P\u00f3s-Gradua\u00e7\u00e3o no \u00e2mbito da Unilab. Segue o link do formul\u00e1rio: https:\/\/forms.gle\/7Un94cV6S2Hchqg77<\/p>\n","protected":false},"author":101010,"featured_media":0,"parent":0,"menu_order":0,"comment_status":"closed","ping_status":"closed","template":"","meta":{"_uag_custom_page_level_css":"","footnotes":""},"class_list":["post-3552","page","type-page","status-publish","hentry"],"uagb_featured_image_src":{"full":false,"thumbnail":false,"medium":false,"medium_large":false,"large":false,"1536x1536":false,"2048x2048":false},"uagb_author_info":{"display_name":"","author_link":"https:\/\/proppg.unilab.edu.br\/index.php\/author\/"},"uagb_comment_info":0,"uagb_excerpt":"Acesse o formul\u00e1rio abaixo para solicitar publica\u00e7\u00e3o de not\u00edcias ou eventos relativos \u00e0 Pesquisa, Inova\u00e7\u00e3o ou P\u00f3s-Gradua\u00e7\u00e3o no \u00e2mbito da Unilab. Segue o link do formul\u00e1rio: https:\/\/forms.gle\/7Un94cV6S2Hchqg77","_links":{"self":[{"href":"https:\/\/proppg.unilab.edu.br\/index.php\/wp-json\/wp\/v2\/pages\/3552","targetHints":{"allow":["GET"]}}],"collection":[{"href":"https:\/\/proppg.unilab.edu.br\/index.php\/wp-json\/wp\/v2\/pages"}],"about":[{"href":"https:\/\/proppg.unilab.edu.br\/index.php\/wp-json\/wp\/v2\/types\/page"}],"author":[{"embeddable":true,"href":"https:\/\/proppg.unilab.edu.br\/index.php\/wp-json\/wp\/v2\/users\/101010"}],"replies":[{"embeddable":true,"href":"https:\/\/proppg.unilab.edu.br\/index.php\/wp-json\/wp\/v2\/comments?post=3552"}],"version-history":[{"count":3,"href":"https:\/\/proppg.unilab.edu.br\/index.php\/wp-json\/wp\/v2\/pages\/3552\/revisions"}],"predecessor-version":[{"id":3556,"href":"https:\/\/proppg.unilab.edu.br\/index.php\/wp-json\/wp\/v2\/pages\/3552\/revisions\/3556"}],"wp:attachment":[{"href":"https:\/\/proppg.unilab.edu.br\/index.php\/wp-json\/wp\/v2\/media?parent=3552"}],"curies":[{"name":"wp","href":"https:\/\/api.w.org\/{rel}","templated":true}]}}