{"id":3455,"date":"2021-10-08T11:00:32","date_gmt":"2021-10-08T14:00:32","guid":{"rendered":"http:\/\/proppg.unilab.edu.br\/?page_id=3455"},"modified":"2026-04-14T10:13:40","modified_gmt":"2026-04-14T13:13:40","slug":"gestao-eficiente-e-inclusiva","status":"publish","type":"page","link":"https:\/\/proppg.unilab.edu.br\/index.php\/gestao-eficiente-e-inclusiva\/","title":{"rendered":"Gest\u00e3o Eficiente e Inclusiva"},"content":{"rendered":"\r\n<p style=\"text-align: center;\">&#8220;A Pr\u00f3-Reitoria de Pesquisa e P\u00f3s-gradua\u00e7\u00e3o (PROPPG) da Universidade da<br \/>Integra\u00e7\u00e3o Internacional da Lusofonia Afro-Brasileira, no uso de suas atribui\u00e7\u00f5es<br \/>legais e administrativas, torna p\u00fablico os procedimentos para sele\u00e7\u00e3o de discentes<br \/>para atuarem como bolsistas no projeto institucional &#8216;Gest\u00e3o Universit\u00e1ria Eficiente e<br \/>Inclusiva&#8217;.&#8221;<\/p>\r\n<p>&nbsp;<\/p>\r\n<p>&nbsp;<\/p>\r\n\r\n\r\n\r\n<h3><strong>INICIATIVAS<\/strong><\/h3>\r\n\r\n\r\n\r\n<div class=\"page-title hu-pad group\">\r\n<h3>PLAGDETECT<\/h3>\r\n<\/div>\r\n<div class=\"hu-pad group\">\r\n<article class=\"group post-2910 page type-page status-publish hentry\">\r\n<div class=\"entry themeform\">\r\n<p>PlagDetect \u00e9 um sistema de detec\u00e7\u00e3o de pl\u00e1gio, que, a partir da base de dados dos projetos de pesquisa j\u00e1 submetidos em at\u00e9 tr\u00eas anos anteriores, verifica se projetos submetidos no ciclo atual possuem alto grau de semelhan\u00e7a com algum outro presente na base.<br \/>O PlagDetect utiliza um modelo de Deep Learning baseado em redes neurais LSTM (do ingl\u00eas Long Short-Term Memory), uma arquitetura de Rede Neural Recorrente (RNN) notadamente eficiente para processar linguagem natural em textos.<\/p>\r\n<p>Desse modo, salienta-se que o PlagDetec \u00e9 uma ferramenta que objetiva contribuir para padroniza\u00e7\u00e3o \u00e9tica da pesquisa cient\u00edfica desenvolvida em \u00e2mbito institucional.<\/p>\r\n<\/div>\r\n<\/article>\r\n<\/div>\r\n\r\n\r\n\r\n<div class=\"page-title hu-pad group\">\r\n<h3>ASSISTENTE VIRTUAL DA PROPPG<\/h3>\r\n<\/div>\r\n<div class=\"hu-pad group\">\r\n<article class=\"group post-2993 page type-page status-publish hentry\">\r\n<div class=\"entry themeform\">\r\n<p>O Assistente Virtual da PROPPG (denominado Balinu) Pr\u00f3-Reitoria de Pesquisa e P\u00f3s-Graduac\u00e3o, visa auxiliar os usu\u00e1rios dos servi\u00e7os da PROPPG em quest\u00f5es sobre atividades realizadas em termos de pesquisa, inova\u00e7\u00e3o e p\u00f3s-gradua\u00e7\u00e3o. O assistente virtual ajudar\u00e1 em quest\u00f5es diversas, transversais \u00e0 pesquisa, inova\u00e7\u00e3o e p\u00f3s-gradua\u00e7\u00e3o, fornecendo informa\u00e7\u00f5es visando direcionar o usu\u00e1rio \u00e0 resposta ou p\u00e1gina web que ir\u00e1 instru\u00ed-lo sobre a quest\u00e3o que deseja tratar. Atualmente, o Assistente Virtual da PROPPG est\u00e1 em fase inicial de desenvolvimento, respondendo a perguntas sobre a pesquisa, mas n\u00e3o sobre a inova\u00e7\u00e3o e p\u00f3s-gradua\u00e7\u00e3o. A sua identidade visual est\u00e1 sendo definida a partir de consulta aos alunos e professores pesquisadores da Unilab. Al\u00e9m disso, foi disponibilizado um question\u00e1rio a todos os pesquisadores da Unilab que definiram algumas caracter\u00edsticas ao BALINU. Por meio dessa pesquisa, obtivemos dados importantes que ser\u00e3o de grande aplicabilidade no desenvolvimento de um modelo 3D que implementaremos juntamente ao chat. Veja algumas caracter\u00edsticas que tiveram maiores pontua\u00e7\u00f5es:<\/p>\r\n<table style=\"border-collapse: collapse; width: 100%; height: 309px;\">\r\n<tbody>\r\n<tr style=\"height: 22px;\">\r\n<td style=\"width: 50%; height: 22px;\">\u00a0<\/td>\r\n<td style=\"width: 50%; height: 22px;\">\u00a0<\/td>\r\n<\/tr>\r\n<tr style=\"height: 23px;\">\r\n<td style=\"width: 50%; height: 23px;\"><strong>Descend\u00eancia do Balinu:<\/strong><\/td>\r\n<td style=\"width: 50%; height: 23px;\">Africana \u2013 68,2%<\/td>\r\n<\/tr>\r\n<tr style=\"height: 23px;\">\r\n<td style=\"width: 50%; height: 23px;\"><strong>Altura do Balinu:<\/strong><\/td>\r\n<td style=\"width: 50%; height: 23px;\">M\u00e9dia \u2013 79%<\/td>\r\n<\/tr>\r\n<tr style=\"height: 103px;\">\r\n<td style=\"width: 50%; height: 103px;\"><strong>Cores padr\u00e3o das vestimentas do Balinu:<\/strong><\/td>\r\n<td style=\"width: 50%; height: 103px;\">Amarelo \u2013 39,8%<br \/>Vermelho \u2013 40,3%<br \/>Preto \u2013 42%<br \/>Branco \u2013 37,5%<br \/>Alaranjado \u2013 30,1%<\/td>\r\n<\/tr>\r\n<tr style=\"height: 23px;\">\r\n<td style=\"width: 50%; height: 23px;\"><strong>Cabelo do Balinu:<\/strong><\/td>\r\n<td style=\"width: 50%; height: 23px;\">Cacheado \u2013 34,7%<\/td>\r\n<\/tr>\r\n<tr style=\"height: 23px;\">\r\n<td style=\"width: 50%; height: 23px;\"><strong>Balinu deficiente:<\/strong><\/td>\r\n<td style=\"width: 50%; height: 23px;\">Sim \u2013 50,6%<\/td>\r\n<\/tr>\r\n<tr style=\"height: 23px;\">\r\n<td style=\"width: 50%; height: 23px;\"><strong>Em caso de defici\u00eancia do Balinu:<\/strong><\/td>\r\n<td style=\"width: 50%; height: 23px;\">Cadeirante \u2013 29,9%<br \/>Cegueira em um dos olhos \u2013 41,2%<\/td>\r\n<\/tr>\r\n<tr style=\"height: 23px;\">\r\n<td style=\"width: 50%; height: 23px;\"><strong>Balinu deve possuir tatuagem:<\/strong><\/td>\r\n<td style=\"width: 50%; height: 23px;\">Sim \u2013 65,3%<\/td>\r\n<\/tr>\r\n<tr style=\"height: 23px;\">\r\n<td style=\"width: 50%; height: 23px;\"><strong>Quais assess\u00f3rios o Balinu deve usar:<\/strong><\/td>\r\n<td style=\"width: 50%; height: 23px;\">Brinco \u2013 45,5%<br \/>Colar \u2013 47,2%<\/td>\r\n<\/tr>\r\n<tr style=\"height: 23px;\">\r\n<td style=\"width: 50%; height: 23px;\"><strong>Personalidade:<\/strong><\/td>\r\n<td style=\"width: 50%; height: 23px;\">Gentil \u2013 72,2%<\/td>\r\n<\/tr>\r\n<\/tbody>\r\n<\/table>\r\n<p>&nbsp;<\/p>\r\n<\/div>\r\n<\/article>\r\n<\/div>\r\n","protected":false},"excerpt":{"rendered":"<p>&#8220;A Pr\u00f3-Reitoria de Pesquisa e P\u00f3s-gradua\u00e7\u00e3o (PROPPG) da Universidade daIntegra\u00e7\u00e3o Internacional da Lusofonia Afro-Brasileira, no uso de suas atribui\u00e7\u00f5eslegais e administrativas, torna p\u00fablico os procedimentos para sele\u00e7\u00e3o de discentespara atuarem como bolsistas no projeto institucional &#8216;Gest\u00e3o Universit\u00e1ria Eficiente eInclusiva&#8217;.&#8221; &nbsp; &nbsp; INICIATIVAS PLAGDETECT PlagDetect \u00e9 um sistema de detec\u00e7\u00e3o de pl\u00e1gio, que, a partir da [&hellip;]<\/p>\n","protected":false},"author":101010,"featured_media":0,"parent":0,"menu_order":0,"comment_status":"closed","ping_status":"closed","template":"","meta":{"_uag_custom_page_level_css":"","footnotes":""},"class_list":["post-3455","page","type-page","status-publish","hentry"],"uagb_featured_image_src":{"full":false,"thumbnail":false,"medium":false,"medium_large":false,"large":false,"1536x1536":false,"2048x2048":false},"uagb_author_info":{"display_name":"","author_link":"https:\/\/proppg.unilab.edu.br\/index.php\/author\/"},"uagb_comment_info":0,"uagb_excerpt":"&#8220;A Pr\u00f3-Reitoria de Pesquisa e P\u00f3s-gradua\u00e7\u00e3o (PROPPG) da Universidade daIntegra\u00e7\u00e3o Internacional da Lusofonia Afro-Brasileira, no uso de suas atribui\u00e7\u00f5eslegais e administrativas, torna p\u00fablico os procedimentos para sele\u00e7\u00e3o de discentespara atuarem como bolsistas no projeto institucional &#8216;Gest\u00e3o Universit\u00e1ria Eficiente eInclusiva&#8217;.&#8221; &nbsp; &nbsp; INICIATIVAS PLAGDETECT PlagDetect \u00e9 um sistema de detec\u00e7\u00e3o de pl\u00e1gio, que, a partir da&hellip;","_links":{"self":[{"href":"https:\/\/proppg.unilab.edu.br\/index.php\/wp-json\/wp\/v2\/pages\/3455","targetHints":{"allow":["GET"]}}],"collection":[{"href":"https:\/\/proppg.unilab.edu.br\/index.php\/wp-json\/wp\/v2\/pages"}],"about":[{"href":"https:\/\/proppg.unilab.edu.br\/index.php\/wp-json\/wp\/v2\/types\/page"}],"author":[{"embeddable":true,"href":"https:\/\/proppg.unilab.edu.br\/index.php\/wp-json\/wp\/v2\/users\/101010"}],"replies":[{"embeddable":true,"href":"https:\/\/proppg.unilab.edu.br\/index.php\/wp-json\/wp\/v2\/comments?post=3455"}],"version-history":[{"count":6,"href":"https:\/\/proppg.unilab.edu.br\/index.php\/wp-json\/wp\/v2\/pages\/3455\/revisions"}],"predecessor-version":[{"id":8302,"href":"https:\/\/proppg.unilab.edu.br\/index.php\/wp-json\/wp\/v2\/pages\/3455\/revisions\/8302"}],"wp:attachment":[{"href":"https:\/\/proppg.unilab.edu.br\/index.php\/wp-json\/wp\/v2\/media?parent=3455"}],"curies":[{"name":"wp","href":"https:\/\/api.w.org\/{rel}","templated":true}]}}