{"id":3246,"date":"2021-09-15T23:43:14","date_gmt":"2021-09-16T02:43:14","guid":{"rendered":"http:\/\/proppg.unilab.edu.br\/?page_id=3246"},"modified":"2024-06-20T08:42:30","modified_gmt":"2024-06-20T11:42:30","slug":"prestacao-de-contas","status":"publish","type":"page","link":"https:\/\/proppg.unilab.edu.br\/index.php\/prestacao-de-contas\/","title":{"rendered":"Presta\u00e7\u00e3o de Contas dos Projetos de Inicia\u00e7\u00e3o Cient\u00edfica"},"content":{"rendered":"\n<p>Observa\u00e7\u00e3o 1: Os valores abaixo referem-se aos valores previstos para bolsas nos editais, podendo haver pagamentos de bolsas que n\u00e3o foram concretizados por problemas operacionais ou de documenta\u00e7\u00e3o dos bolsistas.<br>Observa\u00e7\u00e3o 2: Os detalhamentos financeiros descritos abaixo incluem somente aportes destinados ao pagamento de bolsas de Inicia\u00e7\u00e3o Cient\u00edfca, n\u00e3o contendo, por exemplo, bolsas de mestrado ou valores para aquisi\u00e7\u00e3o de equipamentos.<br><br><\/p>\n\n\n\n<p>&nbsp;<\/p>\n<p>Para ter acesso aos dados: <br>1 &#8211; Selecione o ano do edital que deseja visualizar as informa\u00e7\u00f5es;<\/p>\n<p>2 &#8211; Selecione o edital;<\/p>\n<p>3 &#8211; Selecione o projeto.<\/p>\n\n\n\n<!-- iframe plugin v.5.2 wordpress.org\/plugins\/iframe\/ -->\n<iframe loading=\"lazy\" src=\"https:\/\/proppg.unilab.edu.br\/forms\/paineis\/prestacaoContas\/index.php\" width=\"100%\" height=\"500\" scrolling=\"yes\" class=\"iframe-class\" frameborder=\"0\"><\/iframe>\n\n\n\n\n<p>Se estiver com dificuldades em visualizar as informa\u00e7\u00f5es, voc\u00ea poder\u00e1 acessar por outro local <a href=\"https:\/\/proppg.unilab.edu.br\/forms\/paineis\/prestacaoContas\/index.php\" target=\"_blank\" rel=\"noopener\">CLICANDO AQUI<\/a><\/p>\n\n\n\n\n<!-- iframe plugin v.5.2 wordpress.org\/plugins\/iframe\/ -->\n<iframe loading=\"lazy\" src=\"https:\/\/proppg.unilab.edu.br\/forms\/paineis\/prestacaoContas\/grafico1.php\" width=\"100%\" height=\"450\" scrolling=\"yes\" class=\"iframe-class\" frameborder=\"0\"><\/iframe>\n\n<p>\u00a0<\/p>\n\n<!-- iframe plugin v.5.2 wordpress.org\/plugins\/iframe\/ -->\n<iframe loading=\"lazy\" src=\"https:\/\/proppg.unilab.edu.br\/forms\/paineis\/prestacaoContas\/grafico2.php\" width=\"100%\" height=\"550\" scrolling=\"yes\" class=\"iframe-class\" frameborder=\"0\"><\/iframe>\n\n<p>\u00a0<\/p>\n\n<!-- iframe plugin v.5.2 wordpress.org\/plugins\/iframe\/ -->\n<iframe loading=\"lazy\" src=\"https:\/\/proppg.unilab.edu.br\/forms\/paineis\/prestacaoContas\/grafico3.php\" width=\"100%\" height=\"550\" scrolling=\"yes\" class=\"iframe-class\" frameborder=\"0\"><\/iframe>\n\n<p>\u00a0<\/p>\n","protected":false},"excerpt":{"rendered":"<p>Observa\u00e7\u00e3o 1: Os valores abaixo referem-se aos valores previstos para bolsas nos editais, podendo haver pagamentos de bolsas que n\u00e3o foram concretizados por problemas operacionais ou de documenta\u00e7\u00e3o dos bolsistas.Observa\u00e7\u00e3o 2: Os detalhamentos financeiros descritos abaixo incluem somente aportes destinados ao pagamento de bolsas de Inicia\u00e7\u00e3o Cient\u00edfca, n\u00e3o contendo, por exemplo, bolsas de mestrado ou [&hellip;]<\/p>\n","protected":false},"author":101010,"featured_media":0,"parent":0,"menu_order":0,"comment_status":"closed","ping_status":"closed","template":"","meta":{"_uag_custom_page_level_css":"","footnotes":""},"class_list":["post-3246","page","type-page","status-publish","hentry"],"uagb_featured_image_src":{"full":false,"thumbnail":false,"medium":false,"medium_large":false,"large":false,"1536x1536":false,"2048x2048":false},"uagb_author_info":{"display_name":"","author_link":"https:\/\/proppg.unilab.edu.br\/index.php\/author\/"},"uagb_comment_info":0,"uagb_excerpt":"Observa\u00e7\u00e3o 1: Os valores abaixo referem-se aos valores previstos para bolsas nos editais, podendo haver pagamentos de bolsas que n\u00e3o foram concretizados por problemas operacionais ou de documenta\u00e7\u00e3o dos bolsistas.Observa\u00e7\u00e3o 2: Os detalhamentos financeiros descritos abaixo incluem somente aportes destinados ao pagamento de bolsas de Inicia\u00e7\u00e3o Cient\u00edfca, n\u00e3o contendo, por exemplo, bolsas de mestrado ou&hellip;","_links":{"self":[{"href":"https:\/\/proppg.unilab.edu.br\/index.php\/wp-json\/wp\/v2\/pages\/3246","targetHints":{"allow":["GET"]}}],"collection":[{"href":"https:\/\/proppg.unilab.edu.br\/index.php\/wp-json\/wp\/v2\/pages"}],"about":[{"href":"https:\/\/proppg.unilab.edu.br\/index.php\/wp-json\/wp\/v2\/types\/page"}],"author":[{"embeddable":true,"href":"https:\/\/proppg.unilab.edu.br\/index.php\/wp-json\/wp\/v2\/users\/101010"}],"replies":[{"embeddable":true,"href":"https:\/\/proppg.unilab.edu.br\/index.php\/wp-json\/wp\/v2\/comments?post=3246"}],"version-history":[{"count":48,"href":"https:\/\/proppg.unilab.edu.br\/index.php\/wp-json\/wp\/v2\/pages\/3246\/revisions"}],"predecessor-version":[{"id":3376,"href":"https:\/\/proppg.unilab.edu.br\/index.php\/wp-json\/wp\/v2\/pages\/3246\/revisions\/3376"}],"wp:attachment":[{"href":"https:\/\/proppg.unilab.edu.br\/index.php\/wp-json\/wp\/v2\/media?parent=3246"}],"curies":[{"name":"wp","href":"https:\/\/api.w.org\/{rel}","templated":true}]}}