{"id":314,"date":"2016-01-07T16:41:47","date_gmt":"2016-01-07T19:41:47","guid":{"rendered":"http:\/\/proppg.unilab.edu.br\/?page_id=314"},"modified":"2026-04-24T16:42:28","modified_gmt":"2026-04-24T19:42:28","slug":"formularios","status":"publish","type":"page","link":"https:\/\/proppg.unilab.edu.br\/index.php\/formularios\/","title":{"rendered":"Formul\u00e1rios"},"content":{"rendered":"<p style=\"text-align: justify;\">Os formul\u00e1rios disponibilizados nesta p\u00e1gina t\u00eam como objetivo apoiar os procedimentos administrativos relacionados \u00e0s atividades de pesquisa desenvolvidas no \u00e2mbito da Coordena\u00e7\u00e3o de Pesquisa (CPq) da Universidade da Integra\u00e7\u00e3o Internacional da Lusofonia Afro-Brasileira (Unilab).<\/p>\n<p style=\"text-align: justify;\">Aqui est\u00e3o reunidos os formul\u00e1rios e os modelos de documentos utilizados em diferentes etapas da gest\u00e3o da pesquisa, incluindo indica\u00e7\u00e3o de bolsistas, envio de relat\u00f3rios e frequ\u00eancias por bolsistas do Ensino M\u00e9dio, solicita\u00e7\u00f5es administrativas e modelos de declara\u00e7\u00f5es.<\/p>\n<p style=\"text-align: justify;\">Os documentos est\u00e3o organizados por categoria para facilitar a consulta.<\/p>\n<p>&nbsp;<\/p>\n<p>&nbsp;<\/p>\n<h2>Formul\u00e1rios de projeto (Pibic e Fluxo Cont\u00ednuo)<\/h2>\n<p><a href=\"https:\/\/sistemasproppg.unilab.edu.br\/formulario\/cancelamento-projeto\/\">Formul\u00e1rio de cancelamento de projeto<\/a><\/p>\n<p><a href=\"https:\/\/proppg.unilab.edu.br\/wp-content\/uploads\/2016\/01\/Formulario-de-credenciamento-das-escolas.doc\">Formul\u00e1rio de credenciamento das escolas<\/a> (Pibic CNPq-ICJ)<\/p>\n<p><a href=\"https:\/\/sistemasproppg.unilab.edu.br\/formulario\/plano-de-trabalho\/\">Plano de trabalho<\/a>\u00a0 &#8211;\u00a0 Aten\u00e7\u00e3o: Este formul\u00e1rio gera automaticamente um arquivo em PDF com limite m\u00e1ximo de duas p\u00e1ginas. Textos muito extensos podem ultrapassar esse limite e impedir a gera\u00e7\u00e3o do arquivo.<\/p>\n<p><a href=\"https:\/\/sistemasproppg.unilab.edu.br\/formulario\/recursos\/\">Formul\u00e1rio para recurso<\/a><\/p>\n<p><a href=\"https:\/\/docs.google.com\/document\/d\/1ltUuRs8TIFM_PRuws15b6AQjZws2OYiW\/edit\">Modelo de relat\u00f3rio de pesquisa &#8211; Fluxo cont\u00ednuo<\/a><\/p>\n<p>&nbsp;<\/p>\n<h2>Modelos de declara\u00e7\u00e3o (Pibic e Fluxo Cont\u00ednuo)<\/h2>\n<p><a href=\"https:\/\/proppg.unilab.edu.br\/wp-content\/uploads\/2025\/04\/Modelo_Autodeclaracao_Ineditismo_Pesquisas_continuidade.docx\">Modelo de autodeclara\u00e7\u00e3o &#8211; Para propostas que sejam continua\u00e7\u00e3o de outra(s) pesquisa(s) j\u00e1 executada(s) ou em execu\u00e7\u00e3o na Coordena\u00e7\u00e3o de Pesquisa, em n\u00edvel de Pibic ou Fluxo Cont\u00ednuo<\/a><\/p>\n<p><a href=\"https:\/\/docs.google.com\/document\/d\/1EKHf6EcubOAGS-du8f-UBKDjwSyNtKxGBs0xb16opKQ\/edit?tab=t.0\">Modelo de Declara\u00e7\u00e3o Negativa de Nepotismo<\/a><\/p>\n<p>&nbsp;<\/p>\n<h2>Formul\u00e1rios do bolsista\u00a0(Pibic e Fluxo Cont\u00ednuo)<\/h2>\n<p><a href=\"https:\/\/sistemasproppg.unilab.edu.br\/formulario\/inscricao-bolsista\/\">Formul\u00e1rio de Inscri\u00e7\u00e3o de Bolsista\/Volunt\u00e1rio<\/a><\/p>\n<p>Ap\u00f3s o preenchimento, o formul\u00e1rio de Inscri\u00e7\u00e3o do bolsista\/volunt\u00e1rio ir\u00e1 gerar os seguintes documentos:<\/p>\n<ul>\n<li>Formul\u00e1rio de Indica\u00e7\u00e3o do Bolsista\/volunt\u00e1rio;<\/li>\n<li>Declara\u00e7\u00e3o de n\u00e3o-acumula\u00e7\u00e3o de Bolsas e n\u00e3o exerc\u00edcio de atividade remunerada;<\/li>\n<li>Declara\u00e7\u00e3o de disponibilidade de carga-hor\u00e1ria;<\/li>\n<li>Termo de compromisso do Bolsista\/volunt\u00e1rio.<\/li>\n<\/ul>\n<p><a href=\"https:\/\/sistemasproppg.unilab.edu.br\/formulario\/cancelamento-bolsa\/\">Formul\u00e1rio de desligamento\u00a0do Bolsista\/Volunt\u00e1rio<\/a><\/p>\n<p>Os formul\u00e1rios abaixo (frequ\u00eancia e relat\u00f3rios) destinam-se exclusivamente a bolsistas do PIBIC-ICJ (Ensino M\u00e9dio) e a estudantes volunt\u00e1rios vinculados a projetos de pesquisa em fluxo cont\u00ednuo. Os <strong>bolsistas de gradua\u00e7\u00e3o dos programas PIBIC e PIBITI devem realizar o envio de frequ\u00eancia e relat\u00f3rios exclusivamente por meio do SIGAA<\/strong>, conforme os procedimentos estabelecidos pelos editais vigentes.<\/p>\n<p><a href=\"https:\/\/sistemasproppg.unilab.edu.br\/formulario\/frequencia-mensal\/\">Frequ\u00eancia Mensal do Bolsista Pibic-ICJ\u00a0 e Volunt\u00e1rio de Fluxo Cont\u00ednuo<\/a><\/p>\n<p><a href=\"https:\/\/sistemasproppg.unilab.edu.br\/formulario\/relatorio-parcial-IC\/\">Relat\u00f3rio Parcial de Inicia\u00e7\u00e3o Cient\u00edfica do Bolsista Pibic-ICJ (Ensino M\u00e9dio) e Volunt\u00e1rio de Fluxo Cont\u00ednuo<\/a><\/p>\n<p><a href=\"https:\/\/sistemasproppg.unilab.edu.br\/formulario\/relatorio-final-IC\/\">Relat\u00f3rio Final de Inicia\u00e7\u00e3o Cient\u00edfica do Bolsista Pibic-ICJ\u00a0 (Ensino M\u00e9dio) e Volunt\u00e1rio de Fluxo Cont\u00ednuo<\/a><\/p>\n<p>&nbsp;<\/p>\n<h1>Sistema de Declara\u00e7\u00f5es de Pesquisa<\/h1>\n<p style=\"text-align: justify;\" data-start=\"718\" data-end=\"918\">O Sistema de Declara\u00e7\u00f5es de Pesquisa permite a emiss\u00e3o de declara\u00e7\u00f5es de participa\u00e7\u00e3o em projetos de pesquisa da Unilab para discentes e docentes vinculados a projetos de pesquisa cadastradas no \u00e2mbito da CPq.<\/p>\n<p style=\"text-align: justify;\" data-start=\"920\" data-end=\"984\">O acesso ao sistema \u00e9 realizado com as <strong data-start=\"959\" data-end=\"983\">credenciais do SIGAA<\/strong>.<\/p>\n<p style=\"text-align: justify;\" data-start=\"986\" data-end=\"1005\">\u21d2 <a href=\"https:\/\/sistemasproppg.unilab.edu.br\/sistemas\/declaracoes\/\">Acessar o sistema<\/a><\/p>\n<p style=\"text-align: justify;\" data-start=\"578\" data-end=\"603\"><strong data-start=\"578\" data-end=\"603\">Declara\u00e7\u00e3o atualizada<\/strong><\/p>\n<p style=\"text-align: justify;\" data-start=\"605\" data-end=\"759\">No sistema de declara\u00e7\u00f5es da PROPPG, \u00e9 poss\u00edvel tanto baixar uma declara\u00e7\u00e3o j\u00e1 gerada anteriormente quanto emitir uma nova vers\u00e3o atualizada do documento.<\/p>\n<p style=\"text-align: justify;\" data-start=\"761\" data-end=\"942\">Para gerar uma declara\u00e7\u00e3o atualizada, acesse o sistema e clique na op\u00e7\u00e3o <strong data-start=\"834\" data-end=\"868\">\u201cGerar novamente a declara\u00e7\u00e3o\u201d<\/strong>. Ap\u00f3s a atualiza\u00e7\u00e3o, ser\u00e1 poss\u00edvel realizar o download do novo documento.<\/p>\n<p style=\"text-align: justify;\" data-start=\"1007\" data-end=\"1080\">Em caso de d\u00favidas, entre em contato pelo email pibic@unilab.edu.br.<\/p>\n","protected":false},"excerpt":{"rendered":"<p>Os formul\u00e1rios disponibilizados nesta p\u00e1gina t\u00eam como objetivo apoiar os procedimentos administrativos relacionados \u00e0s atividades de pesquisa desenvolvidas no \u00e2mbito da Coordena\u00e7\u00e3o de Pesquisa (CPq) da Universidade da Integra\u00e7\u00e3o Internacional da Lusofonia Afro-Brasileira (Unilab). Aqui est\u00e3o reunidos os formul\u00e1rios e os modelos de documentos utilizados em diferentes etapas da gest\u00e3o da pesquisa, incluindo indica\u00e7\u00e3o de [&hellip;]<\/p>\n","protected":false},"author":2,"featured_media":0,"parent":0,"menu_order":0,"comment_status":"closed","ping_status":"closed","template":"","meta":{"_uag_custom_page_level_css":"","footnotes":""},"class_list":["post-314","page","type-page","status-publish","hentry"],"uagb_featured_image_src":{"full":false,"thumbnail":false,"medium":false,"medium_large":false,"large":false,"1536x1536":false,"2048x2048":false},"uagb_author_info":{"display_name":"PROPPG UNILAB","author_link":"https:\/\/proppg.unilab.edu.br\/index.php\/author\/proppg\/"},"uagb_comment_info":0,"uagb_excerpt":"Os formul\u00e1rios disponibilizados nesta p\u00e1gina t\u00eam como objetivo apoiar os procedimentos administrativos relacionados \u00e0s atividades de pesquisa desenvolvidas no \u00e2mbito da Coordena\u00e7\u00e3o de Pesquisa (CPq) da Universidade da Integra\u00e7\u00e3o Internacional da Lusofonia Afro-Brasileira (Unilab). Aqui est\u00e3o reunidos os formul\u00e1rios e os modelos de documentos utilizados em diferentes etapas da gest\u00e3o da pesquisa, incluindo indica\u00e7\u00e3o de&hellip;","_links":{"self":[{"href":"https:\/\/proppg.unilab.edu.br\/index.php\/wp-json\/wp\/v2\/pages\/314","targetHints":{"allow":["GET"]}}],"collection":[{"href":"https:\/\/proppg.unilab.edu.br\/index.php\/wp-json\/wp\/v2\/pages"}],"about":[{"href":"https:\/\/proppg.unilab.edu.br\/index.php\/wp-json\/wp\/v2\/types\/page"}],"author":[{"embeddable":true,"href":"https:\/\/proppg.unilab.edu.br\/index.php\/wp-json\/wp\/v2\/users\/2"}],"replies":[{"embeddable":true,"href":"https:\/\/proppg.unilab.edu.br\/index.php\/wp-json\/wp\/v2\/comments?post=314"}],"version-history":[{"count":106,"href":"https:\/\/proppg.unilab.edu.br\/index.php\/wp-json\/wp\/v2\/pages\/314\/revisions"}],"predecessor-version":[{"id":8432,"href":"https:\/\/proppg.unilab.edu.br\/index.php\/wp-json\/wp\/v2\/pages\/314\/revisions\/8432"}],"wp:attachment":[{"href":"https:\/\/proppg.unilab.edu.br\/index.php\/wp-json\/wp\/v2\/media?parent=314"}],"curies":[{"name":"wp","href":"https:\/\/api.w.org\/{rel}","templated":true}]}}