{"id":3103,"date":"2021-08-25T13:58:48","date_gmt":"2021-08-25T16:58:48","guid":{"rendered":"http:\/\/proppg.unilab.edu.br\/?page_id=3103"},"modified":"2022-06-01T15:49:40","modified_gmt":"2022-06-01T18:49:40","slug":"bases-de-conhecimento-sei","status":"publish","type":"page","link":"https:\/\/proppg.unilab.edu.br\/index.php\/bases-de-conhecimento-sei\/","title":{"rendered":"Bases de Conhecimento Sei"},"content":{"rendered":"\r\n<p><img loading=\"lazy\" decoding=\"async\" class=\"size-medium wp-image-3104 aligncenter\" src=\"https:\/\/proppg.unilab.edu.br\/wp-content\/uploads\/2021\/08\/star-231x165.png\" alt=\"\" width=\"231\" height=\"165\" srcset=\"https:\/\/proppg.unilab.edu.br\/wp-content\/uploads\/2021\/08\/star-231x165.png 231w, https:\/\/proppg.unilab.edu.br\/wp-content\/uploads\/2021\/08\/star-1024x731.png 1024w, https:\/\/proppg.unilab.edu.br\/wp-content\/uploads\/2021\/08\/star-1536x1097.png 1536w, https:\/\/proppg.unilab.edu.br\/wp-content\/uploads\/2021\/08\/star-2048x1463.png 2048w\" sizes=\"auto, (max-width: 231px) 100vw, 231px\" \/><\/p>\r\n<p>A base de conhecimento \u00e9 o local onde se encontra o manual passo a passo do tipo de processo que voc\u00ea est\u00e1 utilizando. Nem todos os tipos de processos que est\u00e3o no SEI s\u00e3o associados a uma base de conhecimento, pois ela pode ainda n\u00e3o ter sido criada, mas \u00e9 recomendado que todo o processo no SEI tenha sua base de conhecimento, assim, o usu\u00e1rio saber\u00e1 detalhes de como e o que \u00e9 necess\u00e1rio para tramita\u00e7\u00e3o de um processo no SEI.<\/p>\r\n<p>&nbsp;<\/p>\r\n<h3>Base de Conhecimento da <a href=\"https:\/\/proppg.unilab.edu.br\/forms\/paineis\/bases_de_conhecimento_sei\/\" target=\"_blank\" rel=\"noopener\">CPq<\/a><\/h3>\r\n<h3>Base de Conhecimento da CPG (Em fase de cria\u00e7\u00e3o)<\/h3>\r\n","protected":false},"excerpt":{"rendered":"<p>A base de conhecimento \u00e9 o local onde se encontra o manual passo a passo do tipo de processo que voc\u00ea est\u00e1 utilizando. Nem todos os tipos de processos que est\u00e3o no SEI s\u00e3o associados a uma base de conhecimento, pois ela pode ainda n\u00e3o ter sido criada, mas \u00e9 recomendado que todo o processo [&hellip;]<\/p>\n","protected":false},"author":101010,"featured_media":0,"parent":0,"menu_order":0,"comment_status":"closed","ping_status":"closed","template":"","meta":{"_uag_custom_page_level_css":"","footnotes":""},"class_list":["post-3103","page","type-page","status-publish","hentry"],"uagb_featured_image_src":{"full":false,"thumbnail":false,"medium":false,"medium_large":false,"large":false,"1536x1536":false,"2048x2048":false},"uagb_author_info":{"display_name":"","author_link":"https:\/\/proppg.unilab.edu.br\/index.php\/author\/"},"uagb_comment_info":0,"uagb_excerpt":"A base de conhecimento \u00e9 o local onde se encontra o manual passo a passo do tipo de processo que voc\u00ea est\u00e1 utilizando. Nem todos os tipos de processos que est\u00e3o no SEI s\u00e3o associados a uma base de conhecimento, pois ela pode ainda n\u00e3o ter sido criada, mas \u00e9 recomendado que todo o processo&hellip;","_links":{"self":[{"href":"https:\/\/proppg.unilab.edu.br\/index.php\/wp-json\/wp\/v2\/pages\/3103","targetHints":{"allow":["GET"]}}],"collection":[{"href":"https:\/\/proppg.unilab.edu.br\/index.php\/wp-json\/wp\/v2\/pages"}],"about":[{"href":"https:\/\/proppg.unilab.edu.br\/index.php\/wp-json\/wp\/v2\/types\/page"}],"author":[{"embeddable":true,"href":"https:\/\/proppg.unilab.edu.br\/index.php\/wp-json\/wp\/v2\/users\/101010"}],"replies":[{"embeddable":true,"href":"https:\/\/proppg.unilab.edu.br\/index.php\/wp-json\/wp\/v2\/comments?post=3103"}],"version-history":[{"count":5,"href":"https:\/\/proppg.unilab.edu.br\/index.php\/wp-json\/wp\/v2\/pages\/3103\/revisions"}],"predecessor-version":[{"id":4203,"href":"https:\/\/proppg.unilab.edu.br\/index.php\/wp-json\/wp\/v2\/pages\/3103\/revisions\/4203"}],"wp:attachment":[{"href":"https:\/\/proppg.unilab.edu.br\/index.php\/wp-json\/wp\/v2\/media?parent=3103"}],"curies":[{"name":"wp","href":"https:\/\/api.w.org\/{rel}","templated":true}]}}