{"id":2993,"date":"2021-07-06T18:43:34","date_gmt":"2021-07-06T21:43:34","guid":{"rendered":"http:\/\/proppg.unilab.edu.br\/?page_id=2993"},"modified":"2021-09-06T01:03:29","modified_gmt":"2021-09-06T04:03:29","slug":"assistente-virtual","status":"publish","type":"page","link":"https:\/\/proppg.unilab.edu.br\/index.php\/assistente-virtual\/","title":{"rendered":"Assistente virtual da PROPPG"},"content":{"rendered":"\n\n\n<p>O Assistente Virtual da PROPPG (denominado Balinu) Pr\u00f3-Reitoria de Pesquisa e P\u00f3s-Graduac\u00e3o, visa auxiliar os usu\u00e1rios dos servi\u00e7os da PROPPG em quest\u00f5es sobre atividades realizadas em termos de pesquisa, inova\u00e7\u00e3o e p\u00f3s-gradua\u00e7\u00e3o. O assistente virtual ajudar\u00e1 em quest\u00f5es diversas, transversais \u00e0 pesquisa, inova\u00e7\u00e3o e p\u00f3s-gradua\u00e7\u00e3o, fornecendo informa\u00e7\u00f5es visando direcionar o usu\u00e1rio \u00e0 resposta ou p\u00e1gina web que ir\u00e1 instru\u00ed-lo sobre a quest\u00e3o que deseja tratar. Atualmente, o Assistente Virtual da PROPPG est\u00e1 em fase inicial de desenvolvimento, respondendo a perguntas sobre a pesquisa, mas n\u00e3o sobre a inova\u00e7\u00e3o e p\u00f3s-gradua\u00e7\u00e3o. A sua identidade visual est\u00e1 sendo definida a partir de consulta aos alunos e professores pesquisadores da Unilab. Al\u00e9m disso, foi disponibilizado um question\u00e1rio a todos os pesquisadores da Unilab que definiram algumas caracter\u00edsticas ao BALINU. Por meio dessa pesquisa, obtivemos dados importantes que ser\u00e3o de grande aplicabilidade no desenvolvimento de um modelo 3D que implementaremos juntamente ao chat. Veja algumas caracter\u00edsticas que tiveram maiores pontua\u00e7\u00f5es:<br><br><strong>Descend\u00eancia de Balinu:<\/strong><br><br>Africana &#8211; 68,2%<br><br><strong>Altura de Balinu:<\/strong><br><br>M\u00e9dia &#8211; 79%<br><br><strong>Cores padr\u00e3o das vestimentas de Balinu:<\/strong><br><br>Amarelo &#8211; 39,8%<br>Vermelho &#8211; 40,3%<br>Preto &#8211; 42%<br>Branco &#8211; 37,5%<br>Alaranjado &#8211; 30,1%<br><br><strong>Cabelo de Balinu:<br><\/strong><br>Cacheado &#8211; 34,7%<br><br><strong>Balinu deficiente:<\/strong><br><br>Sim &#8211; 50,6%<br><br><strong>Em caso de defici\u00eancia de Balinu:<\/strong><br><br>Cadeirante &#8211; 29,9%<br>Cegueira em um dos olhos &#8211; 41,2%<br><br><strong>Balinu deve possuir tatuagem:<\/strong><br><br>Sim &#8211; 65,3%<br><br><strong>Quais assess\u00f3rios Balinu deve usar:<\/strong><br><br>Brinco &#8211; 45,5%<br>Colar &#8211; 47,2%<br><br><strong>Personalidade: <\/strong><br><br>Gentil &#8211; 72,2%<\/p>\n\n\n\n<div class=\"wp-block-image is-style-rounded\"><figure class=\"aligncenter size-large is-resized\"><img decoding=\"async\" src=\"https:\/\/proppg.unilab.edu.br\/wp-content\/uploads\/2021\/07\/no-gender.png\" alt=\"\" class=\"wp-image-3030\" width=\"-119\" height=\"-95\" srcset=\"https:\/\/proppg.unilab.edu.br\/wp-content\/uploads\/2021\/07\/no-gender.png 442w, https:\/\/proppg.unilab.edu.br\/wp-content\/uploads\/2021\/07\/no-gender-205x165.png 205w\" sizes=\"(max-width: 442px) 100vw, 442px\" \/><\/figure><\/div>\n\n\n\n<p>\u00a0<\/p>\n<p>\u00a0<\/p>\n<p>\u00a0<\/p>\n","protected":false},"excerpt":{"rendered":"<p>O Assistente Virtual da PROPPG (denominado Balinu) Pr\u00f3-Reitoria de Pesquisa e P\u00f3s-Graduac\u00e3o, visa auxiliar os usu\u00e1rios dos servi\u00e7os da PROPPG em quest\u00f5es sobre atividades realizadas em termos de pesquisa, inova\u00e7\u00e3o e p\u00f3s-gradua\u00e7\u00e3o. O assistente virtual ajudar\u00e1 em quest\u00f5es diversas, transversais \u00e0 pesquisa, inova\u00e7\u00e3o e p\u00f3s-gradua\u00e7\u00e3o, fornecendo informa\u00e7\u00f5es visando direcionar o usu\u00e1rio \u00e0 resposta ou p\u00e1gina [&hellip;]<\/p>\n","protected":false},"author":101018,"featured_media":0,"parent":0,"menu_order":0,"comment_status":"closed","ping_status":"closed","template":"","meta":{"_uag_custom_page_level_css":"","footnotes":""},"class_list":["post-2993","page","type-page","status-publish","hentry"],"uagb_featured_image_src":{"full":false,"thumbnail":false,"medium":false,"medium_large":false,"large":false,"1536x1536":false,"2048x2048":false},"uagb_author_info":{"display_name":"Renato Paiva","author_link":"https:\/\/proppg.unilab.edu.br\/index.php\/author\/renato\/"},"uagb_comment_info":0,"uagb_excerpt":"O Assistente Virtual da PROPPG (denominado Balinu) Pr\u00f3-Reitoria de Pesquisa e P\u00f3s-Graduac\u00e3o, visa auxiliar os usu\u00e1rios dos servi\u00e7os da PROPPG em quest\u00f5es sobre atividades realizadas em termos de pesquisa, inova\u00e7\u00e3o e p\u00f3s-gradua\u00e7\u00e3o. O assistente virtual ajudar\u00e1 em quest\u00f5es diversas, transversais \u00e0 pesquisa, inova\u00e7\u00e3o e p\u00f3s-gradua\u00e7\u00e3o, fornecendo informa\u00e7\u00f5es visando direcionar o usu\u00e1rio \u00e0 resposta ou p\u00e1gina&hellip;","_links":{"self":[{"href":"https:\/\/proppg.unilab.edu.br\/index.php\/wp-json\/wp\/v2\/pages\/2993","targetHints":{"allow":["GET"]}}],"collection":[{"href":"https:\/\/proppg.unilab.edu.br\/index.php\/wp-json\/wp\/v2\/pages"}],"about":[{"href":"https:\/\/proppg.unilab.edu.br\/index.php\/wp-json\/wp\/v2\/types\/page"}],"author":[{"embeddable":true,"href":"https:\/\/proppg.unilab.edu.br\/index.php\/wp-json\/wp\/v2\/users\/101018"}],"replies":[{"embeddable":true,"href":"https:\/\/proppg.unilab.edu.br\/index.php\/wp-json\/wp\/v2\/comments?post=2993"}],"version-history":[{"count":18,"href":"https:\/\/proppg.unilab.edu.br\/index.php\/wp-json\/wp\/v2\/pages\/2993\/revisions"}],"predecessor-version":[{"id":3144,"href":"https:\/\/proppg.unilab.edu.br\/index.php\/wp-json\/wp\/v2\/pages\/2993\/revisions\/3144"}],"wp:attachment":[{"href":"https:\/\/proppg.unilab.edu.br\/index.php\/wp-json\/wp\/v2\/media?parent=2993"}],"curies":[{"name":"wp","href":"https:\/\/api.w.org\/{rel}","templated":true}]}}