{"id":2910,"date":"2021-05-20T06:33:24","date_gmt":"2021-05-20T09:33:24","guid":{"rendered":"http:\/\/proppg.unilab.edu.br\/?page_id=2910"},"modified":"2021-10-12T11:44:30","modified_gmt":"2021-10-12T14:44:30","slug":"plagdetect","status":"publish","type":"page","link":"https:\/\/proppg.unilab.edu.br\/index.php\/plagdetect\/","title":{"rendered":"PlagDetect"},"content":{"rendered":"\n<p>PlagDetect \u00e9 um sistema de detec\u00e7\u00e3o de pl\u00e1gio, que, a partir da base de dados dos projetos de pesquisa j\u00e1 submetidos em at\u00e9 tr\u00eas anos anteriores, verifica se projetos submetidos no ciclo atual possuem alto grau de semelhan\u00e7a com algum outro presente na base.<br>O PlagDetect utiliza um modelo de Deep Learning baseado em redes neurais LSTM (do ingl\u00eas Long Short-Term Memory), uma arquitetura de Rede Neural Recorrente (RNN) notadamente eficiente para processar linguagem natural em textos.<\/p>\n\n\n\n<p>Desse modo, salienta-se que o PlagDetec \u00e9 uma ferramenta que objetiva contribuir para padroniza\u00e7\u00e3o \u00e9tica da pesquisa cient\u00edfica desenvolvida em \u00e2mbito institucional.<\/p>\n\n\n\n<figure class=\"wp-block-embed is-type-video is-provider-youtube wp-block-embed-youtube wp-embed-aspect-16-9 wp-has-aspect-ratio\"><div class=\"wp-block-embed__wrapper\">\n<iframe loading=\"lazy\" title=\"Apresenta\u00e7\u00e3o do PlagDetect\" width=\"500\" height=\"281\" src=\"https:\/\/www.youtube.com\/embed\/eS58U4PqfJU?feature=oembed\" frameborder=\"0\" allow=\"accelerometer; autoplay; clipboard-write; encrypted-media; gyroscope; picture-in-picture; web-share\" referrerpolicy=\"strict-origin-when-cross-origin\" allowfullscreen><\/iframe>\n<\/div><\/figure>\n\n\n\n<div class=\"wp-block-buttons is-layout-flex wp-block-buttons-is-layout-flex\">\n<div class=\"wp-block-button\"><a class=\"wp-block-button__link\" href=\"http:\/\/allberson.pythonanywhere.com\/\">Acessar PlagDetect<\/a><\/div>\n<\/div>\n\n\n","protected":false},"excerpt":{"rendered":"<p>PlagDetect \u00e9 um sistema de detec\u00e7\u00e3o de pl\u00e1gio, que, a partir da base de dados dos projetos de pesquisa j\u00e1 submetidos em at\u00e9 tr\u00eas anos anteriores, verifica se projetos submetidos no ciclo atual possuem alto grau de semelhan\u00e7a com algum outro presente na base.O PlagDetect utiliza um modelo de Deep Learning baseado em redes neurais [&hellip;]<\/p>\n","protected":false},"author":101018,"featured_media":0,"parent":0,"menu_order":0,"comment_status":"closed","ping_status":"closed","template":"","meta":{"_uag_custom_page_level_css":"","footnotes":""},"class_list":["post-2910","page","type-page","status-publish","hentry"],"uagb_featured_image_src":{"full":false,"thumbnail":false,"medium":false,"medium_large":false,"large":false,"1536x1536":false,"2048x2048":false},"uagb_author_info":{"display_name":"Renato Paiva","author_link":"https:\/\/proppg.unilab.edu.br\/index.php\/author\/renato\/"},"uagb_comment_info":0,"uagb_excerpt":"PlagDetect \u00e9 um sistema de detec\u00e7\u00e3o de pl\u00e1gio, que, a partir da base de dados dos projetos de pesquisa j\u00e1 submetidos em at\u00e9 tr\u00eas anos anteriores, verifica se projetos submetidos no ciclo atual possuem alto grau de semelhan\u00e7a com algum outro presente na base.O PlagDetect utiliza um modelo de Deep Learning baseado em redes neurais&hellip;","_links":{"self":[{"href":"https:\/\/proppg.unilab.edu.br\/index.php\/wp-json\/wp\/v2\/pages\/2910","targetHints":{"allow":["GET"]}}],"collection":[{"href":"https:\/\/proppg.unilab.edu.br\/index.php\/wp-json\/wp\/v2\/pages"}],"about":[{"href":"https:\/\/proppg.unilab.edu.br\/index.php\/wp-json\/wp\/v2\/types\/page"}],"author":[{"embeddable":true,"href":"https:\/\/proppg.unilab.edu.br\/index.php\/wp-json\/wp\/v2\/users\/101018"}],"replies":[{"embeddable":true,"href":"https:\/\/proppg.unilab.edu.br\/index.php\/wp-json\/wp\/v2\/comments?post=2910"}],"version-history":[{"count":3,"href":"https:\/\/proppg.unilab.edu.br\/index.php\/wp-json\/wp\/v2\/pages\/2910\/revisions"}],"predecessor-version":[{"id":3479,"href":"https:\/\/proppg.unilab.edu.br\/index.php\/wp-json\/wp\/v2\/pages\/2910\/revisions\/3479"}],"wp:attachment":[{"href":"https:\/\/proppg.unilab.edu.br\/index.php\/wp-json\/wp\/v2\/media?parent=2910"}],"curies":[{"name":"wp","href":"https:\/\/api.w.org\/{rel}","templated":true}]}}