{"id":2006,"date":"2018-09-13T15:43:35","date_gmt":"2018-09-13T18:43:35","guid":{"rendered":"http:\/\/proppg.unilab.edu.br\/?page_id=2006"},"modified":"2018-09-13T15:43:35","modified_gmt":"2018-09-13T18:43:35","slug":"proppg-missao","status":"publish","type":"page","link":"https:\/\/proppg.unilab.edu.br\/index.php\/proppg-missao\/","title":{"rendered":"Proppg &#8211; Miss\u00e3o"},"content":{"rendered":"<p>A Pr\u00f3-Reitoria de Pesquisa e P\u00f3s-Gradua\u00e7\u00e3o &#8211; PROPPG tem como miss\u00e3o assessorar a comunidade acad\u00eamica nos assuntos relativos \u00e0 Pesquisa Cient\u00edfica e Tecnol\u00f3gica, propondo, incentivando, coordenando e supervisionando as atividades de Pesquisa e Inova\u00e7\u00e3o Tecnol\u00f3gica na Universidade. Al\u00e9m disso, fornecer suporte ao funcionamento dos cursos de p\u00f3s-gradua\u00e7\u00e3o da Unilab, sejam eles Lato ou Stricto Sensu, sempre em busca de sua consolida\u00e7\u00e3o e expans\u00e3o. Nesse contexto, essa Pr\u00f3-Reitoria tem como refer\u00eancia a qualidade e a relev\u00e2ncia, para bem cumprir o papel de geradora de conhecimentos e de forma\u00e7\u00e3o de recursos humanos, harmonizando os interesses do corpo docente, do t\u00e9cnico administrativo em educa\u00e7\u00e3o e do discente.<\/p>\n","protected":false},"excerpt":{"rendered":"<p>A Pr\u00f3-Reitoria de Pesquisa e P\u00f3s-Gradua\u00e7\u00e3o &#8211; PROPPG tem como miss\u00e3o assessorar a comunidade acad\u00eamica nos assuntos relativos \u00e0 Pesquisa Cient\u00edfica e Tecnol\u00f3gica, propondo, incentivando, coordenando e supervisionando as atividades de Pesquisa e Inova\u00e7\u00e3o Tecnol\u00f3gica na Universidade. Al\u00e9m disso, fornecer suporte ao funcionamento dos cursos de p\u00f3s-gradua\u00e7\u00e3o da Unilab, sejam eles Lato ou Stricto Sensu, [&hellip;]<\/p>\n","protected":false},"author":2,"featured_media":0,"parent":0,"menu_order":0,"comment_status":"closed","ping_status":"closed","template":"","meta":{"_uag_custom_page_level_css":"","footnotes":""},"class_list":["post-2006","page","type-page","status-publish","hentry"],"uagb_featured_image_src":{"full":false,"thumbnail":false,"medium":false,"medium_large":false,"large":false,"1536x1536":false,"2048x2048":false},"uagb_author_info":{"display_name":"PROPPG UNILAB","author_link":"https:\/\/proppg.unilab.edu.br\/index.php\/author\/proppg\/"},"uagb_comment_info":0,"uagb_excerpt":"A Pr\u00f3-Reitoria de Pesquisa e P\u00f3s-Gradua\u00e7\u00e3o &#8211; PROPPG tem como miss\u00e3o assessorar a comunidade acad\u00eamica nos assuntos relativos \u00e0 Pesquisa Cient\u00edfica e Tecnol\u00f3gica, propondo, incentivando, coordenando e supervisionando as atividades de Pesquisa e Inova\u00e7\u00e3o Tecnol\u00f3gica na Universidade. Al\u00e9m disso, fornecer suporte ao funcionamento dos cursos de p\u00f3s-gradua\u00e7\u00e3o da Unilab, sejam eles Lato ou Stricto Sensu,&hellip;","_links":{"self":[{"href":"https:\/\/proppg.unilab.edu.br\/index.php\/wp-json\/wp\/v2\/pages\/2006","targetHints":{"allow":["GET"]}}],"collection":[{"href":"https:\/\/proppg.unilab.edu.br\/index.php\/wp-json\/wp\/v2\/pages"}],"about":[{"href":"https:\/\/proppg.unilab.edu.br\/index.php\/wp-json\/wp\/v2\/types\/page"}],"author":[{"embeddable":true,"href":"https:\/\/proppg.unilab.edu.br\/index.php\/wp-json\/wp\/v2\/users\/2"}],"replies":[{"embeddable":true,"href":"https:\/\/proppg.unilab.edu.br\/index.php\/wp-json\/wp\/v2\/comments?post=2006"}],"version-history":[{"count":1,"href":"https:\/\/proppg.unilab.edu.br\/index.php\/wp-json\/wp\/v2\/pages\/2006\/revisions"}],"predecessor-version":[{"id":2007,"href":"https:\/\/proppg.unilab.edu.br\/index.php\/wp-json\/wp\/v2\/pages\/2006\/revisions\/2007"}],"wp:attachment":[{"href":"https:\/\/proppg.unilab.edu.br\/index.php\/wp-json\/wp\/v2\/media?parent=2006"}],"curies":[{"name":"wp","href":"https:\/\/api.w.org\/{rel}","templated":true}]}}