{"id":1963,"date":"2018-08-21T14:41:29","date_gmt":"2018-08-21T17:41:29","guid":{"rendered":"http:\/\/proppg.unilab.edu.br\/?p=1963"},"modified":"2024-05-23T08:55:07","modified_gmt":"2024-05-23T11:55:07","slug":"comite-externo-de-avaliadores-da-unilab","status":"publish","type":"page","link":"https:\/\/proppg.unilab.edu.br\/index.php\/comite-externo-de-avaliadores-da-unilab\/","title":{"rendered":"Comit\u00ea Externo de Avaliadores da Unilab"},"content":{"rendered":"<p style=\"text-align: justify;\">O Comit\u00ea Externo de Avaliadores, tem o objetivo de avaliar o processo de sele\u00e7\u00e3o dos projetos do Programa Institucional de Bolsas de Inicia\u00e7\u00e3o Cient\u00edfica da Universidade da Integra\u00e7\u00e3o Internacional da Lusofonia Afro-Brasileira, atrav\u00e9s de Editais publicados regularmente por ag\u00eancias de fomento \u00e0 pesquisa.<\/p>\n<!-- \/wp:post-content -->\n\n<!-- wp:html \/-->\n<h5><strong>Portarias de nomea\u00e7\u00e3o de Membros do Comit\u00ea Externo de Avalia\u00e7\u00e3o de Projetos de Pesquisa<\/strong><\/h5>\n<style>\n    .wpdmdt-toolbar {\n        padding: 10px;\n    }\n    .wpdmdt-toolbarb {\n        padding: 5px 10px 10px;\n    }\n    .wpdmdt-toolbar > div {\n        display: inline-block;\n    }\n    table,td,th{\n        border: 0;\n    }\n    #wpdm-all-packages .card{\n        overflow: hidden;\n    }\n    .dataTables_wrapper .table{\n        margin: 0;\n    }\n    #wpdmmydls-0857861deabf11844caa9bac45293745{\n        border-bottom: 1px solid #dddddd;\n        border-top: 1px solid #dddddd;\n        font-size: 10pt;\n        min-width: 100%;\n    }\n    #wpdmmydls-0857861deabf11844caa9bac45293745 .wpdm-download-link img{\n        box-shadow: none !important;\n        max-width: 100%;\n    }\n    .w3eden .pagination{\n        margin: 0 !important;\n    }\n    #wpdmmydls-0857861deabf11844caa9bac45293745 td:not(:first-child){\n        vertical-align: middle !important;\n    }\n    #wpdmmydls-0857861deabf11844caa9bac45293745 td.__dt_col_download_link .btn{\n        display: block;\n        width: 100%;\n    }\n    #wpdmmydls-0857861deabf11844caa9bac45293745 td.__dt_col_download_link,\n    #wpdmmydls-0857861deabf11844caa9bac45293745 th#download_link{\n        max-width: 155px !important;\n        width: 155px;\n\n    }\n    #wpdmmydls-0857861deabf11844caa9bac45293745 th{\n        background-color: rgba(0,0,0,0.04);\n        border-bottom: 1px solid rgba(0,0,0,0.025);\n    }\n    #wpdmmydls-0857861deabf11844caa9bac45293745_length label,\n    #wpdmmydls-0857861deabf11844caa9bac45293745_filter label{\n        font-weight: 400;\n    }\n    #wpdmmydls-0857861deabf11844caa9bac45293745_filter input[type=search]{\n        display: inline-block;\n        width: 200px;\n    }\n    #wpdmmydls-0857861deabf11844caa9bac45293745_length select{\n        display: inline-block;\n        width: 60px;\n    }\n\n    #wpdmmydls-0857861deabf11844caa9bac45293745 .package-title{\n        color:#36597C;\n        font-size: 11pt;\n        font-weight: 700;\n    }\n    #wpdmmydls-0857861deabf11844caa9bac45293745 .small-txt{\n        margin-right: 7px;\n    }\n    #wpdmmydls-0857861deabf11844caa9bac45293745 td{\n        min-width: 150px;\n    }\n\n    #wpdmmydls-0857861deabf11844caa9bac45293745 td.__dt_col_categories{\n        max-width: 300px;\n    }\n\n    #wpdmmydls-0857861deabf11844caa9bac45293745 .small-txt,\n    #wpdmmydls-0857861deabf11844caa9bac45293745 small{\n        font-size: 9pt;\n    }\n    .w3eden .table-striped tbody tr:nth-of-type(2n+1) {\n        background-color: rgba(0,0,0,0.015);\n    }\n    .dataTables_wrapper .dataTables_paginate .paginate_button:active,\n    .dataTables_wrapper .dataTables_paginate .paginate_button:focus,\n    .dataTables_wrapper .dataTables_paginate .paginate_button:hover,\n    .dataTables_wrapper .dataTables_paginate .paginate_button{\n        margin: 0 !important;\n        padding: 0 !important;\n        border: 0 !important;\n        background: transparent !important;\n    }\n\n\n    @media (max-width: 799px) {\n        #wpdmmydls-0857861deabf11844caa9bac45293745 tr {\n            display: block;\n            border: 3px solid rgba(0,0,0,0.3) !important;\n            margin-bottom: 10px !important;\n            position: relative;\n        }\n        #wpdmmydls-0857861deabf11844caa9bac45293745 thead{\n            display: none;\n        }\n        #wpdmmydls-0857861deabf11844caa9bac45293745,\n        #wpdmmydls-0857861deabf11844caa9bac45293745 td:first-child {\n            border: 0 !important;\n        }\n        #wpdmmydls-0857861deabf11844caa9bac45293745 td {\n            display: block;\n        }\n        #wpdmmydls-0857861deabf11844caa9bac45293745 td.__dt_col_download_link {\n            display: block;\n            max-width: 100% !important;\n            width: auto !important;\n\n        }\n    }\n\n\n<\/style>\n<div class=\"w3eden\">\n    <div id=\"wpdm-all-packages\">\n        <table id=\"wpdmmydls-0857861deabf11844caa9bac45293745\" class=\"table table-striped wpdm-all-packages-table\">\n            <thead>\n            <tr>\n                                <th style=\"\"  id=\"title\" class=\"\">T\u00edtulo<\/th>\n                                <th style=\"\"  id=\"publishdate\" class=\"hidden-sm hidden-xs\">Data de Atualiza\u00e7\u00e3o<\/th>\n                                <th style=\"width: 80px !important;max-width: 80px !important;\"  id=\"downloadlink\" class=\"hidden-sm hidden-xs\">Download<\/th>\n                \n            <\/tr>\n            <\/thead>\n            <tbody>\n            \n                    <tr class=\"__dt_row\">\n                                                <td  class=\"__dt_col_0 __dt_col __dt_col_title\" style=\"background-image: url('https:\/\/proppg.unilab.edu.br\/wp-content\/plugins\/download-manager\/assets\/file-type-icons\/pdf.svg');background-size: 36px;background-position: 5px 8px;background-repeat:  no-repeat;padding-left: 52px;line-height: normal;\">\n                            <strong>Portaria 270\/2025 \u2013 Composi\u00e7\u00e3o do Comit\u00ea Externo de Avalia\u00e7\u00e3o de Projetos de Pesquisa<\/strong><br\/><div class=\"hidden-md hidden-lg td-mobile\"><\/div>\n\n                        <\/td>\n                                                <td  data-order=\"1756252800\"  class=\"__dt_col_1 __dt_col __dt_col_publish_date\" >\n                            <span class='__dt_publish_date '>27 de agosto de 2025<\/span>\n\n                        <\/td>\n                                                <td  class=\"__dt_col_2 __dt_col __dt_col_download_link\" >\n                            <a class='wpdm-download-link download-on-click btn btn-primary ' rel='nofollow' href='#' data-downloadurl=\"https:\/\/proppg.unilab.edu.br\/index.php\/download\/portaria-270-2025-composicao-do-comite-externo-de-avaliacao-de-projetos-de-pesquisa\/?wpdmdl=7760&refresh=69de1c19765981776163865\">Download<\/a>\n\n                        <\/td>\n                        \n                    <\/tr>\n                \n                    <tr class=\"__dt_row\">\n                                                <td  class=\"__dt_col_0 __dt_col __dt_col_title\" style=\"background-image: url('https:\/\/proppg.unilab.edu.br\/wp-content\/plugins\/download-manager\/assets\/file-type-icons\/pdf.svg');background-size: 36px;background-position: 5px 8px;background-repeat:  no-repeat;padding-left: 52px;line-height: normal;\">\n                            <strong>Portaria 329\/2022 \u2013 Composi\u00e7\u00e3o do Comit\u00ea Externo de Avalia\u00e7\u00e3o de Projetos de Pesquisa<\/strong><br\/><div class=\"hidden-md hidden-lg td-mobile\"><\/div>\n\n                        <\/td>\n                                                <td  data-order=\"1665014400\"  class=\"__dt_col_1 __dt_col __dt_col_publish_date\" >\n                            <span class='__dt_publish_date '>6 de outubro de 2022<\/span>\n\n                        <\/td>\n                                                <td  class=\"__dt_col_2 __dt_col __dt_col_download_link\" >\n                            <a class='wpdm-download-link download-on-click btn btn-primary ' rel='nofollow' href='#' data-downloadurl=\"https:\/\/proppg.unilab.edu.br\/index.php\/download\/portaria-329-2020-composicao-do-comite-externo-de-avaliacao-de-projetos-de-pesquisa\/?wpdmdl=4519&refresh=69de1c19777d41776163865\">Download<\/a>\n\n                        <\/td>\n                        \n                    <\/tr>\n                \n                    <tr class=\"__dt_row\">\n                                                <td  class=\"__dt_col_0 __dt_col __dt_col_title\" style=\"background-image: url('https:\/\/proppg.unilab.edu.br\/wp-content\/plugins\/download-manager\/assets\/file-type-icons\/pdf.svg');background-size: 36px;background-position: 5px 8px;background-repeat:  no-repeat;padding-left: 52px;line-height: normal;\">\n                            <strong>Portaria 120\/2020 \u2013 Composi\u00e7\u00e3o do Comit\u00ea Externo de Avalia\u00e7\u00e3o de Projetos de Pesquisa<\/strong><br\/><div class=\"hidden-md hidden-lg td-mobile\"><\/div>\n\n                        <\/td>\n                                                <td  data-order=\"1584662400\"  class=\"__dt_col_1 __dt_col __dt_col_publish_date\" >\n                            <span class='__dt_publish_date '>20 de mar\u00e7o de 2020<\/span>\n\n                        <\/td>\n                                                <td  class=\"__dt_col_2 __dt_col __dt_col_download_link\" >\n                            <a class='wpdm-download-link download-on-click btn btn-primary ' rel='nofollow' href='#' data-downloadurl=\"https:\/\/proppg.unilab.edu.br\/index.php\/download\/portaria-120-2020-composicao-do-comite-externo-de-avaliacao-de-projetos-de-pesquisa\/?wpdmdl=4521&refresh=69de1c1978b6f1776163865\">Download<\/a>\n\n                        <\/td>\n                        \n                    <\/tr>\n                \n                    <tr class=\"__dt_row\">\n                                                <td  class=\"__dt_col_0 __dt_col __dt_col_title\" style=\"background-image: url('https:\/\/proppg.unilab.edu.br\/wp-content\/plugins\/download-manager\/assets\/file-type-icons\/pdf.svg');background-size: 36px;background-position: 5px 8px;background-repeat:  no-repeat;padding-left: 52px;line-height: normal;\">\n                            <strong>Portaria 027\/2019 \u2013 Composi\u00e7\u00e3o do Comit\u00ea Externo de Avalia\u00e7\u00e3o de Projetos de Pesquisa<\/strong><br\/><div class=\"hidden-md hidden-lg td-mobile\"><\/div>\n\n                        <\/td>\n                                                <td  data-order=\"1548374400\"  class=\"__dt_col_1 __dt_col __dt_col_publish_date\" >\n                            <span class='__dt_publish_date '>25 de janeiro de 2019<\/span>\n\n                        <\/td>\n                                                <td  class=\"__dt_col_2 __dt_col __dt_col_download_link\" >\n                            <a class='wpdm-download-link download-on-click btn btn-primary ' rel='nofollow' href='#' data-downloadurl=\"https:\/\/proppg.unilab.edu.br\/index.php\/download\/portaria-027-2019-composicao-do-comite-externo-de-avaliacao-de-projetos-de-pesquisa\/?wpdmdl=4520&refresh=69de1c1979d311776163865\">Download<\/a>\n\n                        <\/td>\n                        \n                    <\/tr>\n                                        <\/tbody>\n        <\/table>\n\n        <div class='text-center'><ul class='pagination wpdm-pagination pagination-centered text-center'><\/ul><\/div>\n    <\/div>\n<\/div>\n","protected":false},"excerpt":{"rendered":"<p>O Comit\u00ea Externo de Avaliadores, tem o objetivo de avaliar o processo de sele\u00e7\u00e3o dos projetos do Programa Institucional de Bolsas de Inicia\u00e7\u00e3o Cient\u00edfica da Universidade da Integra\u00e7\u00e3o Internacional da Lusofonia Afro-Brasileira, atrav\u00e9s de Editais publicados regularmente por ag\u00eancias de fomento \u00e0 pesquisa. Portarias de nomea\u00e7\u00e3o de Membros do Comit\u00ea Externo de Avalia\u00e7\u00e3o de Projetos [&hellip;]<\/p>\n","protected":false},"author":2,"featured_media":0,"parent":0,"menu_order":0,"comment_status":"closed","ping_status":"closed","template":"","meta":{"_uag_custom_page_level_css":"","footnotes":""},"class_list":["post-1963","page","type-page","status-publish","hentry"],"uagb_featured_image_src":{"full":false,"thumbnail":false,"medium":false,"medium_large":false,"large":false,"1536x1536":false,"2048x2048":false},"uagb_author_info":{"display_name":"PROPPG UNILAB","author_link":"https:\/\/proppg.unilab.edu.br\/index.php\/author\/proppg\/"},"uagb_comment_info":0,"uagb_excerpt":"O Comit\u00ea Externo de Avaliadores, tem o objetivo de avaliar o processo de sele\u00e7\u00e3o dos projetos do Programa Institucional de Bolsas de Inicia\u00e7\u00e3o Cient\u00edfica da Universidade da Integra\u00e7\u00e3o Internacional da Lusofonia Afro-Brasileira, atrav\u00e9s de Editais publicados regularmente por ag\u00eancias de fomento \u00e0 pesquisa. Portarias de nomea\u00e7\u00e3o de Membros do Comit\u00ea Externo de Avalia\u00e7\u00e3o de Projetos&hellip;","_links":{"self":[{"href":"https:\/\/proppg.unilab.edu.br\/index.php\/wp-json\/wp\/v2\/pages\/1963","targetHints":{"allow":["GET"]}}],"collection":[{"href":"https:\/\/proppg.unilab.edu.br\/index.php\/wp-json\/wp\/v2\/pages"}],"about":[{"href":"https:\/\/proppg.unilab.edu.br\/index.php\/wp-json\/wp\/v2\/types\/page"}],"author":[{"embeddable":true,"href":"https:\/\/proppg.unilab.edu.br\/index.php\/wp-json\/wp\/v2\/users\/2"}],"replies":[{"embeddable":true,"href":"https:\/\/proppg.unilab.edu.br\/index.php\/wp-json\/wp\/v2\/comments?post=1963"}],"version-history":[{"count":21,"href":"https:\/\/proppg.unilab.edu.br\/index.php\/wp-json\/wp\/v2\/pages\/1963\/revisions"}],"predecessor-version":[{"id":7751,"href":"https:\/\/proppg.unilab.edu.br\/index.php\/wp-json\/wp\/v2\/pages\/1963\/revisions\/7751"}],"wp:attachment":[{"href":"https:\/\/proppg.unilab.edu.br\/index.php\/wp-json\/wp\/v2\/media?parent=1963"}],"curies":[{"name":"wp","href":"https:\/\/api.w.org\/{rel}","templated":true}]}}