{"id":1388,"date":"2017-05-10T09:53:54","date_gmt":"2017-05-10T12:53:54","guid":{"rendered":"http:\/\/proppg.unilab.edu.br\/?page_id=1388"},"modified":"2024-05-22T10:40:35","modified_gmt":"2024-05-22T13:40:35","slug":"programa-de-apoio-a-pos-graduacao-proap","status":"publish","type":"page","link":"https:\/\/proppg.unilab.edu.br\/index.php\/programa-de-apoio-a-pos-graduacao-proap\/","title":{"rendered":"Programa de Apoio \u00e0 P\u00f3s-Gradua\u00e7\u00e3o &#8211; PROAP"},"content":{"rendered":"<p><img loading=\"lazy\" decoding=\"async\" class=\"aligncenter size-full wp-image-1404\" src=\"https:\/\/proppg.unilab.edu.br\/wp-content\/uploads\/2017\/05\/proap.png\" alt=\"\" width=\"613\" height=\"273\" srcset=\"https:\/\/proppg.unilab.edu.br\/wp-content\/uploads\/2017\/05\/proap.png 613w, https:\/\/proppg.unilab.edu.br\/wp-content\/uploads\/2017\/05\/proap-355x158.png 355w\" sizes=\"auto, (max-width: 613px) 100vw, 613px\" \/><\/p>\n<p>PROAP \u00e9 o Programa de Apoio \u00e0 P\u00f3s-Gradua\u00e7\u00e3o, que conforme Art1\u00ba do seu Regulamento aprovado atrav\u00e9s da Portaria n\u00ba 156 de 28 de novembro de 2014, destina-se a proporcionar melhores condi\u00e7\u00f5es para a forma\u00e7\u00e3o de recursos humanos e para a produ\u00e7\u00e3o e o aprofundamento do conhecimento nos cursos de p\u00f3s-gradua\u00e7\u00e3o stricto sensu mantidos por institui\u00e7\u00f5es p\u00fablicas, envolvendo:<\/p>\n<ol style=\"list-style-type: upper-roman;\">\n<li>apoio \u00e0s atividades inovadoras dos programas de p\u00f3s-gradua\u00e7\u00e3o (PPGs), voltadas para o seu desenvolvimento acad\u00eamico, visando oferecer forma\u00e7\u00e3o cada vez mais qualificada e diversificada aos estudantes de p\u00f3s-gradua\u00e7\u00e3o e pesquisadores em est\u00e1gio p\u00f3s-doutoral;<\/li>\n<li>utiliza\u00e7\u00e3o dos recursos dispon\u00edveis no custeio das atividades cient\u00edfico- acad\u00eamicas relacionadas \u00e0 titula\u00e7\u00e3o de mestres e doutores e ao est\u00e1gio p\u00f3s-doutoral;<\/li>\n<li>o apoio ao desenvolvimento dos trabalhos de planejamento e de execu\u00e7\u00e3o da pol\u00edtica institucional de p\u00f3s-gradua\u00e7\u00e3o.<\/li>\n<\/ol>\n\n    <script>\n        jQuery(function($){\n\n            var __dt = $('#wpdmmydls-98cf9ce7d906915ff267dbadd06e4e24').dataTable({\n                \"dom\": '<\"wpdmdt-toolbar\"lfrB>t<\"wpdmdt-toolbarb\"ip>',\n                responsive: true,\n                \"order\": [[ 1, \"desc\" ]],\n                \"language\": {\n                    \"lengthMenu\": \" Exibir _MENU_ downloads por p\u00e1gina\",\n                    \"zeroRecords\": \" Nada _START_ para - desculpe\",\n                    \"info\": \" Mostrando _START_ to _END_ of _TOTAL_ downloads\",\n                    \"infoEmpty\": \" N\u00e3o h\u00e1 downloads dispon\u00edveis\",\n                    \"infoFiltered\": \" (filtrado do total de downloads de _MAX_)\",\n                    \"emptyTable\":     \" Sem dados dispon\u00edveis na tabela\",\n                    \"infoPostFix\":    \"\",\n                    \"thousands\":      \",\",\n                    \"loadingRecords\": \"Carregando...\",\n                    \"processing\":     \" Em Processamento...\",\n                    \"search\":         \"Buscar:\",\n                    \"paginate\": {\n                        \"first\":      \"Primeiro\",\n                        \"last\":       \"\u00daltimo\",\n                        \"next\":       \"Pr\u00f3ximo\",\n                        \"previous\":   \"Anterior\"\n                    },\n                    \"aria\": {\n                        \"sortAscending\":  \" :  ative para classificar coluna ascendente\",\n                        \"sortDescending\": \": ative para classificar coluna descendente\"\n                    }\n                },\n                \"iDisplayLength\": 20,\n                \"aLengthMenu\": [[20, 10, 25, 50, -1], [20, 10, 25, 50, \"Tudo\"]]\n            });\n\n                    });\n    <\/script>\n<style>\n    .wpdmdt-toolbar {\n        padding: 10px;\n    }\n    .wpdmdt-toolbarb {\n        padding: 5px 10px 10px;\n    }\n    .wpdmdt-toolbar > div {\n        display: inline-block;\n    }\n    table,td,th{\n        border: 0;\n    }\n    #wpdm-all-packages .card{\n        overflow: hidden;\n    }\n    .dataTables_wrapper .table{\n        margin: 0;\n    }\n    #wpdmmydls-98cf9ce7d906915ff267dbadd06e4e24{\n        border-bottom: 1px solid #dddddd;\n        border-top: 1px solid #dddddd;\n        font-size: 10pt;\n        min-width: 100%;\n    }\n    #wpdmmydls-98cf9ce7d906915ff267dbadd06e4e24 .wpdm-download-link img{\n        box-shadow: none !important;\n        max-width: 100%;\n    }\n    .w3eden .pagination{\n        margin: 0 !important;\n    }\n    #wpdmmydls-98cf9ce7d906915ff267dbadd06e4e24 td:not(:first-child){\n        vertical-align: middle !important;\n    }\n    #wpdmmydls-98cf9ce7d906915ff267dbadd06e4e24 td.__dt_col_download_link .btn{\n        display: block;\n        width: 100%;\n    }\n    #wpdmmydls-98cf9ce7d906915ff267dbadd06e4e24 td.__dt_col_download_link,\n    #wpdmmydls-98cf9ce7d906915ff267dbadd06e4e24 th#download_link{\n        max-width: 155px !important;\n        width: 155px;\n\n    }\n    #wpdmmydls-98cf9ce7d906915ff267dbadd06e4e24 th{\n        background-color: rgba(0,0,0,0.04);\n        border-bottom: 1px solid rgba(0,0,0,0.025);\n    }\n    #wpdmmydls-98cf9ce7d906915ff267dbadd06e4e24_length label,\n    #wpdmmydls-98cf9ce7d906915ff267dbadd06e4e24_filter label{\n        font-weight: 400;\n    }\n    #wpdmmydls-98cf9ce7d906915ff267dbadd06e4e24_filter input[type=search]{\n        display: inline-block;\n        width: 200px;\n    }\n    #wpdmmydls-98cf9ce7d906915ff267dbadd06e4e24_length select{\n        display: inline-block;\n        width: 60px;\n    }\n\n    #wpdmmydls-98cf9ce7d906915ff267dbadd06e4e24 .package-title{\n        color:#36597C;\n        font-size: 11pt;\n        font-weight: 700;\n    }\n    #wpdmmydls-98cf9ce7d906915ff267dbadd06e4e24 .small-txt{\n        margin-right: 7px;\n    }\n    #wpdmmydls-98cf9ce7d906915ff267dbadd06e4e24 td{\n        min-width: 150px;\n    }\n\n    #wpdmmydls-98cf9ce7d906915ff267dbadd06e4e24 td.__dt_col_categories{\n        max-width: 300px;\n    }\n\n    #wpdmmydls-98cf9ce7d906915ff267dbadd06e4e24 .small-txt,\n    #wpdmmydls-98cf9ce7d906915ff267dbadd06e4e24 small{\n        font-size: 9pt;\n    }\n    .w3eden .table-striped tbody tr:nth-of-type(2n+1) {\n        background-color: rgba(0,0,0,0.015);\n    }\n    .dataTables_wrapper .dataTables_paginate .paginate_button:active,\n    .dataTables_wrapper .dataTables_paginate .paginate_button:focus,\n    .dataTables_wrapper .dataTables_paginate .paginate_button:hover,\n    .dataTables_wrapper .dataTables_paginate .paginate_button{\n        margin: 0 !important;\n        padding: 0 !important;\n        border: 0 !important;\n        background: transparent !important;\n    }\n\n\n    @media (max-width: 799px) {\n        #wpdmmydls-98cf9ce7d906915ff267dbadd06e4e24 tr {\n            display: block;\n            border: 3px solid rgba(0,0,0,0.3) !important;\n            margin-bottom: 10px !important;\n            position: relative;\n        }\n        #wpdmmydls-98cf9ce7d906915ff267dbadd06e4e24 thead{\n            display: none;\n        }\n        #wpdmmydls-98cf9ce7d906915ff267dbadd06e4e24,\n        #wpdmmydls-98cf9ce7d906915ff267dbadd06e4e24 td:first-child {\n            border: 0 !important;\n        }\n        #wpdmmydls-98cf9ce7d906915ff267dbadd06e4e24 td {\n            display: block;\n        }\n        #wpdmmydls-98cf9ce7d906915ff267dbadd06e4e24 td.__dt_col_download_link {\n            display: block;\n            max-width: 100% !important;\n            width: auto !important;\n\n        }\n    }\n\n\n<\/style>\n<div class=\"w3eden\">\n    <div id=\"wpdm-all-packages\">\n        <table id=\"wpdmmydls-98cf9ce7d906915ff267dbadd06e4e24\" class=\"table table-striped wpdm-all-packages-table\">\n            <thead>\n            <tr>\n                                <th style=\"\"  id=\"title\" class=\"\">Documento<\/th>\n                                <th style=\"\"  id=\"publishdate\" class=\"hidden-sm hidden-xs\">Publica\u00e7\u00e3o<\/th>\n                                <th style=\"width: 80px !important;max-width: 80px !important;\"  id=\"downloadlink\" class=\"hidden-sm hidden-xs\">Download<\/th>\n                \n            <\/tr>\n            <\/thead>\n            <tbody>\n            \n                    <tr class=\"__dt_row\">\n                                                <td  class=\"__dt_col_0 __dt_col __dt_col_title\" style=\"background-image: url('https:\/\/proppg.unilab.edu.br\/wp-content\/plugins\/download-manager\/assets\/file-type-icons\/pdf.svg');background-size: 36px;background-position: 5px 8px;background-repeat:  no-repeat;padding-left: 52px;line-height: normal;\">\n                            <strong>Manual de orienta\u00e7\u00e3o para uso do PROAP Unilab<\/strong><br\/><div class=\"hidden-md hidden-lg td-mobile\"><\/div>\n\n                        <\/td>\n                                                <td  data-order=\"1695859200\"  class=\"__dt_col_1 __dt_col __dt_col_publish_date\" >\n                            <span class='__dt_publish_date '>28 de setembro de 2023<\/span>\n\n                        <\/td>\n                                                <td  class=\"__dt_col_2 __dt_col __dt_col_download_link\" >\n                            <a class='wpdm-download-link download-on-click btn btn-primary ' rel='nofollow' href='#' data-downloadurl=\"https:\/\/proppg.unilab.edu.br\/index.php\/download\/manual-de-orientacao-para-uso-do-proap-unilab\/?wpdmdl=1832&refresh=6a04d4862f83f1778701446\">Download<\/a>\n\n                        <\/td>\n                        \n                    <\/tr>\n                \n                    <tr class=\"__dt_row\">\n                                                <td  class=\"__dt_col_0 __dt_col __dt_col_title\" style=\"background-image: url('https:\/\/proppg.unilab.edu.br\/wp-content\/plugins\/download-manager\/assets\/file-type-icons\/pdf.svg');background-size: 36px;background-position: 5px 8px;background-repeat:  no-repeat;padding-left: 52px;line-height: normal;\">\n                            <strong>Aux\u00edlio financeiro di\u00e1rio &#8211; Portaria 132\/2016-Capes<\/strong><br\/><div class=\"hidden-md hidden-lg td-mobile\"><\/div>\n\n                        <\/td>\n                                                <td  data-order=\"1494374400\"  class=\"__dt_col_1 __dt_col __dt_col_publish_date\" >\n                            <span class='__dt_publish_date '>10 de maio de 2017<\/span>\n\n                        <\/td>\n                                                <td  class=\"__dt_col_2 __dt_col __dt_col_download_link\" >\n                            <a class='wpdm-download-link download-on-click btn btn-primary ' rel='nofollow' href='#' data-downloadurl=\"https:\/\/proppg.unilab.edu.br\/index.php\/download\/auxilio-financeiro-diario-portaria-1322016-capes\/?wpdmdl=1395&refresh=6a04d486331b71778701446\">Download<\/a>\n\n                        <\/td>\n                        \n                    <\/tr>\n                \n                    <tr class=\"__dt_row\">\n                                                <td  class=\"__dt_col_0 __dt_col __dt_col_title\" style=\"background-image: url('https:\/\/proppg.unilab.edu.br\/wp-content\/plugins\/download-manager\/assets\/file-type-icons\/pdf.svg');background-size: 36px;background-position: 5px 8px;background-repeat:  no-repeat;padding-left: 52px;line-height: normal;\">\n                            <strong>Regulamento CAPES do PROAP 2014<\/strong><br\/><div class=\"hidden-md hidden-lg td-mobile\"><\/div>\n\n                        <\/td>\n                                                <td  data-order=\"1494374400\"  class=\"__dt_col_1 __dt_col __dt_col_publish_date\" >\n                            <span class='__dt_publish_date '>10 de maio de 2017<\/span>\n\n                        <\/td>\n                                                <td  class=\"__dt_col_2 __dt_col __dt_col_download_link\" >\n                            <a class='wpdm-download-link download-on-click btn btn-primary ' rel='nofollow' href='#' data-downloadurl=\"https:\/\/proppg.unilab.edu.br\/index.php\/download\/regulamento-do-proap-2014\/?wpdmdl=1394&refresh=6a04d486368211778701446\">Download<\/a>\n\n                        <\/td>\n                        \n                    <\/tr>\n                                        <\/tbody>\n        <\/table>\n\n        <div class='text-center'><ul class='pagination wpdm-pagination pagination-centered text-center'><\/ul><\/div>\n    <\/div>\n<\/div>\n\n<hr \/>\n<h4><strong>Links importantes:<\/strong><\/h4>\n<p><a href=\"https:\/\/unilab.edu.br\/licitacoes\/\" target=\"_blank\" rel=\"noopener\">Licita\u00e7\u00f5es &#8211; UNILAB<\/a><\/p>\n<p><a href=\"https:\/\/proppg.unilab.edu.br\/wp-content\/uploads\/2021\/08\/PORTARIA-N-132-DE-18-DE-AGOSTO-DE-2016-Auxilio-Diario.pdf\" target=\"_blank\" rel=\"noopener\">Portaria Capes n\u00ba 132 &#8211; Aux\u00edlio Di\u00e1rio para viagens no pa\u00eds<\/a><\/p>\n<p><a href=\"https:\/\/proppg.unilab.edu.br\/wp-content\/uploads\/2021\/08\/MCASP-8-ed-publicacao_com-capa_3vs_.pdf\" target=\"_blank\" rel=\"noopener\">Manual de Contabilidade Aplicado ao Setor P\u00fablico<\/a><\/p>\n<p><a href=\"https:\/\/proppg.unilab.edu.br\/wp-content\/uploads\/2021\/08\/MCASP-8-ed-publicacao_com-capa_3vs_.pdf\" target=\"_blank\" rel=\"noopener\">Normas e procedimentos para afastamento internacional<\/a><\/p>\n","protected":false},"excerpt":{"rendered":"<p>PROAP \u00e9 o Programa de Apoio \u00e0 P\u00f3s-Gradua\u00e7\u00e3o, que conforme Art1\u00ba do seu Regulamento aprovado atrav\u00e9s da Portaria n\u00ba 156 de 28 de novembro de 2014, destina-se a proporcionar melhores condi\u00e7\u00f5es para a forma\u00e7\u00e3o de recursos humanos e para a produ\u00e7\u00e3o e o aprofundamento do conhecimento nos cursos de p\u00f3s-gradua\u00e7\u00e3o stricto sensu mantidos por institui\u00e7\u00f5es [&hellip;]<\/p>\n","protected":false},"author":2,"featured_media":0,"parent":0,"menu_order":0,"comment_status":"closed","ping_status":"closed","template":"","meta":{"_uag_custom_page_level_css":"","footnotes":""},"class_list":["post-1388","page","type-page","status-publish","hentry"],"uagb_featured_image_src":{"full":false,"thumbnail":false,"medium":false,"medium_large":false,"large":false,"1536x1536":false,"2048x2048":false},"uagb_author_info":{"display_name":"PROPPG UNILAB","author_link":"https:\/\/proppg.unilab.edu.br\/index.php\/author\/proppg\/"},"uagb_comment_info":0,"uagb_excerpt":"PROAP \u00e9 o Programa de Apoio \u00e0 P\u00f3s-Gradua\u00e7\u00e3o, que conforme Art1\u00ba do seu Regulamento aprovado atrav\u00e9s da Portaria n\u00ba 156 de 28 de novembro de 2014, destina-se a proporcionar melhores condi\u00e7\u00f5es para a forma\u00e7\u00e3o de recursos humanos e para a produ\u00e7\u00e3o e o aprofundamento do conhecimento nos cursos de p\u00f3s-gradua\u00e7\u00e3o stricto sensu mantidos por institui\u00e7\u00f5es&hellip;","_links":{"self":[{"href":"https:\/\/proppg.unilab.edu.br\/index.php\/wp-json\/wp\/v2\/pages\/1388","targetHints":{"allow":["GET"]}}],"collection":[{"href":"https:\/\/proppg.unilab.edu.br\/index.php\/wp-json\/wp\/v2\/pages"}],"about":[{"href":"https:\/\/proppg.unilab.edu.br\/index.php\/wp-json\/wp\/v2\/types\/page"}],"author":[{"embeddable":true,"href":"https:\/\/proppg.unilab.edu.br\/index.php\/wp-json\/wp\/v2\/users\/2"}],"replies":[{"embeddable":true,"href":"https:\/\/proppg.unilab.edu.br\/index.php\/wp-json\/wp\/v2\/comments?post=1388"}],"version-history":[{"count":46,"href":"https:\/\/proppg.unilab.edu.br\/index.php\/wp-json\/wp\/v2\/pages\/1388\/revisions"}],"predecessor-version":[{"id":6169,"href":"https:\/\/proppg.unilab.edu.br\/index.php\/wp-json\/wp\/v2\/pages\/1388\/revisions\/6169"}],"wp:attachment":[{"href":"https:\/\/proppg.unilab.edu.br\/index.php\/wp-json\/wp\/v2\/media?parent=1388"}],"curies":[{"name":"wp","href":"https:\/\/api.w.org\/{rel}","templated":true}]}}