{"id":1256,"date":"2017-03-22T10:01:41","date_gmt":"2017-03-22T13:01:41","guid":{"rendered":"http:\/\/proppg.unilab.edu.br\/?page_id=1256"},"modified":"2025-09-11T14:46:15","modified_gmt":"2025-09-11T17:46:15","slug":"projetos-de-pesquisa","status":"publish","type":"page","link":"https:\/\/proppg.unilab.edu.br\/index.php\/projetos-de-pesquisa\/","title":{"rendered":"Projetos de Pesquisa"},"content":{"rendered":"<h5><strong>Rela\u00e7\u00e3o de projetos e bolsistas cadastrados<\/strong><\/h5>\n<p>Para acessar as informa\u00e7\u00f5es, siga os passos:<\/p>\n<ol>\n<li>Acesse o <a href=\"https:\/\/app.powerbi.com\/view?r=eyJrIjoiOGI3NTZkN2EtYmQ3Yy00YTcxLWFiYjAtYjk5MWM2YTk1YzJlIiwidCI6IjkwMjlkZGNlLWFmMTItNDJiZS04MDM3LTU4MzEzZTRkYzVkMSJ9\" target=\"_blank\" rel=\"noopener\">Power BI com as informa\u00e7\u00f5es<\/a>;<\/li>\n<li>Realize a consulta das informa\u00e7\u00f5es navegando pelas abas &#8220;Projetos&#8221;, &#8220;Bolsas&#8221; e &#8220;Grupos&#8221;.<\/li>\n<\/ol>\n<hr \/>\n<h5>Lista de Bolsistas e Volunt\u00e1rios<\/h5>\n\n<!-- iframe plugin v.5.2 wordpress.org\/plugins\/iframe\/ -->\n<iframe loading=\"lazy\" src=\"https:\/\/sistemasproppg.unilab.edu.br\/listagem-bolsistas\/\" width=\"100%\" height=\"500\" scrolling=\"yes\" class=\"iframe-class\" frameborder=\"0\"><\/iframe>\n\n<hr \/>\n<h5>Lista de Bolsistas e Volunt\u00e1rios<\/h5>\n\n<!-- iframe plugin v.5.2 wordpress.org\/plugins\/iframe\/ -->\n<iframe loading=\"lazy\" src=\"https:\/\/sistemasproppg.unilab.edu.br\/listagem-projetos\/\" width=\"100%\" height=\"500\" scrolling=\"yes\" class=\"iframe-class\" frameborder=\"0\"><\/iframe>\n\n<hr \/>\n<h5>Lista dos Projetos de Pesquisa<\/h5>\n\n<!-- iframe plugin v.5.2 wordpress.org\/plugins\/iframe\/ -->\n<iframe loading=\"lazy\" src=\"https:\/\/sistemasproppg.unilab.edu.br\/listagem-projetos\/\" width=\"100%\" height=\"500\" scrolling=\"yes\" class=\"iframe-class\" frameborder=\"0\"><\/iframe>\n\n","protected":false},"excerpt":{"rendered":"<p>Rela\u00e7\u00e3o de projetos e bolsistas cadastrados Para acessar as informa\u00e7\u00f5es, siga os passos: Acesse o Power BI com as informa\u00e7\u00f5es; Realize a consulta das informa\u00e7\u00f5es navegando pelas abas &#8220;Projetos&#8221;, &#8220;Bolsas&#8221; e &#8220;Grupos&#8221;. Lista de Bolsistas e Volunt\u00e1rios Lista de Bolsistas e Volunt\u00e1rios Lista dos Projetos de Pesquisa<\/p>\n","protected":false},"author":2,"featured_media":0,"parent":0,"menu_order":0,"comment_status":"closed","ping_status":"closed","template":"","meta":{"_uag_custom_page_level_css":"","footnotes":""},"class_list":["post-1256","page","type-page","status-publish","hentry"],"uagb_featured_image_src":{"full":false,"thumbnail":false,"medium":false,"medium_large":false,"large":false,"1536x1536":false,"2048x2048":false},"uagb_author_info":{"display_name":"PROPPG UNILAB","author_link":"https:\/\/proppg.unilab.edu.br\/index.php\/author\/proppg\/"},"uagb_comment_info":0,"uagb_excerpt":"Rela\u00e7\u00e3o de projetos e bolsistas cadastrados Para acessar as informa\u00e7\u00f5es, siga os passos: Acesse o Power BI com as informa\u00e7\u00f5es; Realize a consulta das informa\u00e7\u00f5es navegando pelas abas &#8220;Projetos&#8221;, &#8220;Bolsas&#8221; e &#8220;Grupos&#8221;. Lista de Bolsistas e Volunt\u00e1rios Lista de Bolsistas e Volunt\u00e1rios Lista dos Projetos de Pesquisa","_links":{"self":[{"href":"https:\/\/proppg.unilab.edu.br\/index.php\/wp-json\/wp\/v2\/pages\/1256","targetHints":{"allow":["GET"]}}],"collection":[{"href":"https:\/\/proppg.unilab.edu.br\/index.php\/wp-json\/wp\/v2\/pages"}],"about":[{"href":"https:\/\/proppg.unilab.edu.br\/index.php\/wp-json\/wp\/v2\/types\/page"}],"author":[{"embeddable":true,"href":"https:\/\/proppg.unilab.edu.br\/index.php\/wp-json\/wp\/v2\/users\/2"}],"replies":[{"embeddable":true,"href":"https:\/\/proppg.unilab.edu.br\/index.php\/wp-json\/wp\/v2\/comments?post=1256"}],"version-history":[{"count":22,"href":"https:\/\/proppg.unilab.edu.br\/index.php\/wp-json\/wp\/v2\/pages\/1256\/revisions"}],"predecessor-version":[{"id":7810,"href":"https:\/\/proppg.unilab.edu.br\/index.php\/wp-json\/wp\/v2\/pages\/1256\/revisions\/7810"}],"wp:attachment":[{"href":"https:\/\/proppg.unilab.edu.br\/index.php\/wp-json\/wp\/v2\/media?parent=1256"}],"curies":[{"name":"wp","href":"https:\/\/api.w.org\/{rel}","templated":true}]}}